{"id":25526,"date":"2021-11-26T09:41:38","date_gmt":"2021-11-26T09:41:38","guid":{"rendered":"https:\/\/armenocaffe.krescendo.it\/contatti\/"},"modified":"2025-03-17T11:25:42","modified_gmt":"2025-03-17T11:25:42","slug":"kontakte","status":"publish","type":"page","link":"https:\/\/armenocaffe.it\/de\/kontakte\/","title":{"rendered":"Kontakte"},"content":{"rendered":"\t\t<div data-elementor-type=\"wp-page\" data-elementor-id=\"25526\" class=\"elementor elementor-25526 elementor-338\" data-elementor-post-type=\"page\">\n\t\t\t\t\t\t<section class=\"elementor-section elementor-top-section elementor-element elementor-element-4afd8a8 elementor-section-full_width elementor-section-gap-beside-yes elementor-section-height-default elementor-section-height-default elementor-section-column-vertical-align-stretch\" data-id=\"4afd8a8\" data-element_type=\"section\" data-settings=\"{&quot;background_background&quot;:&quot;gradient&quot;}\">\n\t\t\t\t\t\t<div class=\"elementor-container elementor-column-gap-extended\">\n\t\t\t\t\t<div class=\"elementor-column elementor-col-100 elementor-top-column elementor-element elementor-element-e0d5af0\" data-id=\"e0d5af0\" data-element_type=\"column\">\n\t\t\t<div class=\"elementor-widget-wrap elementor-element-populated\">\n\t\t\t\t\t\t<div class=\"elementor-element elementor-element-e052089 elementor-widget elementor-widget-tm-heading\" data-id=\"e052089\" data-element_type=\"widget\" data-widget_type=\"tm-heading.default\">\n\t\t\t\t<div class=\"elementor-widget-container\">\n\t\t\t\t\t\t\t<div class=\"tm-modern-heading tm-modern-heading--style-04 tm-modern-heading--highlight-style-01\">\n\t\t\t\t\t<div class=\"heading-secondary-wrap\">\n\t\t\t<h4 class=\"heading-secondary elementor-heading-title\">Unsere L\u00e4den<\/h4>\t\t<\/div>\n\t\t\n\t\t\t\t\t<div class=\"heading-primary-wrap\">\n\t\t\t<h2 class=\"heading-primary elementor-heading-title\">Wo Sie uns finden<\/h2>\t\t<\/div>\n\t\t\n\t\t\t\n\t\t\t\t\t<\/div>\n\t\t\t\t\t\t<\/div>\n\t\t\t\t<\/div>\n\t\t\t\t<section class=\"elementor-section elementor-inner-section elementor-element elementor-element-cf23b39 elementor-section-boxed elementor-section-gap-beside-yes elementor-section-height-default elementor-section-height-default elementor-section-column-vertical-align-stretch\" data-id=\"cf23b39\" data-element_type=\"section\">\n\t\t\t\t\t\t<div class=\"elementor-container elementor-column-gap-extended\">\n\t\t\t\t\t<div class=\"elementor-column elementor-col-33 elementor-inner-column elementor-element elementor-element-64c2169\" data-id=\"64c2169\" data-element_type=\"column\">\n\t\t\t<div class=\"elementor-widget-wrap elementor-element-populated\">\n\t\t\t\t\t\t<div class=\"elementor-element elementor-element-bcb6242 elementor-position-top minimog-view-default minimog-shape-circle elementor-widget elementor-widget-tm-icon-box-list\" data-id=\"bcb6242\" data-element_type=\"widget\" data-widget_type=\"tm-icon-box-list.default\">\n\t\t\t\t<div class=\"elementor-widget-container\">\n\t\t\t\t\t\t\t<div class=\"tm-icon-box-list minimog-box\">\n\t\t\t<div class=\"tm-icon-box-list__wrapper\">\n\t\t\t\t\n\t\t\t\t<div class=\"tm-icon-box-list__content\">\n\t\t\t\t\t<h3 class=\"tm-icon-box-list__heading\"><span >SPACCIO TORRCAFF\u00c8<\/span><\/h3>\t\t\t\t\t\t\t<ul class=\"box-list\">\n\t\t\t<li class=\"box-list__item\"><span class=\"box-list__text\">Via Solari 39,<br>\nMontechiarugolo<\/span><\/li>\t\t<\/ul>\n\t\t\t\t\t\t<\/div>\n\t\t\t<\/div>\n\t\t<\/div>\n\t\t\t\t\t\t<\/div>\n\t\t\t\t<\/div>\n\t\t\t\t<div class=\"elementor-element elementor-element-39fd5fc elementor-widget-divider--view-line elementor-widget elementor-widget-divider\" data-id=\"39fd5fc\" data-element_type=\"widget\" data-widget_type=\"divider.default\">\n\t\t\t\t<div class=\"elementor-widget-container\">\n\t\t\t\t\t\t\t<div class=\"elementor-divider\">\n\t\t\t<span class=\"elementor-divider-separator\">\n\t\t\t\t\t\t<\/span>\n\t\t<\/div>\n\t\t\t\t\t\t<\/div>\n\t\t\t\t<\/div>\n\t\t\t\t<div class=\"elementor-element elementor-element-c1d6d68 elementor-widget elementor-widget-text-editor\" data-id=\"c1d6d68\" data-element_type=\"widget\" data-widget_type=\"text-editor.default\">\n\t\t\t\t<div class=\"elementor-widget-container\">\n\t\t\t\t\t\t\t\t\t<p>Wir erinnern Sie daran, dass Sie an diesem Verkaufsort<br \/><strong>48 Stunden<\/strong> vor der Abholung der K\u00f6rner und des Mahlguts reservieren m\u00fcssen.<\/p>\t\t\t\t\t\t\t\t<\/div>\n\t\t\t\t<\/div>\n\t\t\t\t<div class=\"elementor-element elementor-element-83ee1af elementor-widget-divider--view-line elementor-widget elementor-widget-divider\" data-id=\"83ee1af\" data-element_type=\"widget\" data-widget_type=\"divider.default\">\n\t\t\t\t<div class=\"elementor-widget-container\">\n\t\t\t\t\t\t\t<div class=\"elementor-divider\">\n\t\t\t<span class=\"elementor-divider-separator\">\n\t\t\t\t\t\t<\/span>\n\t\t<\/div>\n\t\t\t\t\t\t<\/div>\n\t\t\t\t<\/div>\n\t\t\t\t<div class=\"elementor-element elementor-element-205e7ec elementor-widget elementor-widget-text-editor\" data-id=\"205e7ec\" data-element_type=\"widget\" data-widget_type=\"text-editor.default\">\n\t\t\t\t<div class=\"elementor-widget-container\">\n\t\t\t\t\t\t\t\t\t<a href=\"https:\/\/maps.app.goo.gl\/SN6e4XtjYXpQZ8r98\" target=\"_blank\" rel=\"noopener\">Karten \u00f6ffnen<\/a>\t\t\t\t\t\t\t\t<\/div>\n\t\t\t\t<\/div>\n\t\t\t\t\t<\/div>\n\t\t<\/div>\n\t\t\t\t<div class=\"elementor-column elementor-col-33 elementor-inner-column elementor-element elementor-element-d8457ef\" data-id=\"d8457ef\" data-element_type=\"column\">\n\t\t\t<div class=\"elementor-widget-wrap elementor-element-populated\">\n\t\t\t\t\t\t<div class=\"elementor-element elementor-element-4b14496 elementor-position-top minimog-view-default minimog-shape-circle elementor-widget elementor-widget-tm-icon-box-list\" data-id=\"4b14496\" data-element_type=\"widget\" data-widget_type=\"tm-icon-box-list.default\">\n\t\t\t\t<div class=\"elementor-widget-container\">\n\t\t\t\t\t\t\t<div class=\"tm-icon-box-list minimog-box\">\n\t\t\t<div class=\"tm-icon-box-list__wrapper\">\n\t\t\t\t\n\t\t\t\t<div class=\"tm-icon-box-list__content\">\n\t\t\t\t\t<h3 class=\"tm-icon-box-list__heading\"><span >BAR PASTICCERIA FOLLI<\/span><\/h3>\t\t\t\t\t\t\t<ul class=\"box-list\">\n\t\t\t<li class=\"box-list__item\"><span class=\"box-list__text\">Strada della Repubblica 100,<br>\nParma<\/span><\/li>\t\t<\/ul>\n\t\t\t\t\t\t<\/div>\n\t\t\t<\/div>\n\t\t<\/div>\n\t\t\t\t\t\t<\/div>\n\t\t\t\t<\/div>\n\t\t\t\t<div class=\"elementor-element elementor-element-5c33439 elementor-widget-divider--view-line elementor-widget elementor-widget-divider\" data-id=\"5c33439\" data-element_type=\"widget\" data-widget_type=\"divider.default\">\n\t\t\t\t<div class=\"elementor-widget-container\">\n\t\t\t\t\t\t\t<div class=\"elementor-divider\">\n\t\t\t<span class=\"elementor-divider-separator\">\n\t\t\t\t\t\t<\/span>\n\t\t<\/div>\n\t\t\t\t\t\t<\/div>\n\t\t\t\t<\/div>\n\t\t\t\t<div class=\"elementor-element elementor-element-77c1bec elementor-widget elementor-widget-text-editor\" data-id=\"77c1bec\" data-element_type=\"widget\" data-widget_type=\"text-editor.default\">\n\t\t\t\t<div class=\"elementor-widget-container\">\n\t\t\t\t\t\t\t\t\t<a href=\"https:\/\/maps.app.goo.gl\/dBHp1sHb2JEKuiFYA\" target=\"_blank\" rel=\"noopener\">Karten \u00f6ffnen<\/a>\t\t\t\t\t\t\t\t<\/div>\n\t\t\t\t<\/div>\n\t\t\t\t\t<\/div>\n\t\t<\/div>\n\t\t\t\t<div class=\"elementor-column elementor-col-33 elementor-inner-column elementor-element elementor-element-efe6b38\" data-id=\"efe6b38\" data-element_type=\"column\">\n\t\t\t<div class=\"elementor-widget-wrap elementor-element-populated\">\n\t\t\t\t\t\t<div class=\"elementor-element elementor-element-60fe6bf elementor-position-top minimog-view-default minimog-shape-circle elementor-widget elementor-widget-tm-icon-box-list\" data-id=\"60fe6bf\" data-element_type=\"widget\" data-widget_type=\"tm-icon-box-list.default\">\n\t\t\t\t<div class=\"elementor-widget-container\">\n\t\t\t\t\t\t\t<div class=\"tm-icon-box-list minimog-box\">\n\t\t\t<div class=\"tm-icon-box-list__wrapper\">\n\t\t\t\t\n\t\t\t\t<div class=\"tm-icon-box-list__content\">\n\t\t\t\t\t<h3 class=\"tm-icon-box-list__heading\"><span >WWW.ARMENOCAFF\u00c8.IT<\/span><\/h3>\t\t\t\t\t\t\t<ul class=\"box-list\">\n\t\t\t<li class=\"box-list__item\"><span class=\"box-list__text\">Via Solari 39,<br>\nMontechiarugolo<\/span><\/li>\t\t<\/ul>\n\t\t\t\t\t\t<\/div>\n\t\t\t<\/div>\n\t\t<\/div>\n\t\t\t\t\t\t<\/div>\n\t\t\t\t<\/div>\n\t\t\t\t<div class=\"elementor-element elementor-element-aa72984 elementor-widget-divider--view-line elementor-widget elementor-widget-divider\" data-id=\"aa72984\" data-element_type=\"widget\" data-widget_type=\"divider.default\">\n\t\t\t\t<div class=\"elementor-widget-container\">\n\t\t\t\t\t\t\t<div class=\"elementor-divider\">\n\t\t\t<span class=\"elementor-divider-separator\">\n\t\t\t\t\t\t<\/span>\n\t\t<\/div>\n\t\t\t\t\t\t<\/div>\n\t\t\t\t<\/div>\n\t\t\t\t<div class=\"elementor-element elementor-element-4853dd0 elementor-widget elementor-widget-text-editor\" data-id=\"4853dd0\" data-element_type=\"widget\" data-widget_type=\"text-editor.default\">\n\t\t\t\t<div class=\"elementor-widget-container\">\n\t\t\t\t\t\t\t\t\t<a href=\"https:\/\/maps.app.goo.gl\/SN6e4XtjYXpQZ8r98\" target=\"_blank\" rel=\"noopener\">Karten \u00f6ffnen<\/a>\t\t\t\t\t\t\t\t<\/div>\n\t\t\t\t<\/div>\n\t\t\t\t\t<\/div>\n\t\t<\/div>\n\t\t\t\t\t<\/div>\n\t\t<\/section>\n\t\t\t\t\t<\/div>\n\t\t<\/div>\n\t\t\t\t\t<\/div>\n\t\t<\/section>\n\t\t\t\t<section class=\"elementor-section elementor-top-section elementor-element elementor-element-ce056b7 elementor-section-boxed elementor-section-gap-beside-yes elementor-section-height-default elementor-section-height-default elementor-section-column-vertical-align-stretch\" data-id=\"ce056b7\" data-element_type=\"section\">\n\t\t\t\t\t\t<div class=\"elementor-container elementor-column-gap-extended\">\n\t\t\t\t\t<div class=\"elementor-column elementor-col-33 elementor-top-column elementor-element elementor-element-a623c4d\" data-id=\"a623c4d\" data-element_type=\"column\">\n\t\t\t<div class=\"elementor-widget-wrap elementor-element-populated\">\n\t\t\t\t\t\t<div class=\"elementor-element elementor-element-76a01bd elementor-widget elementor-widget-tm-heading\" data-id=\"76a01bd\" data-element_type=\"widget\" data-widget_type=\"tm-heading.default\">\n\t\t\t\t<div class=\"elementor-widget-container\">\n\t\t\t\t\t\t\t<div class=\"tm-modern-heading tm-modern-heading--style-03 tm-modern-heading--highlight-style-01\">\n\t\t\t\n\t\t\t\t\t<div class=\"heading-primary-wrap\">\n\t\t\t<h2 class=\"heading-primary elementor-heading-title\">Adresse<\/h2>\t\t<\/div>\n\t\t\n\t\t\t\n\t\t\t\t\t<\/div>\n\t\t\t\t\t\t<\/div>\n\t\t\t\t<\/div>\n\t\t\t\t<div class=\"elementor-element elementor-element-8fc4562 elementor-widget elementor-widget-tm-simple-link\" data-id=\"8fc4562\" data-element_type=\"widget\" data-widget_type=\"tm-simple-link.default\">\n\t\t\t\t<div class=\"elementor-widget-container\">\n\t\t\t\t\t\t\t<div class=\"tm-simple-link tm-simple-link--bottom-line\">\n\t\t\tVia Solari 39 43022,<br> Montechiarugolo (PR) - Italien<a class=\"simple-link\" href=\"#\"><\/a>\t\t<\/div>\n\t\t\t\t\t\t<\/div>\n\t\t\t\t<\/div>\n\t\t\t\t<div class=\"elementor-element elementor-element-9aa61fb elementor-widget__width-initial elementor-widget elementor-widget-tm-heading\" data-id=\"9aa61fb\" data-element_type=\"widget\" data-widget_type=\"tm-heading.default\">\n\t\t\t\t<div class=\"elementor-widget-container\">\n\t\t\t\t\t\t\t<div class=\"tm-modern-heading tm-modern-heading--style-03 tm-modern-heading--highlight-style-01\">\n\t\t\t\n\t\t\t\t\t<div class=\"heading-primary-wrap\">\n\t\t\t<h2 class=\"heading-primary elementor-heading-title\">Adressen<\/h2>\t\t<\/div>\n\t\t\n\t\t\t\n\t\t\t\t\t<\/div>\n\t\t\t\t\t\t<\/div>\n\t\t\t\t<\/div>\n\t\t\t\t<div class=\"elementor-element elementor-element-1554a60 minimog-list-layout-block elementor-widget elementor-widget-tm-list\" data-id=\"1554a60\" data-element_type=\"widget\" data-widget_type=\"tm-list.default\">\n\t\t\t\t<div class=\"elementor-widget-container\">\n\t\t\t\t\t\t\t<div class=\"minimog-list\">\n\t\t\t\t\t\t\t\t<div class=\"item\">\n\n\t\t\t\t\t\t<a class=\"link\" href=\"#\">\t\t\t\t\t\t\n\t\t\t\t\t\t\t\t\t\t\t\t\t\t\t\t\t\t\t\n\t\t\t\t\t\t\t\t\t\t\t\t\t<div class=\"text\">\n\t\t\t\t\t\t\t\t+ 39 0521 963785\t\t\t\t\t\t\t<\/div>\n\t\t\t\t\t\t\t\t\t\t\t\t<\/a>\n\t\t\t\t\t<\/div>\n\t\t\t\t\t\t\t\t\t\t<div class=\"item\">\n\n\t\t\t\t\t\t<a class=\"link\" href=\"mailto:comunicazione@armenocaffe.it\">\t\t\t\t\t\t\n\t\t\t\t\t\t\t\t\t\t\t\t\t\t\t\t\t\t\t\n\t\t\t\t\t\t\t\t\t\t\t\t\t<div class=\"text\">\n\t\t\t\t\t\t\t\tcomunicazione@armenocaffe.it\t\t\t\t\t\t\t<\/div>\n\t\t\t\t\t\t\t\t\t\t\t\t<\/a>\n\t\t\t\t\t<\/div>\n\t\t\t\t\t\t\t<\/div>\n\t\t\t\t\t\t<\/div>\n\t\t\t\t<\/div>\n\t\t\t\t\t<\/div>\n\t\t<\/div>\n\t\t\t\t<div class=\"elementor-column elementor-col-66 elementor-top-column elementor-element elementor-element-038de5c\" data-id=\"038de5c\" data-element_type=\"column\">\n\t\t\t<div class=\"elementor-widget-wrap elementor-element-populated\">\n\t\t\t\t\t\t<div class=\"elementor-element elementor-element-93351a6 elementor-widget elementor-widget-tm-heading\" data-id=\"93351a6\" data-element_type=\"widget\" data-widget_type=\"tm-heading.default\">\n\t\t\t\t<div class=\"elementor-widget-container\">\n\t\t\t\t\t\t\t<div class=\"tm-modern-heading tm-modern-heading--style-03 tm-modern-heading--highlight-style-01\">\n\t\t\t\n\t\t\t\t\t<div class=\"heading-primary-wrap\">\n\t\t\t<h2 class=\"heading-primary elementor-heading-title\">Mehr Informationen anfordern<\/h2>\t\t<\/div>\n\t\t\n\t\t\t\n\t\t\t\t\t<div class=\"heading-description-wrap\">\n\t\t\t<div class=\"heading-description\">\n\t\t\t\t<p>Wenn Sie Fragen zu unseren Produkten haben, z\u00f6gern Sie bitte nicht, uns zu kontaktieren.<\/p>\t\t\t<\/div>\n\t\t<\/div>\n\t\t\t\t<\/div>\n\t\t\t\t\t\t<\/div>\n\t\t\t\t<\/div>\n\t\t\t\t<div class=\"elementor-element elementor-element-d3b6938 elementor-button-align-stretch elementor-widget elementor-widget-form\" data-id=\"d3b6938\" data-element_type=\"widget\" data-settings=\"{&quot;step_next_label&quot;:&quot;Next&quot;,&quot;step_previous_label&quot;:&quot;Previous&quot;,&quot;button_width&quot;:&quot;100&quot;,&quot;step_type&quot;:&quot;number_text&quot;,&quot;step_icon_shape&quot;:&quot;circle&quot;}\" data-widget_type=\"form.default\">\n\t\t\t\t<div class=\"elementor-widget-container\">\n\t\t\t\t\t\t\t<form class=\"elementor-form\" method=\"post\" name=\"New Form\">\n\t\t\t<input type=\"hidden\" name=\"post_id\" value=\"25526\"\/>\n\t\t\t<input type=\"hidden\" name=\"form_id\" value=\"d3b6938\"\/>\n\t\t\t<input type=\"hidden\" name=\"referer_title\" value=\"\" \/>\n\n\t\t\t\n\t\t\t<div class=\"elementor-form-fields-wrapper elementor-labels-above\">\n\t\t\t\t\t\t\t\t<div class=\"elementor-field-type-text elementor-field-group elementor-column elementor-field-group-name elementor-col-100 elementor-field-required elementor-mark-required\">\n\t\t\t\t\t\t\t\t\t\t\t\t<label for=\"form-field-name\" class=\"elementor-field-label\">\n\t\t\t\t\t\t\t\tVorname\t\t\t\t\t\t\t<\/label>\n\t\t\t\t\t\t\t\t\t\t\t\t\t\t<input size=\"1\" type=\"text\" name=\"form_fields[name]\" id=\"form-field-name\" class=\"elementor-field elementor-size-sm  elementor-field-textual\" required=\"required\" aria-required=\"true\">\n\t\t\t\t\t\t\t\t\t\t\t<\/div>\n\t\t\t\t\t\t\t\t<div class=\"elementor-field-type-email elementor-field-group elementor-column elementor-field-group-email elementor-col-100 elementor-field-required elementor-mark-required\">\n\t\t\t\t\t\t\t\t\t\t\t\t<label for=\"form-field-email\" class=\"elementor-field-label\">\n\t\t\t\t\t\t\t\tEmail\t\t\t\t\t\t\t<\/label>\n\t\t\t\t\t\t\t\t\t\t\t\t\t\t<input size=\"1\" type=\"email\" name=\"form_fields[email]\" id=\"form-field-email\" class=\"elementor-field elementor-size-sm  elementor-field-textual\" required=\"required\" aria-required=\"true\">\n\t\t\t\t\t\t\t\t\t\t\t<\/div>\n\t\t\t\t\t\t\t\t<div class=\"elementor-field-type-textarea elementor-field-group elementor-column elementor-field-group-message elementor-col-100 elementor-field-required elementor-mark-required\">\n\t\t\t\t\t\t\t\t\t\t\t\t<label for=\"form-field-message\" class=\"elementor-field-label\">\n\t\t\t\t\t\t\t\tNachricht\t\t\t\t\t\t\t<\/label>\n\t\t\t\t\t\t<textarea class=\"elementor-field-textual elementor-field  elementor-size-sm\" name=\"form_fields[message]\" id=\"form-field-message\" rows=\"4\" required=\"required\" aria-required=\"true\"><\/textarea>\t\t\t\t<\/div>\n\t\t\t\t\t\t\t\t<div class=\"elementor-field-type-acceptance elementor-field-group elementor-column elementor-field-group-field_f8a73ef elementor-col-100 elementor-field-required elementor-mark-required\">\n\t\t\t\t\t\t\t<div class=\"elementor-field-subgroup\">\n\t\t\t<span class=\"elementor-field-option\">\n\t\t\t\t<input type=\"checkbox\" name=\"form_fields[field_f8a73ef]\" id=\"form-field-field_f8a73ef\" class=\"elementor-field elementor-size-sm  elementor-acceptance-field\" required=\"required\" aria-required=\"true\">\n\t\t\t\t<label for=\"form-field-field_f8a73ef\">Ich stimme der Verwendung meiner personenbezogenen Daten zu, um eine Antwort auf meine Anfrage zu erhalten, es ist obligatorisch, die Anfrage zu senden. Datenschutzrichtlinie gem\u00e4\u00df der EU-Verordnung 679\/2016.<\/label>\t\t\t<\/span>\n\t\t<\/div>\n\t\t\t\t\t\t<\/div>\n\t\t\t\t\t\t\t\t<div class=\"elementor-field-group elementor-column elementor-field-type-submit elementor-col-100 e-form__buttons\">\n\t\t\t\t\t<button type=\"submit\" class=\"elementor-button elementor-size-sm\">\n\t\t\t\t\t\t<span >\n\t\t\t\t\t\t\t\t\t\t\t\t\t\t\t<span class=\" elementor-button-icon\">\n\t\t\t\t\t\t\t\t\t\t\t\t\t\t\t\t\t\t\t\t\t\t\t\t\t\t<\/span>\n\t\t\t\t\t\t\t\t\t\t\t\t\t\t\t\t\t\t\t\t\t\t<span class=\"elementor-button-text\">Nachricht senden<\/span>\n\t\t\t\t\t\t\t\t\t\t\t\t\t<\/span>\n\t\t\t\t\t<\/button>\n\t\t\t\t<\/div>\n\t\t\t<\/div>\n\t\t<\/form>\n\t\t\t\t\t\t<\/div>\n\t\t\t\t<\/div>\n\t\t\t\t\t<\/div>\n\t\t<\/div>\n\t\t\t\t\t<\/div>\n\t\t<\/section>\n\t\t\t\t<\/div>\n\t\t","protected":false},"excerpt":{"rendered":"<p>Unsere L\u00e4den Wo Sie uns finden SPACCIO TORRCAFF\u00c8 Via Solari 39, Montechiarugolo Wir erinnern Sie daran, dass Sie an diesem Verkaufsort48 Stunden vor der Abholung der K\u00f6rner und des Mahlguts reservieren m\u00fcssen. Karten \u00f6ffnen BAR PASTICCERIA FOLLI Strada della Repubblica 100, Parma Karten \u00f6ffnen WWW.ARMENOCAFF\u00c8.IT Via Solari 39, Montechiarugolo Karten \u00f6ffnen Adresse Via Solari 39 43022, Montechiarugolo (PR) &#8211; Italien Adressen + 39 0521 963785 comunicazione@armenocaffe.it Mehr Informationen anfordern Wenn Sie Fragen zu unseren Produkten haben, z\u00f6gern Sie bitte nicht, uns zu kontaktieren.<\/p>\n","protected":false},"author":1,"featured_media":0,"parent":0,"menu_order":0,"comment_status":"closed","ping_status":"closed","template":"","meta":{"om_disable_all_campaigns":false,"_monsterinsights_skip_tracking":false,"_monsterinsights_sitenote_active":false,"_monsterinsights_sitenote_note":"","_monsterinsights_sitenote_category":0,"footnotes":""},"class_list":["post-25526","page","type-page","status-publish","hentry","post-no-thumbnail"],"aioseo_notices":[],"_links":{"self":[{"href":"https:\/\/armenocaffe.it\/de\/wp-json\/wp\/v2\/pages\/25526","targetHints":{"allow":["GET"]}}],"collection":[{"href":"https:\/\/armenocaffe.it\/de\/wp-json\/wp\/v2\/pages"}],"about":[{"href":"https:\/\/armenocaffe.it\/de\/wp-json\/wp\/v2\/types\/page"}],"author":[{"embeddable":true,"href":"https:\/\/armenocaffe.it\/de\/wp-json\/wp\/v2\/users\/1"}],"replies":[{"embeddable":true,"href":"https:\/\/armenocaffe.it\/de\/wp-json\/wp\/v2\/comments?post=25526"}],"version-history":[{"count":13,"href":"https:\/\/armenocaffe.it\/de\/wp-json\/wp\/v2\/pages\/25526\/revisions"}],"predecessor-version":[{"id":29792,"href":"https:\/\/armenocaffe.it\/de\/wp-json\/wp\/v2\/pages\/25526\/revisions\/29792"}],"wp:attachment":[{"href":"https:\/\/armenocaffe.it\/de\/wp-json\/wp\/v2\/media?parent=25526"}],"curies":[{"name":"wp","href":"https:\/\/api.w.org\/{rel}","templated":true}]}}