{"id":25563,"date":"2021-11-26T09:39:49","date_gmt":"2021-11-26T09:39:49","guid":{"rendered":"https:\/\/armenocaffe.krescendo.it\/about-v2\/"},"modified":"2025-03-17T10:59:34","modified_gmt":"2025-03-17T10:59:34","slug":"uber-uns","status":"publish","type":"page","link":"https:\/\/armenocaffe.it\/de\/uber-uns\/","title":{"rendered":"\u00dcber uns"},"content":{"rendered":"<h2>Caff\u00e8 Armeno<\/h2>\n<h2>Kaffeegenuss aus Parma<\/h2>\n<h3>Kaffeegenuss aus Parma<br \/>\nEine Prise Zufall, eine Prise Gl\u00fcck \u2013 so l\u00e4sst sich die Geschichte der R\u00f6sterei Caff\u00e8 Armeno beschreiben, die in den 50er-Jahren in einer Bottega im Umkreis von Parma ihren Betrieb aufnahm.<\/h3>\n<p>Wurden in diesen Werkst\u00e4tten damals zumeist noch Materialien wie Eisen und Holz bearbeitet, orientierten sich die Gr\u00fcnder einer Eingebung folgend neu und sattelten dank ihren handwerklichen F\u00e4higkeiten auf das R\u00f6sten von Kaffee um, der schon bald die gesamte Region mit seinem einmaligen Duft und Aroma erf\u00fcllen sollte. Das belebende Hei\u00dfgetr\u00e4nk aus ger\u00f6steten Kaffeebohnen, die alle gleich und doch so vollkommen verschieden sind, eroberte die Herzen der Italiener im Sturm.<\/p>\n<p>In den aufstrebenden 50er- und 60er-Jahren wurde das Leben der Menschen zunehmend hektischer und in den Bars tummelten sich die Italiener, die sich vor der Arbeit einen Espresso g\u00f6nnten. Genau in dieser Zeit wurde Caff\u00e8 Armeno gegr\u00fcndet, zun\u00e4chst nur mit wenigen Kaffeesorten, um dann im Laufe der Jahre die Kunst des Blendings immer weiter zu verfeinern und verschiedene Mischungen zu kreieren. Kaffee ist f\u00fcr uns eine Herzensangelegenheit. Das kann auch gar nicht anders sein, denn nach all den Jahren und Ver\u00e4nderungen r\u00f6stet Caff\u00e8 Armeno immer noch die besten Kaffeebohnen aus aller Welt und kreiert erlesenste Mischungen, die Parma erneut als internationales Zentrum der Gaumenfreuden auszeichnen.<\/p>\n<p><img fetchpriority=\"high\" decoding=\"async\" src=\"https:\/\/armenocaffe.it\/wp-content\/uploads\/2024\/01\/tazzinaarmeno.png\" alt=\"tazzinaarmeno\" width=\"585\" height=\"700\" \/><\/p>\n<h2>Wir sind Meister der Kaffeekunst<\/h2>\n<p>Caff\u00e8 Armeno ist ein dynamisches und innovatives Unternehmen, das die modernsten Technologien und ein R\u00f6stverfahren einsetzt R\u00f6stverfahren mit geringer Umweltbelastung, das ein hochwertiges<br \/>\nqualitativ hochwertiges Produkt bei gleichzeitiger Schonung der Umwelt.<\/p>\n<p>Das exklusive &#8222;Parma-R\u00f6stverfahren&#8220; mit seinem<br \/>\nexklusiven Rezeptur, garantiert einen unverwechselbaren Geschmack mit mit Schokoladennoten f\u00fcr die raffiniertesten Gaumen, dank der geschickten Mischung von Arabica und Robusta<\/p>\n<style>\/*! elementor - v3.20.0 - 10-04-2024 *\/<br \/>\n.elementor-column .elementor-spacer-inner{height:var(--spacer-size)}.e-con{--container-widget-width:100%}.e-con-inner>.elementor-widget-spacer,.e-con>.elementor-widget-spacer{width:var(--container-widget-width,var(--spacer-size));--align-self:var(--container-widget-align-self,initial);--flex-shrink:0}.e-con-inner>.elementor-widget-spacer>.elementor-widget-container,.e-con>.elementor-widget-spacer>.elementor-widget-container{height:100%;width:100%}.e-con-inner>.elementor-widget-spacer>.elementor-widget-container>.elementor-spacer,.e-con>.elementor-widget-spacer>.elementor-widget-container>.elementor-spacer{height:100%}.e-con-inner>.elementor-widget-spacer>.elementor-widget-container>.elementor-spacer>.elementor-spacer-inner,.e-con>.elementor-widget-spacer>.elementor-widget-container>.elementor-spacer>.elementor-spacer-inner{height:var(--container-widget-height,var(--spacer-size))}.e-con-inner>.elementor-widget-spacer.elementor-widget-empty,.e-con>.elementor-widget-spacer.elementor-widget-empty{position:relative;min-height:22px;min-width:22px}.e-con-inner>.elementor-widget-spacer.elementor-widget-empty .elementor-widget-empty-icon,.e-con>.elementor-widget-spacer.elementor-widget-empty .elementor-widget-empty-icon{position:absolute;top:0;bottom:0;left:0;right:0;margin:auto;padding:0;width:22px;height:22px}<\/style>\n<p><a role=\"button\" href=\"https:\/\/armenocaffe.it\/de\/shop\/\"><br \/>\nEntdecken Sie unseren Shop<br \/>\n<\/a><\/p>\n<h2>So gut ger\u00f6stet wie damals<\/h2>\n<p>Der Espresso von Caff\u00e8 Armeno ist ein Qualit\u00e4tsversprechen und eine Liebeserkl\u00e4rung an unsere Heimatstadt Parma, denn die Liebe zu gutem Kaffee ist das, was uns antreibt.<\/p>\n<p><img decoding=\"async\" src=\"https:\/\/armenocaffe.it\/wp-content\/uploads\/2021\/11\/icon_box_free_ship.png\" alt=\"icon_box_free_ship\" width=\"28\" height=\"29\" \/><\/p>\n<h3>Kostenloser Versand<\/h3>\n<p>f\u00fcr Bestellungen ab 35\u00a0\u20ac<br \/>\n<img decoding=\"async\" src=\"https:\/\/armenocaffe.it\/wp-content\/uploads\/2021\/11\/icon_box_money_guarantee.png\" alt=\"icon_box_money_guarantee\" width=\"30\" height=\"30\" \/><\/p>\n<h3>Sichere<\/h3>\n<p>Zahlungsarten<br \/>\n<img loading=\"lazy\" decoding=\"async\" src=\"https:\/\/armenocaffe.it\/wp-content\/uploads\/2021\/11\/icon_box_support.png\" alt=\"icon_box_support\" width=\"29\" height=\"27\" \/><\/p>\n<h3>Kundenservice<\/h3>\n<p>t\u00e4glich bis 18:00 Uhr<br \/>\n<img loading=\"lazy\" decoding=\"async\" src=\"https:\/\/armenocaffe.it\/wp-content\/uploads\/2021\/11\/icon_box_payment.png\" alt=\"icon_box_payment\" width=\"29\" height=\"23\" \/><\/p>\n<h3>Ratenzahlung<\/h3>\n<p>Bezahlen Sie Ihre Produkte in 3 Raten<\/p>\n","protected":false},"excerpt":{"rendered":"<p>Caff\u00e8 Armeno Kaffeegenuss aus Parma Kaffeegenuss aus Parma Eine Prise Zufall, eine Prise Gl\u00fcck \u2013 so l\u00e4sst sich die Geschichte der R\u00f6sterei Caff\u00e8 Armeno beschreiben, die in den 50er-Jahren in einer Bottega im Umkreis von Parma ihren Betrieb aufnahm. Wurden in diesen Werkst\u00e4tten damals zumeist noch Materialien wie Eisen und Holz bearbeitet, orientierten sich die Gr\u00fcnder einer Eingebung folgend neu und sattelten dank ihren handwerklichen F\u00e4higkeiten auf das R\u00f6sten von Kaffee um, der schon bald die gesamte Region mit seinem einmaligen Duft und Aroma erf\u00fcllen sollte. Das belebende Hei\u00dfgetr\u00e4nk aus ger\u00f6steten Kaffeebohnen, die alle gleich und doch so vollkommen verschieden sind, eroberte die Herzen der Italiener im Sturm. In den aufstrebenden 50er- und 60er-Jahren wurde das Leben der Menschen zunehmend hektischer und in den Bars tummelten sich die Italiener, die sich vor der Arbeit einen Espresso g\u00f6nnten. Genau in dieser Zeit wurde Caff\u00e8 Armeno gegr\u00fcndet, zun\u00e4chst nur mit wenigen Kaffeesorten, um dann im Laufe der Jahre die Kunst des Blendings immer weiter zu verfeinern und verschiedene Mischungen zu kreieren. Kaffee ist f\u00fcr uns eine Herzensangelegenheit. Das kann auch gar nicht anders sein, denn nach all den Jahren und Ver\u00e4nderungen r\u00f6stet Caff\u00e8 Armeno immer noch die besten Kaffeebohnen aus aller Welt und kreiert erlesenste Mischungen, die Parma erneut als internationales Zentrum der Gaumenfreuden auszeichnen. Wir sind Meister der Kaffeekunst Caff\u00e8 Armeno ist ein dynamisches und innovatives Unternehmen, das die modernsten Technologien und ein R\u00f6stverfahren einsetzt R\u00f6stverfahren mit geringer Umweltbelastung, das ein hochwertiges qualitativ hochwertiges Produkt bei gleichzeitiger Schonung der Umwelt. Das exklusive &#8222;Parma-R\u00f6stverfahren&#8220; mit seinem exklusiven Rezeptur, garantiert einen unverwechselbaren Geschmack mit mit Schokoladennoten f\u00fcr die raffiniertesten Gaumen, dank der geschickten Mischung von Arabica und Robusta Entdecken Sie unseren Shop So gut ger\u00f6stet wie damals Der Espresso von Caff\u00e8 Armeno ist ein Qualit\u00e4tsversprechen und eine Liebeserkl\u00e4rung an unsere Heimatstadt Parma, denn die Liebe zu gutem Kaffee ist das, was uns antreibt. Kostenloser Versand f\u00fcr Bestellungen ab 35\u00a0\u20ac Sichere Zahlungsarten Kundenservice t\u00e4glich bis 18:00 Uhr Ratenzahlung Bezahlen Sie Ihre Produkte in 3 Raten<\/p>\n","protected":false},"author":1,"featured_media":0,"parent":0,"menu_order":0,"comment_status":"closed","ping_status":"closed","template":"","meta":{"om_disable_all_campaigns":false,"_monsterinsights_skip_tracking":false,"_monsterinsights_sitenote_active":false,"_monsterinsights_sitenote_note":"","_monsterinsights_sitenote_category":0,"footnotes":""},"class_list":["post-25563","page","type-page","status-publish","hentry","post-no-thumbnail"],"aioseo_notices":[],"_links":{"self":[{"href":"https:\/\/armenocaffe.it\/de\/wp-json\/wp\/v2\/pages\/25563","targetHints":{"allow":["GET"]}}],"collection":[{"href":"https:\/\/armenocaffe.it\/de\/wp-json\/wp\/v2\/pages"}],"about":[{"href":"https:\/\/armenocaffe.it\/de\/wp-json\/wp\/v2\/types\/page"}],"author":[{"embeddable":true,"href":"https:\/\/armenocaffe.it\/de\/wp-json\/wp\/v2\/users\/1"}],"replies":[{"embeddable":true,"href":"https:\/\/armenocaffe.it\/de\/wp-json\/wp\/v2\/comments?post=25563"}],"version-history":[{"count":13,"href":"https:\/\/armenocaffe.it\/de\/wp-json\/wp\/v2\/pages\/25563\/revisions"}],"predecessor-version":[{"id":32179,"href":"https:\/\/armenocaffe.it\/de\/wp-json\/wp\/v2\/pages\/25563\/revisions\/32179"}],"wp:attachment":[{"href":"https:\/\/armenocaffe.it\/de\/wp-json\/wp\/v2\/media?parent=25563"}],"curies":[{"name":"wp","href":"https:\/\/api.w.org\/{rel}","templated":true}]}}