{"id":32100,"date":"2024-01-24T08:27:00","date_gmt":"2024-01-24T08:27:00","guid":{"rendered":"https:\/\/armenocaffe.it\/?page_id=32100"},"modified":"2025-03-17T11:56:35","modified_gmt":"2025-03-17T11:56:35","slug":"zahlung-und-versand","status":"publish","type":"page","link":"https:\/\/armenocaffe.it\/de\/zahlung-und-versand\/","title":{"rendered":"Zahlung und Versand"},"content":{"rendered":"\t\t<div data-elementor-type=\"wp-page\" data-elementor-id=\"32100\" class=\"elementor elementor-32100 elementor-25903\" data-elementor-post-type=\"page\">\n\t\t\t\t\t\t<section class=\"elementor-section elementor-top-section elementor-element elementor-element-2864d349 elementor-section-boxed elementor-section-gap-beside-yes elementor-section-height-default elementor-section-height-default elementor-section-column-vertical-align-stretch\" data-id=\"2864d349\" data-element_type=\"section\">\n\t\t\t\t\t\t<div class=\"elementor-container elementor-column-gap-extended\">\n\t\t\t\t\t<div class=\"elementor-column elementor-col-100 elementor-top-column elementor-element elementor-element-58014798\" data-id=\"58014798\" data-element_type=\"column\">\n\t\t\t<div class=\"elementor-widget-wrap elementor-element-populated\">\n\t\t\t\t\t\t<div class=\"elementor-element elementor-element-77a5f1af elementor-widget elementor-widget-text-editor\" data-id=\"77a5f1af\" data-element_type=\"widget\" data-widget_type=\"text-editor.default\">\n\t\t\t\t<div class=\"elementor-widget-container\">\n\t\t\t\t\t\t\t\t\t\n<ul>\n<li>F\u00fcr Bestellungen unter EUR 35,00 berechnet Armeno Caff\u00e8 in ganz Italien eine Pauschale von EUR 5,00. F\u00fcr Sendungen nach Europa wird ein Nachlass von 6 EUR auf den regul\u00e4ren Preis gew\u00e4hrt.<br \/>Die Lieferung erfolgt an die Adresse und auf die Weise, die der Kunde bei der Bestellung angibt. Die voraussichtlichen Transportarten und die f\u00fcr jede Art von Dienstleistung anfallenden Kosten werden auf der Website angegeben und k\u00f6nnen dort berechnet werden.<br \/>Die Lieferung erfolgt durch den Spediteur auf Stra\u00dfenniveau. Bei Lieferungen an Messen, Einkaufszentren usw. k\u00f6nnen die Tarife vorbehaltlich einer vorherigen Ank\u00fcndigung mit Zuschl\u00e4gen versehen werden.<br \/>Die Waren reisen immer auf Risiko und Gefahr des Kunden, der gegen Aufpreis einen versicherten Service anfordern kann.<br \/>Wir versenden nicht an Postf\u00e4cher.<br \/>Armeno Caff\u00e8 kann unter keinen Umst\u00e4nden f\u00fcr direkte oder indirekte Sch\u00e4den haftbar gemacht werden, die durch eine versp\u00e4tete Lieferung einer Bestellung oder deren Verlust durch den Kurier verursacht werden.<\/li>\n<\/ul>\n\n<p>Der Kunde nimmt ausdr\u00fccklich zur Kenntnis, dass die auf der Website angegebene Verf\u00fcgbarkeit der Produkte aufgrund von Synchronizit\u00e4tsgr\u00fcnden zwischen den verschiedenen Vertriebskan\u00e4len von Armeno Caff\u00e8 S.r.l. m\u00f6glicherweise nicht der tats\u00e4chlichen Lagerverf\u00fcgbarkeit entspricht. Aus diesem Grund hat Armeno Caff\u00e8 S.r.l. beh\u00e4lt sich das Recht vor, die tats\u00e4chliche Verf\u00fcgbarkeit der vom Kunden online bestellten Produkte zu \u00fcberpr\u00fcfen. Sollten diese nicht verf\u00fcgbar sein, wird Armeno Caff\u00e8 S.r.l. Wir informieren den Kunden umgehend unter den angegebenen Kontaktdaten und veranlassen gegebenenfalls eine vollst\u00e4ndige oder teilweise R\u00fcckerstattung. Dem Kunden stehen keinerlei Anspr\u00fcche gegen\u00fcber Armeno Caff\u00e8 S.r.l. zu. f\u00fcr die Nichtverf\u00fcgbarkeit der online bestellten Produkte.<br \/>Alle Produkte im Katalog werden mittels digital bearbeiteter Grafiken dargestellt. Daher dienen die gezeigten Bilder f\u00fcr alle Produkte im Katalog nur zur Veranschaulichung und sind aus vertraglicher Sicht nicht bindend.<br \/>Armenischer Kaffee S.r.l. Armeno Caff\u00e8 S.r.l. versendet die bestellten Produkte auf die oben beschriebene Weise an den Kunden, und zwar per Expresskurier und\/oder Spedition. verpflichtet sich, Bestellungen innerhalb von 48 Stunden nach Eingang der Bestellung in der auf der\/den Website(s) angegebenen Zeit und Weise zu bearbeiten.<\/p>\n\n<p>Es wird davon ausgegangen, dass es in der Verantwortung des Kunden liegt, die Richtigkeit der in der von Armeno Caff\u00e8 S.r.l. gesendeten Auftragsbest\u00e4tigung enthaltenen Daten zu \u00fcberpr\u00fcfen. an den Kunden. Jegliche objektiven Unannehmlichkeiten wie Streiks, Transportunterbrechungen usw. stellt h\u00f6here Gewalt dar und Armeno Caff\u00e8 S.r.l. wird den Versand so schnell wie m\u00f6glich veranlassen. Die Lieferzeiten sind auf der\/den Website(s) angegeben und beziehen sich auf die in unseren Lagern bereitstehende Ware. Die Angabe dieser Fristen ist rein indikativ und f\u00fcr den Abschluss der Bestellung nicht bindend; etwaige Verz\u00f6gerungen k\u00f6nnen in keiner Weise eine Stornierung rechtfertigen oder zu Schadensersatzanspr\u00fcchen f\u00fcr etwaige direkte oder indirekte Sch\u00e4den seitens des K\u00e4ufers f\u00fchren. Im Falle der Nutzung eines Expresskurierdienstes, der \u00fcber ein System zur Sendungsverfolgung (Tracking) verf\u00fcgt, ist dieses System ausschlie\u00dflich Eigentum des Spediteurs, Armeno Caff\u00e8 S.r.l. haftet nicht f\u00fcr etwaige Anomalien, die bei der \u00dcberwachung der Lieferung auftreten k\u00f6nnen. Die Versandkosten f\u00fcr die Waren tr\u00e4gt der Kunde gem\u00e4\u00df den auf der\/den Website(s) im Abschnitt \u201eVersandkosten\u201c oder gleichwertig angegebenen Bedingungen. Die Lieferung der Produkte erfolgt vorbehaltlich der Zahlung des entsprechenden Preises durch den Kunden mit der von Armeno Caff\u00e8 S.r.l. auf der\/den Website(s) angebotenen Zahlungsmethode.<\/p>\n\n<p>Es liegt in der Verantwortung des Kunden, die Unversehrtheit der Waren bei Lieferung zu \u00fcberpr\u00fcfen, bevor er den Frachtbrief unterschreibt. Nach Unterzeichnung des Frachtbriefs des Kuriers ist eine Beanstandung etwaiger Manipulationen oder Sch\u00e4den an der gelieferten Ware nicht mehr m\u00f6glich.<br \/>Die Steuerdokumentation (Rechnung oder Quittung) wird von Armeno Caff\u00e8 S.r.l. ausgestellt. wird physisch dem Paket beigelegt oder auf Kundenwunsch nachgeliefert. Es liegt in der Verantwortung des Kunden, am geplanten Liefertag der Bestellung anwesend zu sein. Bei Abwesenheit oder Nichtverf\u00fcgbarkeit des Bargeldes durch den Kunden bei Zahlung per Nachnahme wird der Kurier in den folgenden Tagen eine weitere Lieferung vornehmen; Bei der zweiten fehlgeschlagenen Zustellung sendet der Kurier das bestellte Paket an den Absender und dann an Armeno Caff\u00e8 S.r.l. zur\u00fcck. \u00dcber das Feld \u201eAnmerkungen\u201c k\u00f6nnen Sie die kostenfreie Hinterlegung des Pakets bei einer Postfiliale beantragen.<br \/>Die von Armeno Caff\u00e8 S.r.l. angebotenen Aktionen sind g\u00fcltig, solange der Vorrat der Produkte reicht und\/oder bis zu dem in der Aktion selbst angegebenen Datum sowie innerhalb der auf der\/den Website(s) angegebenen Kauflimits. Das Angebot etwaiger Gratisprodukte gilt in jedem Fall, solange der Vorrat reicht.<br \/>Auf der Website von Armeno Caff\u00e8 k\u00f6nnen Sie die folgenden Zahlungssysteme verwenden<br \/>\u2013 Kreditkarte<br \/>\u2013 PayPal<br \/>\u2013 Bank\u00fcberweisung im Voraus<\/p>\n\n<p>Nachfolgend finden Sie alle Einzelheiten, die Ihnen bei der Auswahl der von Ihnen bevorzugten Zahlungsmethode helfen. Bitte beachten Sie, dass jedes Zahlungssystem unterschiedliche Zeitr\u00e4ume hat und Ihre Bestellung erst bearbeitet wird, wenn Ihre Zahlung auf unserem Konto gutgeschrieben ist.<\/p>\n\n<p>KREDITKARTEN<br \/>Stripe ist die Plattform, die Kreditkartenzahlungen abwickelt. Sie m\u00fcssen lediglich auf der Checkout-Seite \u201eKreditkarten\u201c ausw\u00e4hlen, Ihre Kartendetails eingeben und auf \u201eBestellung best\u00e4tigen\u201c klicken.<\/p>\n\n<p>Sie haben die Wahl zwischen:<\/p>\n\n<p>Zahlung per Kreditkarte. Das System akzeptiert die folgenden Karten: Visa, Visa Electron, VPay, Mastercard, Maestro, American Express;<\/p>\n\n<p>PAYPAL<\/p>\n\n<p>Armeno Caff\u00e8 s.r.l verwendet f\u00fcr Ihre Zahlungen die PayPal-Plattform. Nach der Best\u00e4tigung Ihrer Bestelldaten werden Sie durch Auswahl dieses Zahlungssystems auf die PayPal-Plattform weitergeleitet. Geben Sie die Anmeldedaten Ihres PayPal-Kontos ein und schlie\u00dfen Sie die Zahlung ab.<br \/>In diesem Fall erfolgt die Gutschrift auf unserem Konto in Echtzeit und Ihre Bestellung kann umgehend f\u00fcr den Versand vorbereitet werden.<\/p>\n\n<p>Bank\u00fcberweisung im Voraus<\/p>\n\n<p>Wenn Sie auf der Checkout-Seite \u201eBank\u00fcberweisung\u201c ausw\u00e4hlen und auf \u201eBestellung best\u00e4tigen\u201c klicken, wird Ihre Bestellung sofort best\u00e4tigt, bleibt aber im Status \u201eZahlung ausstehend\u201c.<br \/>Um die bestellte Ware erhalten zu k\u00f6nnen, m\u00fcssen Sie den f\u00e4lligen Betrag innerhalb von 5 Tagen nach der Auftragsbest\u00e4tigung per Bank\u00fcberweisung bezahlen.<br \/>Bitte geben Sie als Verwendungszweck bei der \u00dcberweisung immer Ihre Bestellnummer und den vollst\u00e4ndigen Namen des Bestellers an, wie er in der Bestellung angegeben ist.<\/p>\n\n<p>Bankverbindung:<br \/>BANK BPM<br \/>Agentur Sala Baganza<br \/>IBAN: EN 53 N 05034 65890 000 000 003028<br \/>Kopfzeile: Armenian Coffee S.r.l<\/p>\n\n<p>Bis die Gutschrift auf unserem Bankkonto eingeht und somit die bestellte Ware versendet wird, dauert es 2 bis 4 Werktage.<br \/>Die \u00dcberweisung muss von einer Bank im Land der Rechnungsstellung erfolgen.<br \/>Die \u00dcberweisung muss innerhalb von f\u00fcnf (5) Werktagen ab der Auftragsbest\u00e4tigung erfolgen, die Armeno Caff\u00e8 s.r.l. werde es dir schicken. Sollte der Betrag auch nach Ablauf dieser Frist nicht eingegangen sein, wird die Bestellung storniert.<br \/>Erst nach Zahlungseingang wird die bestellte Ware versendet.<\/p>\n\n<p>F\u00fcr Sendungen nach Europa gilt ein Rabatt von 6 EUR auf den Normalpreis.<\/p>\n\t\t\t\t\t\t\t\t<\/div>\n\t\t\t\t<\/div>\n\t\t\t\t\t<\/div>\n\t\t<\/div>\n\t\t\t\t\t<\/div>\n\t\t<\/section>\n\t\t\t\t<\/div>\n\t\t","protected":false},"excerpt":{"rendered":"<p>F\u00fcr Bestellungen unter EUR 35,00 berechnet Armeno Caff\u00e8 in ganz Italien eine Pauschale von EUR 5,00. F\u00fcr Sendungen nach Europa wird ein Nachlass von 6 EUR auf den regul\u00e4ren Preis gew\u00e4hrt.Die Lieferung erfolgt an die Adresse und auf die Weise, die der Kunde bei der Bestellung angibt. Die voraussichtlichen Transportarten und die f\u00fcr jede Art von Dienstleistung anfallenden Kosten werden auf der Website angegeben und k\u00f6nnen dort berechnet werden.Die Lieferung erfolgt durch den Spediteur auf Stra\u00dfenniveau. Bei Lieferungen an Messen, Einkaufszentren usw. k\u00f6nnen die Tarife vorbehaltlich einer vorherigen Ank\u00fcndigung mit Zuschl\u00e4gen versehen werden.Die Waren reisen immer auf Risiko und Gefahr des Kunden, der gegen Aufpreis einen versicherten Service anfordern kann.Wir versenden nicht an Postf\u00e4cher.Armeno Caff\u00e8 kann unter keinen Umst\u00e4nden f\u00fcr direkte oder indirekte Sch\u00e4den haftbar gemacht werden, die durch eine versp\u00e4tete Lieferung einer Bestellung oder deren Verlust durch den Kurier verursacht werden. Der Kunde nimmt ausdr\u00fccklich zur Kenntnis, dass die auf der Website angegebene Verf\u00fcgbarkeit der Produkte aufgrund von Synchronizit\u00e4tsgr\u00fcnden zwischen den verschiedenen Vertriebskan\u00e4len von Armeno Caff\u00e8 S.r.l. m\u00f6glicherweise nicht der tats\u00e4chlichen Lagerverf\u00fcgbarkeit entspricht. Aus diesem Grund hat Armeno Caff\u00e8 S.r.l. beh\u00e4lt sich das Recht vor, die tats\u00e4chliche Verf\u00fcgbarkeit der vom Kunden online bestellten Produkte zu \u00fcberpr\u00fcfen. Sollten diese nicht verf\u00fcgbar sein, wird Armeno Caff\u00e8 S.r.l. Wir informieren den Kunden umgehend unter den angegebenen Kontaktdaten und veranlassen gegebenenfalls eine vollst\u00e4ndige oder teilweise R\u00fcckerstattung. Dem Kunden stehen keinerlei Anspr\u00fcche gegen\u00fcber Armeno Caff\u00e8 S.r.l. zu. f\u00fcr die Nichtverf\u00fcgbarkeit der online bestellten Produkte.Alle Produkte im Katalog werden mittels digital bearbeiteter Grafiken dargestellt. Daher dienen die gezeigten Bilder f\u00fcr alle Produkte im Katalog nur zur Veranschaulichung und sind aus vertraglicher Sicht nicht bindend.Armenischer Kaffee S.r.l. Armeno Caff\u00e8 S.r.l. versendet die bestellten Produkte auf die oben beschriebene Weise an den Kunden, und zwar per Expresskurier und\/oder Spedition. verpflichtet sich, Bestellungen innerhalb von 48 Stunden nach Eingang der Bestellung in der auf der\/den Website(s) angegebenen Zeit und Weise zu bearbeiten. Es wird davon ausgegangen, dass es in der Verantwortung des Kunden liegt, die Richtigkeit der in der von Armeno Caff\u00e8 S.r.l. gesendeten Auftragsbest\u00e4tigung enthaltenen Daten zu \u00fcberpr\u00fcfen. an den Kunden. Jegliche objektiven Unannehmlichkeiten wie Streiks, Transportunterbrechungen usw. stellt h\u00f6here Gewalt dar und Armeno Caff\u00e8 S.r.l. wird den Versand so schnell wie m\u00f6glich veranlassen. Die Lieferzeiten sind auf der\/den Website(s) angegeben und beziehen sich auf die in unseren Lagern bereitstehende Ware. Die Angabe dieser Fristen ist rein indikativ und f\u00fcr den Abschluss der Bestellung nicht bindend; etwaige Verz\u00f6gerungen k\u00f6nnen in keiner Weise eine Stornierung rechtfertigen oder zu Schadensersatzanspr\u00fcchen f\u00fcr etwaige direkte oder indirekte Sch\u00e4den seitens des K\u00e4ufers f\u00fchren. Im Falle der Nutzung eines Expresskurierdienstes, der \u00fcber ein System zur Sendungsverfolgung (Tracking) verf\u00fcgt, ist dieses System ausschlie\u00dflich Eigentum des Spediteurs, Armeno Caff\u00e8 S.r.l. haftet nicht f\u00fcr etwaige Anomalien, die bei der \u00dcberwachung der Lieferung auftreten k\u00f6nnen. Die Versandkosten f\u00fcr die Waren tr\u00e4gt der Kunde gem\u00e4\u00df den auf der\/den Website(s) im Abschnitt \u201eVersandkosten\u201c oder gleichwertig angegebenen Bedingungen. Die Lieferung der Produkte erfolgt vorbehaltlich der Zahlung des entsprechenden Preises durch den Kunden mit der von Armeno Caff\u00e8 S.r.l. auf der\/den Website(s) angebotenen Zahlungsmethode. Es liegt in der Verantwortung des Kunden, die Unversehrtheit der Waren bei Lieferung zu \u00fcberpr\u00fcfen, bevor er den Frachtbrief unterschreibt. Nach Unterzeichnung des Frachtbriefs des Kuriers ist eine Beanstandung etwaiger Manipulationen oder Sch\u00e4den an der gelieferten Ware nicht mehr m\u00f6glich.Die Steuerdokumentation (Rechnung oder Quittung) wird von Armeno Caff\u00e8 S.r.l. ausgestellt. wird physisch dem Paket beigelegt oder auf Kundenwunsch nachgeliefert. Es liegt in der Verantwortung des Kunden, am geplanten Liefertag der Bestellung anwesend zu sein. Bei Abwesenheit oder Nichtverf\u00fcgbarkeit des Bargeldes durch den Kunden bei Zahlung per Nachnahme wird der Kurier in den folgenden Tagen eine weitere Lieferung vornehmen; Bei der zweiten fehlgeschlagenen Zustellung sendet der Kurier das bestellte Paket an den Absender und dann an Armeno Caff\u00e8 S.r.l. zur\u00fcck. \u00dcber das Feld \u201eAnmerkungen\u201c k\u00f6nnen Sie die kostenfreie Hinterlegung des Pakets bei einer Postfiliale beantragen.Die von Armeno Caff\u00e8 S.r.l. angebotenen Aktionen sind g\u00fcltig, solange der Vorrat der Produkte reicht und\/oder bis zu dem in der Aktion selbst angegebenen Datum sowie innerhalb der auf der\/den Website(s) angegebenen Kauflimits. Das Angebot etwaiger Gratisprodukte gilt in jedem Fall, solange der Vorrat reicht.Auf der Website von Armeno Caff\u00e8 k\u00f6nnen Sie die folgenden Zahlungssysteme verwenden\u2013 Kreditkarte\u2013 PayPal\u2013 Bank\u00fcberweisung im Voraus Nachfolgend finden Sie alle Einzelheiten, die Ihnen bei der Auswahl der von Ihnen bevorzugten Zahlungsmethode helfen. Bitte beachten Sie, dass jedes Zahlungssystem unterschiedliche Zeitr\u00e4ume hat und Ihre Bestellung erst bearbeitet wird, wenn Ihre Zahlung auf unserem Konto gutgeschrieben ist. KREDITKARTENStripe ist die Plattform, die Kreditkartenzahlungen abwickelt. Sie m\u00fcssen lediglich auf der Checkout-Seite \u201eKreditkarten\u201c ausw\u00e4hlen, Ihre Kartendetails eingeben und auf \u201eBestellung best\u00e4tigen\u201c klicken. Sie haben die Wahl zwischen: Zahlung per Kreditkarte. Das System akzeptiert die folgenden Karten: Visa, Visa Electron, VPay, Mastercard, Maestro, American Express; PAYPAL Armeno Caff\u00e8 s.r.l verwendet f\u00fcr Ihre Zahlungen die PayPal-Plattform. Nach der Best\u00e4tigung Ihrer Bestelldaten werden Sie durch Auswahl dieses Zahlungssystems auf die PayPal-Plattform weitergeleitet. Geben Sie die Anmeldedaten Ihres PayPal-Kontos ein und schlie\u00dfen Sie die Zahlung ab.In diesem Fall erfolgt die Gutschrift auf unserem Konto in Echtzeit und Ihre Bestellung kann umgehend f\u00fcr den Versand vorbereitet werden. Bank\u00fcberweisung im Voraus Wenn Sie auf der Checkout-Seite \u201eBank\u00fcberweisung\u201c ausw\u00e4hlen und auf \u201eBestellung best\u00e4tigen\u201c klicken, wird Ihre Bestellung sofort best\u00e4tigt, bleibt aber im Status \u201eZahlung ausstehend\u201c.Um die bestellte Ware erhalten zu k\u00f6nnen, m\u00fcssen Sie den f\u00e4lligen Betrag innerhalb von 5 Tagen nach der Auftragsbest\u00e4tigung per Bank\u00fcberweisung bezahlen.Bitte geben Sie als Verwendungszweck bei der \u00dcberweisung immer Ihre Bestellnummer und den vollst\u00e4ndigen Namen des Bestellers an, wie er in der Bestellung angegeben ist. Bankverbindung:BANK BPMAgentur Sala BaganzaIBAN: EN 53 N 05034 65890 000 000 003028Kopfzeile: Armenian Coffee S.r.l Bis die Gutschrift auf unserem Bankkonto eingeht und somit die bestellte Ware versendet wird, dauert es 2 bis 4 Werktage.Die \u00dcberweisung muss von einer Bank im Land der Rechnungsstellung erfolgen.Die \u00dcberweisung muss innerhalb von f\u00fcnf (5) Werktagen ab der Auftragsbest\u00e4tigung erfolgen, die Armeno Caff\u00e8 s.r.l. werde es dir schicken. Sollte der Betrag auch nach Ablauf dieser Frist nicht eingegangen sein, wird die Bestellung storniert.Erst nach Zahlungseingang wird die bestellte Ware versendet. F\u00fcr Sendungen nach [&hellip;]<\/p>\n","protected":false},"author":2230,"featured_media":0,"parent":0,"menu_order":0,"comment_status":"closed","ping_status":"closed","template":"","meta":{"om_disable_all_campaigns":false,"_monsterinsights_skip_tracking":false,"_monsterinsights_sitenote_active":false,"_monsterinsights_sitenote_note":"","_monsterinsights_sitenote_category":0,"footnotes":""},"class_list":["post-32100","page","type-page","status-publish","hentry","post-no-thumbnail"],"aioseo_notices":[],"_links":{"self":[{"href":"https:\/\/armenocaffe.it\/de\/wp-json\/wp\/v2\/pages\/32100","targetHints":{"allow":["GET"]}}],"collection":[{"href":"https:\/\/armenocaffe.it\/de\/wp-json\/wp\/v2\/pages"}],"about":[{"href":"https:\/\/armenocaffe.it\/de\/wp-json\/wp\/v2\/types\/page"}],"author":[{"embeddable":true,"href":"https:\/\/armenocaffe.it\/de\/wp-json\/wp\/v2\/users\/2230"}],"replies":[{"embeddable":true,"href":"https:\/\/armenocaffe.it\/de\/wp-json\/wp\/v2\/comments?post=32100"}],"version-history":[{"count":5,"href":"https:\/\/armenocaffe.it\/de\/wp-json\/wp\/v2\/pages\/32100\/revisions"}],"predecessor-version":[{"id":32220,"href":"https:\/\/armenocaffe.it\/de\/wp-json\/wp\/v2\/pages\/32100\/revisions\/32220"}],"wp:attachment":[{"href":"https:\/\/armenocaffe.it\/de\/wp-json\/wp\/v2\/media?parent=32100"}],"curies":[{"name":"wp","href":"https:\/\/api.w.org\/{rel}","templated":true}]}}