{"id":32138,"date":"2024-01-15T16:46:46","date_gmt":"2024-01-15T16:46:46","guid":{"rendered":"https:\/\/armenocaffe.it\/?page_id=32138"},"modified":"2025-03-17T11:21:49","modified_gmt":"2025-03-17T11:21:49","slug":"allgemeine-verkaufsbedingungen","status":"publish","type":"page","link":"https:\/\/armenocaffe.it\/de\/allgemeine-verkaufsbedingungen\/","title":{"rendered":"Allgemeine Verkaufsbedingungen"},"content":{"rendered":"\t\t<div data-elementor-type=\"wp-page\" data-elementor-id=\"32138\" class=\"elementor elementor-32138 elementor-25874\" data-elementor-post-type=\"page\">\n\t\t\t\t\t\t<section class=\"elementor-section elementor-top-section elementor-element elementor-element-138cd743 elementor-section-boxed elementor-section-gap-beside-yes elementor-section-height-default elementor-section-height-default elementor-section-column-vertical-align-stretch\" data-id=\"138cd743\" data-element_type=\"section\">\n\t\t\t\t\t\t<div class=\"elementor-container elementor-column-gap-extended\">\n\t\t\t\t\t<div class=\"elementor-column elementor-col-100 elementor-top-column elementor-element elementor-element-4f1a449d\" data-id=\"4f1a449d\" data-element_type=\"column\">\n\t\t\t<div class=\"elementor-widget-wrap elementor-element-populated\">\n\t\t\t\t\t\t<div class=\"elementor-element elementor-element-4b744657 elementor-widget elementor-widget-text-editor\" data-id=\"4b744657\" data-element_type=\"widget\" data-widget_type=\"text-editor.default\">\n\t\t\t\t<div class=\"elementor-widget-container\">\n\t\t\t\t\t\t\t\t\t<ul>\n<li>Allgemeine Bestimmungen<br \/>Diese Bedingungen gelten ausschlie\u00dflich zwischen der Firma Armeno Caff\u00e8 s.r.l. mit Sitz in Via Paradigna 61\/A, 43122 Parma, REA PR 153093, USt-IdNr. 01682080344, Steuernummer 03169870486, im Folgenden \u201eARMENO CAFF\u00c8 S.R.L\u201c genannt, und jede Person, die Online-Eink\u00e4ufe auf der Website www.armenocaffe.it t\u00e4tigt, im Folgenden \u201eKUNDE\u201c genannt. Diese Bedingungen k\u00f6nnen \u00c4nderungen unterliegen und das Datum der Ver\u00f6ffentlichung derselben auf der Website entspricht dem Datum des Inkrafttretens<\/li>\n<\/ul>\n<p>Diese Bedingungen gelten f\u00fcr K\u00e4ufe, die auf der Website www. get\u00e4tigt werden. armenocaffe.it, gem\u00e4\u00df den Bestimmungen von Teil III, Titel III, Kapitel I, des Verbraucherschutzgesetzes, Gesetzesdekret Nr. 206\/2005, ge\u00e4ndert durch Gesetzesdekret Nr. 21\/2014 und Gesetzesdekret Nr. 70\/2003 \u00fcber den elektronischen Gesch\u00e4ftsverkehr.<\/p>\n<p><strong>ARTIKEL 1 \u2013 Vertragsgegenstand<\/strong><\/p>\n<p>Unter diesen allgemeinen Verkaufsbedingungen verkauft ARMENO CAFF\u00c8 S.R.L. die auf der Website armenocaffe.it angegebenen und zum Verkauf angebotenen materiellen G\u00fcter und kauft der KUNDE diese im Fernabsatz. Der Vertragsabschluss erfolgt ausschlie\u00dflich \u00fcber das Internet, indem der KUNDE die Adresse www.armenocaffe.it aufruft und gem\u00e4\u00df dem auf der Website selbst vorgesehenen Verfahren eine Bestellung aufgibt.<\/p>\n<p>Der Kunde verpflichtet sich, vor der Best\u00e4tigung seiner Bestellung diese Allgemeinen Verkaufsbedingungen, insbesondere die von ARMENO CAFF\u00c8 S.R.L. bereitgestellten vorvertraglichen Informationen, zu lesen und diese durch Ankreuzen des daf\u00fcr vorgesehenen K\u00e4stchens zu akzeptieren.<\/p>\n<p><strong>ARTIKEL 2 \u2013 Vorvertragliche Informationen f\u00fcr den Verbraucher \u2013 Art. 49 des Gesetzesdekrets 206\/2005<\/strong><\/p>\n<p>Vor Abschluss des Kaufvertrages pr\u00fcft der KUNDE die Eigenschaften der Ware, die in den einzelnen Produktbl\u00e4ttern zum Zeitpunkt der Auswahl durch den KUNDEN dargestellt sind.<\/p>\n<p>Vor der Best\u00e4tigung der Bestellung mit \u201eZahlung best\u00e4tigen\u201c wird der KUNDE \u00fcber Folgendes informiert:<\/p>\n<p>Gesamtpreis der Waren einschlie\u00dflich Steuern, mit Angabe der Versandkosten und etwaiger weiterer Kosten;<br \/>Zahlungsmethode;<br \/>Der KUNDE kann jederzeit und in jedem Fall vor Vertragsabschluss die Informationen zu ARMENO CAFF\u00c8 S.R.L., die geografische Adresse, Telefon- und Faxnummer, E-Mail-Adresse und die nachstehend aufgef\u00fchrten Informationen zur Kenntnis nehmen:<\/p>\n<p>Armeno caff\u00e8 Srl Via Paradigna 61\/A 43122 Parma Tel. 0521\/963785 info@armenocaffe.it<\/p>\n<p><strong>ARTIKEL 3 \u2013 Abschluss und Wirksamkeit des Vertrages<\/strong><\/p>\n<p>Der Kaufvertrag gilt mit der Zusendung einer Auftragsbest\u00e4tigungs-E-Mail durch ARMENO CAFF\u00c8 S.R.L an den KUNDEN als abgeschlossen. Die E-Mail enth\u00e4lt die Daten und Bestellnummer des KUNDEN, den Preis der gekauften Ware, die Versandkosten und die Lieferadresse, an die die Ware gesendet wird.<\/p>\n<p>Der KUNDE verpflichtet sich, die Richtigkeit der in der obigen E-Mail enthaltenen personenbezogenen Daten zu \u00fcberpr\u00fcfen und ARMENO CAFF\u00c8 S.R.L. unverz\u00fcglich \u00fcber etwaige vorzunehmende Korrekturen\/\u00c4nderungen zu informieren.<\/p>\n<p>ARMENO CAFF\u00c8 S.R.L verpflichtet sich, die auf der Website verkauften Artikel bestm\u00f6glich zu beschreiben und zu pr\u00e4sentieren. Dennoch k\u00f6nnen einige Fehler, Ungenauigkeiten oder kleine Unterschiede zwischen dem auf der Website abgebildeten Produkt und dem tats\u00e4chlichen Produkt auftreten. Dar\u00fcber hinaus stellen die Fotos der auf www.armenocaff\u00e8.it pr\u00e4sentierten Produkte kein Vertragselement dar, da sie lediglich als repr\u00e4sentativ anzusehen sind.<\/p>\n<p>ARMENO CAFF\u00c8 S.R.L verpflichtet sich, die Waren innerhalb von 10 Tagen nach dem Versand der E-Mail mit der Auftragsbest\u00e4tigung durch ARMENO CAFF\u00c8 S.R.L an den KUNDEN zu liefern.<\/p>\n<p><strong>ARTIKEL 4 \u2013 Verf\u00fcgbarkeit der Produkte<\/strong><\/p>\n<p>Die Verf\u00fcgbarkeit der Produkte bezieht sich auf die tats\u00e4chliche Verf\u00fcgbarkeit zum Zeitpunkt der Bestellung durch den KUNDEN. Allerdings ist diese Verf\u00fcgbarkeit rein indikativ, da:<\/p>\n<p>\u2013 Die Produkte k\u00f6nnten aufgrund der gleichzeitigen Anwesenheit mehrerer Benutzer auf der Website vor der Best\u00e4tigung der Bestellung an andere KUNDEN verkauft werden.<\/p>\n<p>\u2013 Es k\u00f6nnte eine Computeranomalie auftreten, die ein Produkt zum Kauf verf\u00fcgbar macht, das in Wirklichkeit nicht verf\u00fcgbar ist.<\/p>\n<p>Auch nach dem Versand der Bestellbest\u00e4tigungs-E-Mail durch ARMENO CAFF\u00c8 S.R.L kann es zu einer teilweisen oder vollst\u00e4ndigen Nichtverf\u00fcgbarkeit der Waren kommen. In diesem Fall wird die Bestellung automatisch korrigiert, indem das oder die nicht verf\u00fcgbaren Produkte entfernt werden, und der KUNDE wird umgehend per E-Mail informiert; Mit dieser E-Mail wird der Kunde auch \u00fcber die Art und Weise der R\u00fcckerstattung aller gezahlten Betr\u00e4ge informiert.<\/p>\n<p><strong>ARTIKEL 5 \u2013 Zahlungsmethoden<\/strong><\/p>\n<p>Jede Zahlung durch den KUNDEN kann ausschlie\u00dflich mit den auf der Website armenocaffe.it angegebenen Kreditkarten, per Bank\u00fcberweisung oder mit der Zahlungsmethode Paypal erfolgen.<\/p>\n<p>Die Kommunikation im Zusammenhang mit der Zahlung und den vom KUNDEN bei der Zahlung \u00fcbermittelten Daten erfolgt \u00fcber besonders gesch\u00fctzte Leitungen.<\/p>\n<p><strong>ARTIKEL 6 \u2013 Preise<\/strong><\/p>\n<p>Alle Verkaufspreise der auf der Website armenocaffe.it angegebenen Produkte sind in Euro angegeben und enthalten die Mehrwertsteuer.<\/p>\n<p>Die Versandkosten sind nicht im Kaufpreis enthalten, werden jedoch am Ende des Kaufvorgangs vor der Zahlung angezeigt und berechnet. Bei Bestellungen \u00fcber 25 Euro ist der Versand innerhalb Italiens mit Ausnahme von Campione d\u2019Italia und Livigno kostenlos.<\/p>\n<p>Der KUNDE akzeptiert das Recht von ARMENO CAFF\u00c8 S.R.L, seine Preise jederzeit zu \u00e4ndern. Die Waren werden jedoch auf der Grundlage der Preise in Rechnung gestellt, die zum Zeitpunkt der Erstellung der Bestellung auf der Website angegeben und in der Best\u00e4tigungs-E-Mail aufgef\u00fchrt sind, die ARMENO CAFF\u00c8 S.R.L an den KUNDEN sendet.<\/p>\n<p>Im Falle eines IT-, manuellen, technischen oder sonstigen Fehlers, der zu einer wesentlichen, von ARMENO CAFF\u00c8 S.R.L. nicht vorhergesehenen \u00c4nderung des Verkaufspreises f\u00fchren kann, sodass dieser \u00fcberh\u00f6ht oder eindeutig l\u00e4cherlich hoch ausf\u00e4llt, wird die Bestellung als ung\u00fcltig betrachtet und storniert. Der vom KUNDEN gezahlte Betrag wird innerhalb von 14 Tagen ab dem Tag der Stornierung zur\u00fcckerstattet.<\/p>\n<p><strong>ARTIKEL 7 \u2013 Widerrufsrecht<\/strong><\/p>\n<p>Gem\u00e4\u00df den geltenden gesetzlichen Bestimmungen hat der KUNDE das Recht, innerhalb von 14 Tagen ab dem Datum des Erhalts der Produkte ohne Vertragsstrafe und ohne Angabe von Gr\u00fcnden vom Kauf zur\u00fcckzutreten.<\/p>\n<p>Der KUNDE, der von seinem Widerrufsrecht Gebrauch machen m\u00f6chte, muss dies ARMENO CAFF\u00c8 S.R.L per Post oder E-Mail an die folgende Adresse mitteilen:<\/p>\n<p>Armenian Coffee Srl<br \/>Paradigna-Stra\u00dfe 61\/A<br \/>43122 Parma<br \/>communication@armenocaffe.it<\/p>\n<p>Im Falle der Aus\u00fcbung des Widerrufsrechts ist der KUNDE verpflichtet, die Waren innerhalb von 14 Tagen ab dem Tag zur\u00fcckzusenden, an dem er ARMENO CAFF\u00c8 S.R.L seine Absicht mitgeteilt hat, vom Vertrag gem\u00e4\u00df Art. zur\u00fcckzutreten. 57 des Gesetzesdekrets 206\/2005.<\/p>\n<p>Die Ware muss an ARMENO CAFF\u00c8 S.R.L Via Paradigna 61\/A 43122 Parma zur\u00fcckgesandt werden.<\/p>\n<p>Die Ware muss unbesch\u00e4digt, in der Originalverpackung und vollst\u00e4ndig in allen Teilen zur\u00fcckgesandt werden. Unbeschadet des Rechts, die Einhaltung der oben genannten Bestimmungen zu \u00fcberpr\u00fcfen, erstattet ARMENO CAFF\u00c8 S.R.L den Betrag der vom Widerruf betroffenen Produkte innerhalb einer Frist von maximal 14 Tagen zur\u00fcck.<\/p>\n<p>F\u00fcr die R\u00fccksendung des vom Widerruf betroffenen Produkts gew\u00e4hrleistet Armeno Caff\u00e8 s.r.l seinen Kunden die M\u00f6glichkeit, einen mit ihm zusammenarbeitenden Spediteur zu beauftragen. Falls der Kunde sich f\u00fcr die Nutzung dieses Dienstes entscheidet, werden die Versandkosten (mit Ausnahme der Kosten f\u00fcr telefonische Reservierungen) von Armeno Caff\u00e8 s.r.l getragen (Art. 56 Co.1 Dlgs 206\/2005). Falls der Kunde einen anderen Spediteur oder eine andere Versandart nutzen m\u00f6chte, gehen s\u00e4mtliche Kosten zu seinen Lasten (Art. 56 Abs. 2 Gesetzesdekret 206\/2005).<\/p>\n<p>Dem Kunden wird au\u00dferdem das Recht einger\u00e4umt, das online gekaufte Produkt an Armeno Caff\u00e8 s.r.l. zur\u00fcckzusenden. Verkaufsstelle. In diesem Fall gehen die mit der R\u00fccksendung verbundenen Kosten zu Lasten des Kunden (z. B. Benzin, Demontage des Produkts usw.).<\/p>\n<p>Wie in Art. vorgesehen. 56 Absatz 3 des Gesetzesdekrets 206\/2005, ge\u00e4ndert durch das Gesetzesdekret 21\/2014, kann ARMENO CAFF\u00c8 S.R.L die R\u00fcckerstattung bis zum Erhalt der Waren aussetzen oder bis der KUNDE nachgewiesen hat, dass er die Waren an ARMENO CAFF\u00c8 S.R.L zur\u00fcckgesandt hat.<\/p>\n<p>ARMENO CAFF\u00c8 S.R.L f\u00fchrt die R\u00fcckerstattung mit derselben Zahlungsmethode durch, die der KUNDE w\u00e4hrend der Kaufphase gew\u00e4hlt hat. Im Falle einer Zahlung per Bank\u00fcberweisung und wenn der KUNDE von seinem Widerrufsrecht Gebrauch machen m\u00f6chte, muss er ARMENO CAFF\u00c8 S.R.L \u00fcber den Abschnitt \u201eKontakt\u201c die Bankdaten mitteilen: IBAN, SWIFT und BIC, die ARMENO CAFF\u00c8 S.R.L f\u00fcr die R\u00fcckerstattung ben\u00f6tigt.<\/p>\n<p><strong>ARTIKEL 8 \u2013 Gesetzliche Konformit\u00e4tsgarantie<\/strong><\/p>\n<p>Im Falle des Erhalts mangelhafter oder in jedem Fall nicht den Bestellungen entsprechender Produkte hat der KUNDE das Recht, die Konformit\u00e4t des Produkts durch kostenlosen Austausch wiederherzustellen.<\/p>\n<p>Um das oben genannte Recht auszu\u00fcben, muss der Kunde die Kommunikation fortsetzen, indem er eine E-Mail an comunicazione@rmenocaffe.it sendet<\/p>\n<p>Im Falle eines defekten oder nicht konformen Produkts organisiert ARMENO CAFF\u00c8 S.R.L auf eigene Kosten die Abholung des Produkts, entsprechend der Verf\u00fcgbarkeit des KUNDEN.<\/p>\n<p><strong>ARTIKEL 9 \u2013 Liefermethoden<\/strong><\/p>\n<p>ARMENO CAFF\u00c8 S.R.L akzeptiert nur Bestellungen mit Lieferung innerhalb Italiens und der Republik San Marino. Die Produkte werden per Expresskurier an die vom KUNDEN zum Zeitpunkt der Bestellung angegebene Adresse geliefert, und zwar innerhalb von sp\u00e4testens 10 Tagen ab dem Datum des Eingangs der von ARMENO CAFF\u00c8 S.R.L. gesendeten E-Mail mit der Bestellbest\u00e4tigung beim KUNDEN.<\/p>\n<p>F\u00fcr jede Bestellung, die \u00fcber die Website www.Armeno Caff\u00e8 s.r.l.it aufgegeben wird, stellt ARMENO CAFF\u00c8 S.R.L eine Quittung f\u00fcr die versandten Waren aus.<\/p>\n<p><strong>ARTIKEL 10 \u2013 Haftung<\/strong><\/p>\n<p>ARMENO CAFF\u00c8 S.R.L \u00fcbernimmt keine Verantwortung f\u00fcr St\u00f6rungen aufgrund h\u00f6herer Gewalt oder unvorhersehbarer Umst\u00e4nde, auch wenn diese auf St\u00f6rungen und Ausf\u00e4lle des Internetnetzwerks zur\u00fcckzuf\u00fchren sind, falls es nicht m\u00f6glich ist, die Bestellung innerhalb der im Vertrag festgelegten Fristen auszuf\u00fchren.<\/p>\n<p><strong>ARTIKEL 11 \u2013 Zugriff auf die Website<\/strong><\/p>\n<p>Der KUNDE hat das Recht, auf die Website zuzugreifen, um Beratungen durchzuf\u00fchren und Eink\u00e4ufe zu t\u00e4tigen. Eine andere, insbesondere kommerzielle Nutzung der Website und ihrer Inhalte ist nicht gestattet. Die Integrit\u00e4t der Elemente dieser Website, ob Audio oder Video, und die damit verbundene verwendete Technologie bleiben Eigentum von ARMENO CAFF\u00c8 S.R.L und sind durch geistige Eigentumsrechte gesch\u00fctzt.<\/p>\n<p><strong>ARTIKEL 12 \u2013 Vollst\u00e4ndigkeit<\/strong><\/p>\n<p>Diese Allgemeinen Verkaufsbedingungen bestehen aus allen Klauseln, aus denen sie bestehen. Sollte eine Bestimmung dieser Allgemeinen Verkaufsbedingungen aufgrund gesetzlicher Bestimmungen, Vorschriften oder einer Entscheidung eines zust\u00e4ndigen Gerichts ung\u00fcltig sein oder f\u00fcr ung\u00fcltig erkl\u00e4rt werden, bleiben die \u00fcbrigen Bestimmungen davon unber\u00fchrt und voll wirksam.<\/p>\n<p><strong>ARTIKEL 13 \u2013 Geltendes Recht und Gerichtsstand<\/strong><\/p>\n<p>Diese Allgemeinen Verkaufsbedingungen unterliegen italienischem Recht.<\/p>\n<p>F\u00fcr alle Streitigkeiten, die nicht g\u00fctlich beigelegt werden k\u00f6nnen, ist ausschlie\u00dflich das Gericht von Parma zust\u00e4ndig.<\/p>\n<p>Allgemeine Verkaufsbedingungen aktualisiert am 22. Juni 2018.<\/p>\t\t\t\t\t\t\t\t<\/div>\n\t\t\t\t<\/div>\n\t\t\t\t\t<\/div>\n\t\t<\/div>\n\t\t\t\t\t<\/div>\n\t\t<\/section>\n\t\t\t\t<\/div>\n\t\t","protected":false},"excerpt":{"rendered":"<p>Allgemeine BestimmungenDiese Bedingungen gelten ausschlie\u00dflich zwischen der Firma Armeno Caff\u00e8 s.r.l. mit Sitz in Via Paradigna 61\/A, 43122 Parma, REA PR 153093, USt-IdNr. 01682080344, Steuernummer 03169870486, im Folgenden \u201eARMENO CAFF\u00c8 S.R.L\u201c genannt, und jede Person, die Online-Eink\u00e4ufe auf der Website www.armenocaffe.it t\u00e4tigt, im Folgenden \u201eKUNDE\u201c genannt. Diese Bedingungen k\u00f6nnen \u00c4nderungen unterliegen und das Datum der Ver\u00f6ffentlichung derselben auf der Website entspricht dem Datum des Inkrafttretens Diese Bedingungen gelten f\u00fcr K\u00e4ufe, die auf der Website www. get\u00e4tigt werden. armenocaffe.it, gem\u00e4\u00df den Bestimmungen von Teil III, Titel III, Kapitel I, des Verbraucherschutzgesetzes, Gesetzesdekret Nr. 206\/2005, ge\u00e4ndert durch Gesetzesdekret Nr. 21\/2014 und Gesetzesdekret Nr. 70\/2003 \u00fcber den elektronischen Gesch\u00e4ftsverkehr. ARTIKEL 1 \u2013 Vertragsgegenstand Unter diesen allgemeinen Verkaufsbedingungen verkauft ARMENO CAFF\u00c8 S.R.L. die auf der Website armenocaffe.it angegebenen und zum Verkauf angebotenen materiellen G\u00fcter und kauft der KUNDE diese im Fernabsatz. Der Vertragsabschluss erfolgt ausschlie\u00dflich \u00fcber das Internet, indem der KUNDE die Adresse www.armenocaffe.it aufruft und gem\u00e4\u00df dem auf der Website selbst vorgesehenen Verfahren eine Bestellung aufgibt. Der Kunde verpflichtet sich, vor der Best\u00e4tigung seiner Bestellung diese Allgemeinen Verkaufsbedingungen, insbesondere die von ARMENO CAFF\u00c8 S.R.L. bereitgestellten vorvertraglichen Informationen, zu lesen und diese durch Ankreuzen des daf\u00fcr vorgesehenen K\u00e4stchens zu akzeptieren. ARTIKEL 2 \u2013 Vorvertragliche Informationen f\u00fcr den Verbraucher \u2013 Art. 49 des Gesetzesdekrets 206\/2005 Vor Abschluss des Kaufvertrages pr\u00fcft der KUNDE die Eigenschaften der Ware, die in den einzelnen Produktbl\u00e4ttern zum Zeitpunkt der Auswahl durch den KUNDEN dargestellt sind. Vor der Best\u00e4tigung der Bestellung mit \u201eZahlung best\u00e4tigen\u201c wird der KUNDE \u00fcber Folgendes informiert: Gesamtpreis der Waren einschlie\u00dflich Steuern, mit Angabe der Versandkosten und etwaiger weiterer Kosten;Zahlungsmethode;Der KUNDE kann jederzeit und in jedem Fall vor Vertragsabschluss die Informationen zu ARMENO CAFF\u00c8 S.R.L., die geografische Adresse, Telefon- und Faxnummer, E-Mail-Adresse und die nachstehend aufgef\u00fchrten Informationen zur Kenntnis nehmen: Armeno caff\u00e8 Srl Via Paradigna 61\/A 43122 Parma Tel. 0521\/963785 info@armenocaffe.it ARTIKEL 3 \u2013 Abschluss und Wirksamkeit des Vertrages Der Kaufvertrag gilt mit der Zusendung einer Auftragsbest\u00e4tigungs-E-Mail durch ARMENO CAFF\u00c8 S.R.L an den KUNDEN als abgeschlossen. Die E-Mail enth\u00e4lt die Daten und Bestellnummer des KUNDEN, den Preis der gekauften Ware, die Versandkosten und die Lieferadresse, an die die Ware gesendet wird. Der KUNDE verpflichtet sich, die Richtigkeit der in der obigen E-Mail enthaltenen personenbezogenen Daten zu \u00fcberpr\u00fcfen und ARMENO CAFF\u00c8 S.R.L. unverz\u00fcglich \u00fcber etwaige vorzunehmende Korrekturen\/\u00c4nderungen zu informieren. ARMENO CAFF\u00c8 S.R.L verpflichtet sich, die auf der Website verkauften Artikel bestm\u00f6glich zu beschreiben und zu pr\u00e4sentieren. Dennoch k\u00f6nnen einige Fehler, Ungenauigkeiten oder kleine Unterschiede zwischen dem auf der Website abgebildeten Produkt und dem tats\u00e4chlichen Produkt auftreten. Dar\u00fcber hinaus stellen die Fotos der auf www.armenocaff\u00e8.it pr\u00e4sentierten Produkte kein Vertragselement dar, da sie lediglich als repr\u00e4sentativ anzusehen sind. ARMENO CAFF\u00c8 S.R.L verpflichtet sich, die Waren innerhalb von 10 Tagen nach dem Versand der E-Mail mit der Auftragsbest\u00e4tigung durch ARMENO CAFF\u00c8 S.R.L an den KUNDEN zu liefern. ARTIKEL 4 \u2013 Verf\u00fcgbarkeit der Produkte Die Verf\u00fcgbarkeit der Produkte bezieht sich auf die tats\u00e4chliche Verf\u00fcgbarkeit zum Zeitpunkt der Bestellung durch den KUNDEN. Allerdings ist diese Verf\u00fcgbarkeit rein indikativ, da: \u2013 Die Produkte k\u00f6nnten aufgrund der gleichzeitigen Anwesenheit mehrerer Benutzer auf der Website vor der Best\u00e4tigung der Bestellung an andere KUNDEN verkauft werden. \u2013 Es k\u00f6nnte eine Computeranomalie auftreten, die ein Produkt zum Kauf verf\u00fcgbar macht, das in Wirklichkeit nicht verf\u00fcgbar ist. Auch nach dem Versand der Bestellbest\u00e4tigungs-E-Mail durch ARMENO CAFF\u00c8 S.R.L kann es zu einer teilweisen oder vollst\u00e4ndigen Nichtverf\u00fcgbarkeit der Waren kommen. In diesem Fall wird die Bestellung automatisch korrigiert, indem das oder die nicht verf\u00fcgbaren Produkte entfernt werden, und der KUNDE wird umgehend per E-Mail informiert; Mit dieser E-Mail wird der Kunde auch \u00fcber die Art und Weise der R\u00fcckerstattung aller gezahlten Betr\u00e4ge informiert. ARTIKEL 5 \u2013 Zahlungsmethoden Jede Zahlung durch den KUNDEN kann ausschlie\u00dflich mit den auf der Website armenocaffe.it angegebenen Kreditkarten, per Bank\u00fcberweisung oder mit der Zahlungsmethode Paypal erfolgen. Die Kommunikation im Zusammenhang mit der Zahlung und den vom KUNDEN bei der Zahlung \u00fcbermittelten Daten erfolgt \u00fcber besonders gesch\u00fctzte Leitungen. ARTIKEL 6 \u2013 Preise Alle Verkaufspreise der auf der Website armenocaffe.it angegebenen Produkte sind in Euro angegeben und enthalten die Mehrwertsteuer. Die Versandkosten sind nicht im Kaufpreis enthalten, werden jedoch am Ende des Kaufvorgangs vor der Zahlung angezeigt und berechnet. Bei Bestellungen \u00fcber 25 Euro ist der Versand innerhalb Italiens mit Ausnahme von Campione d\u2019Italia und Livigno kostenlos. Der KUNDE akzeptiert das Recht von ARMENO CAFF\u00c8 S.R.L, seine Preise jederzeit zu \u00e4ndern. Die Waren werden jedoch auf der Grundlage der Preise in Rechnung gestellt, die zum Zeitpunkt der Erstellung der Bestellung auf der Website angegeben und in der Best\u00e4tigungs-E-Mail aufgef\u00fchrt sind, die ARMENO CAFF\u00c8 S.R.L an den KUNDEN sendet. Im Falle eines IT-, manuellen, technischen oder sonstigen Fehlers, der zu einer wesentlichen, von ARMENO CAFF\u00c8 S.R.L. nicht vorhergesehenen \u00c4nderung des Verkaufspreises f\u00fchren kann, sodass dieser \u00fcberh\u00f6ht oder eindeutig l\u00e4cherlich hoch ausf\u00e4llt, wird die Bestellung als ung\u00fcltig betrachtet und storniert. Der vom KUNDEN gezahlte Betrag wird innerhalb von 14 Tagen ab dem Tag der Stornierung zur\u00fcckerstattet. ARTIKEL 7 \u2013 Widerrufsrecht Gem\u00e4\u00df den geltenden gesetzlichen Bestimmungen hat der KUNDE das Recht, innerhalb von 14 Tagen ab dem Datum des Erhalts der Produkte ohne Vertragsstrafe und ohne Angabe von Gr\u00fcnden vom Kauf zur\u00fcckzutreten. Der KUNDE, der von seinem Widerrufsrecht Gebrauch machen m\u00f6chte, muss dies ARMENO CAFF\u00c8 S.R.L per Post oder E-Mail an die folgende Adresse mitteilen: Armenian Coffee SrlParadigna-Stra\u00dfe 61\/A43122 Parmacommunication@armenocaffe.it Im Falle der Aus\u00fcbung des Widerrufsrechts ist der KUNDE verpflichtet, die Waren innerhalb von 14 Tagen ab dem Tag zur\u00fcckzusenden, an dem er ARMENO CAFF\u00c8 S.R.L seine Absicht mitgeteilt hat, vom Vertrag gem\u00e4\u00df Art. zur\u00fcckzutreten. 57 des Gesetzesdekrets 206\/2005. Die Ware muss an ARMENO CAFF\u00c8 S.R.L Via Paradigna 61\/A 43122 Parma zur\u00fcckgesandt werden. Die Ware muss unbesch\u00e4digt, in der Originalverpackung und vollst\u00e4ndig in allen Teilen zur\u00fcckgesandt werden. Unbeschadet des Rechts, die Einhaltung der oben genannten Bestimmungen zu \u00fcberpr\u00fcfen, erstattet ARMENO CAFF\u00c8 S.R.L den Betrag der vom Widerruf betroffenen Produkte innerhalb einer Frist von maximal 14 Tagen zur\u00fcck. F\u00fcr die R\u00fccksendung des vom Widerruf betroffenen Produkts gew\u00e4hrleistet Armeno Caff\u00e8 s.r.l seinen Kunden die M\u00f6glichkeit, einen mit ihm zusammenarbeitenden Spediteur zu beauftragen. Falls der [&hellip;]<\/p>\n","protected":false},"author":2230,"featured_media":0,"parent":0,"menu_order":0,"comment_status":"closed","ping_status":"closed","template":"","meta":{"om_disable_all_campaigns":false,"_monsterinsights_skip_tracking":false,"_monsterinsights_sitenote_active":false,"_monsterinsights_sitenote_note":"","_monsterinsights_sitenote_category":0,"footnotes":""},"class_list":["post-32138","page","type-page","status-publish","hentry","post-no-thumbnail"],"aioseo_notices":[],"_links":{"self":[{"href":"https:\/\/armenocaffe.it\/de\/wp-json\/wp\/v2\/pages\/32138","targetHints":{"allow":["GET"]}}],"collection":[{"href":"https:\/\/armenocaffe.it\/de\/wp-json\/wp\/v2\/pages"}],"about":[{"href":"https:\/\/armenocaffe.it\/de\/wp-json\/wp\/v2\/types\/page"}],"author":[{"embeddable":true,"href":"https:\/\/armenocaffe.it\/de\/wp-json\/wp\/v2\/users\/2230"}],"replies":[{"embeddable":true,"href":"https:\/\/armenocaffe.it\/de\/wp-json\/wp\/v2\/comments?post=32138"}],"version-history":[{"count":5,"href":"https:\/\/armenocaffe.it\/de\/wp-json\/wp\/v2\/pages\/32138\/revisions"}],"predecessor-version":[{"id":32188,"href":"https:\/\/armenocaffe.it\/de\/wp-json\/wp\/v2\/pages\/32138\/revisions\/32188"}],"wp:attachment":[{"href":"https:\/\/armenocaffe.it\/de\/wp-json\/wp\/v2\/media?parent=32138"}],"curies":[{"name":"wp","href":"https:\/\/api.w.org\/{rel}","templated":true}]}}