{"id":24487,"date":"2023-08-03T08:03:45","date_gmt":"2023-08-03T08:03:45","guid":{"rendered":"https:\/\/armenocaffe.krescendo.it\/shop\/unkategorisiert\/caracolito-caffe-in-grani-e-macinato\/"},"modified":"2025-03-18T11:18:22","modified_gmt":"2025-03-18T11:18:22","slug":"caracolito-caffe-in-grani-e-macinato","status":"publish","type":"product","link":"https:\/\/armenocaffe.it\/de\/shop\/grani-e-macinato-de\/caracolito-caffe-in-grani-e-macinato\/","title":{"rendered":"Caracolito &#8211;  Kaffeebohnen und gemahlener Kaffee"},"content":{"rendered":"\t\t<div data-elementor-type=\"wp-post\" data-elementor-id=\"24487\" class=\"elementor elementor-24487 elementor-22678\" data-elementor-post-type=\"product\">\n\t\t\t\t\t\t<section class=\"elementor-section elementor-top-section elementor-element elementor-element-01a54ad elementor-section-full_width elementor-section-gap-beside-no elementor-section-height-default elementor-section-height-default elementor-section-column-vertical-align-stretch\" data-id=\"01a54ad\" data-element_type=\"section\">\n\t\t\t\t\t\t<div class=\"elementor-container elementor-column-gap-extended\">\n\t\t\t\t\t<div class=\"elementor-column elementor-col-100 elementor-top-column elementor-element elementor-element-2e7e1d2\" data-id=\"2e7e1d2\" data-element_type=\"column\">\n\t\t\t<div class=\"elementor-widget-wrap elementor-element-populated\">\n\t\t\t\t\t\t<div class=\"elementor-element elementor-element-288ef37 elementor-widget elementor-widget-text-editor\" data-id=\"288ef37\" data-element_type=\"widget\" data-widget_type=\"text-editor.default\">\n\t\t\t\t<div class=\"elementor-widget-container\">\n\t\t\t\t\t\t\t\t\tINHALTSSTOFFE<br>\nIn Italien hergestellter R\u00f6stkaffee.<br>\n\nAUFBEWAHRUNG<br>\nK\u00fchl, trocken und vor W\u00e4rme gesch\u00fctzt lagern.\n\t\t\t\t\t\t\t\t<\/div>\n\t\t\t\t<\/div>\n\t\t\t\t\t<\/div>\n\t\t<\/div>\n\t\t\t\t\t<\/div>\n\t\t<\/section>\n\t\t\t\t<\/div>\n\t\t","protected":false},"excerpt":{"rendered":"<p class=\"p1\">Brasilianische sortenreine Kaffeemischung, deren Ursprung in der Frucht der Kaffeepflanze, der Steinfrucht, liegt.<\/p>\n<p class=\"p1\">In den meisten Beeren befindet sich ein in zwei Teile geteilter Kern, manche bestehen aber auch aus einem einzigen ganzen Kern, und genau das macht diese Kaffeesorte so selten.<\/p>\n<p class=\"p1\">Die extrahierten Kaffeebohnen werden \u201ePerla\u201c oder \u201eCaracolito\u201c genannt und ihre Kugelform erm\u00f6glicht eine homogenere R\u00f6stung, die der Kaffeemischung ein intensives und elegantes Aroma verleiht.<\/p>\n<p class=\"p1\">Erh\u00e4ltlich in Kaffeebohnen oder gemahlenem sortenreinem Kaffee f\u00fcr Espresso und italienischen Mokka.<\/p>\n","protected":false},"featured_media":25253,"template":"","meta":{"om_disable_all_campaigns":false,"_monsterinsights_skip_tracking":false,"_monsterinsights_sitenote_active":false,"_monsterinsights_sitenote_note":"","_monsterinsights_sitenote_category":0},"product_brand":[],"product_cat":[175],"product_tag":[],"class_list":{"0":"post-24487","1":"product","2":"type-product","3":"status-publish","4":"has-post-thumbnail","6":"product_cat-grani-e-macinato-de","8":"first","9":"instock","10":"featured","11":"taxable","12":"shipping-taxable","13":"purchasable","14":"product-type-variable"},"aioseo_notices":[],"_links":{"self":[{"href":"https:\/\/armenocaffe.it\/de\/wp-json\/wp\/v2\/product\/24487","targetHints":{"allow":["GET"]}}],"collection":[{"href":"https:\/\/armenocaffe.it\/de\/wp-json\/wp\/v2\/product"}],"about":[{"href":"https:\/\/armenocaffe.it\/de\/wp-json\/wp\/v2\/types\/product"}],"version-history":[{"count":6,"href":"https:\/\/armenocaffe.it\/de\/wp-json\/wp\/v2\/product\/24487\/revisions"}],"predecessor-version":[{"id":31900,"href":"https:\/\/armenocaffe.it\/de\/wp-json\/wp\/v2\/product\/24487\/revisions\/31900"}],"wp:featuredmedia":[{"embeddable":true,"href":"https:\/\/armenocaffe.it\/de\/wp-json\/wp\/v2\/media\/25253"}],"wp:attachment":[{"href":"https:\/\/armenocaffe.it\/de\/wp-json\/wp\/v2\/media?parent=24487"}],"wp:term":[{"taxonomy":"product_brand","embeddable":true,"href":"https:\/\/armenocaffe.it\/de\/wp-json\/wp\/v2\/product_brand?post=24487"},{"taxonomy":"product_cat","embeddable":true,"href":"https:\/\/armenocaffe.it\/de\/wp-json\/wp\/v2\/product_cat?post=24487"},{"taxonomy":"product_tag","embeddable":true,"href":"https:\/\/armenocaffe.it\/de\/wp-json\/wp\/v2\/product_tag?post=24487"}],"curies":[{"name":"wp","href":"https:\/\/api.w.org\/{rel}","templated":true}]}}