{"id":24494,"date":"2023-08-03T08:05:01","date_gmt":"2023-08-03T08:05:01","guid":{"rendered":"https:\/\/armenocaffe.krescendo.it\/shop\/unkategorisiert\/colombia-caffe-in-grani-e-macinato\/"},"modified":"2025-03-19T08:05:44","modified_gmt":"2025-03-19T08:05:44","slug":"colombia-caffe-in-grani-e-macinato","status":"publish","type":"product","link":"https:\/\/armenocaffe.it\/de\/shop\/grani-e-macinato-de\/colombia-caffe-in-grani-e-macinato\/","title":{"rendered":"Colombia &#8211; Kaffeebohnen und gemahlener Kaffee"},"content":{"rendered":"\t\t<div data-elementor-type=\"wp-post\" data-elementor-id=\"24494\" class=\"elementor elementor-24494 elementor-22680\" data-elementor-post-type=\"product\">\n\t\t\t\t\t\t<section class=\"elementor-section elementor-top-section elementor-element elementor-element-01a54ad elementor-section-full_width elementor-section-gap-beside-no elementor-section-height-default elementor-section-height-default elementor-section-column-vertical-align-stretch\" data-id=\"01a54ad\" data-element_type=\"section\">\n\t\t\t\t\t\t<div class=\"elementor-container elementor-column-gap-extended\">\n\t\t\t\t\t<div class=\"elementor-column elementor-col-100 elementor-top-column elementor-element elementor-element-2e7e1d2\" data-id=\"2e7e1d2\" data-element_type=\"column\">\n\t\t\t<div class=\"elementor-widget-wrap elementor-element-populated\">\n\t\t\t\t\t\t<div class=\"elementor-element elementor-element-288ef37 elementor-widget elementor-widget-text-editor\" data-id=\"288ef37\" data-element_type=\"widget\" data-widget_type=\"text-editor.default\">\n\t\t\t\t<div class=\"elementor-widget-container\">\n\t\t\t\t\t\t\t\t\tINHALTSSTOFFE<br>\nIn Italien hergestellter R\u00f6stkaffee.<br>\n\nAUFBEWAHRUNG<br>\nK\u00fchl, trocken und vor W\u00e4rme gesch\u00fctzt lagern.\n\t\t\t\t\t\t\t\t<\/div>\n\t\t\t\t<\/div>\n\t\t\t\t\t<\/div>\n\t\t<\/div>\n\t\t\t\t\t<\/div>\n\t\t<\/section>\n\t\t\t\t<\/div>\n\t\t","protected":false},"excerpt":{"rendered":"<p class=\"p1\">Kolumbianischer Kaffee gilt als einer der besten Kaffees weltweit.<\/p>\n<p class=\"p1\">Er wird ausschlie\u00dflich in Arabica-Qualit\u00e4t auf vulkanischen B\u00f6den in gro\u00dfen H\u00f6hen angebaut, die ein perfektes tropisches Klima beg\u00fcnstigen.<\/p>\n<p class=\"p1\">Die sortenreine kolumbianische Kaffeemischung zeichnet sich durch einen geringen S\u00e4uregehalt und einen sehr ausgepr\u00e4gten Aromaanteil aus, der von cremigen Noten von Schokolade und Haselnuss bis hin zu blumigen und fruchtigen Noten reicht.<\/p>\n<p class=\"p1\">Erh\u00e4ltlich in Kaffeebohnen oder gemahlenem sortenreinem Kaffee f\u00fcr Espresso und italienischen Mokka.<\/p>\n","protected":false},"featured_media":25222,"template":"","meta":{"om_disable_all_campaigns":false,"_monsterinsights_skip_tracking":false,"_monsterinsights_sitenote_active":false,"_monsterinsights_sitenote_note":"","_monsterinsights_sitenote_category":0},"product_brand":[],"product_cat":[175,279],"product_tag":[],"class_list":{"0":"post-24494","1":"product","2":"type-product","3":"status-publish","4":"has-post-thumbnail","6":"product_cat-grani-e-macinato-de","7":"product_cat-specialty","9":"first","10":"instock","11":"featured","12":"taxable","13":"shipping-taxable","14":"purchasable","15":"product-type-variable"},"aioseo_notices":[],"_links":{"self":[{"href":"https:\/\/armenocaffe.it\/de\/wp-json\/wp\/v2\/product\/24494","targetHints":{"allow":["GET"]}}],"collection":[{"href":"https:\/\/armenocaffe.it\/de\/wp-json\/wp\/v2\/product"}],"about":[{"href":"https:\/\/armenocaffe.it\/de\/wp-json\/wp\/v2\/types\/product"}],"version-history":[{"count":7,"href":"https:\/\/armenocaffe.it\/de\/wp-json\/wp\/v2\/product\/24494\/revisions"}],"predecessor-version":[{"id":32251,"href":"https:\/\/armenocaffe.it\/de\/wp-json\/wp\/v2\/product\/24494\/revisions\/32251"}],"wp:featuredmedia":[{"embeddable":true,"href":"https:\/\/armenocaffe.it\/de\/wp-json\/wp\/v2\/media\/25222"}],"wp:attachment":[{"href":"https:\/\/armenocaffe.it\/de\/wp-json\/wp\/v2\/media?parent=24494"}],"wp:term":[{"taxonomy":"product_brand","embeddable":true,"href":"https:\/\/armenocaffe.it\/de\/wp-json\/wp\/v2\/product_brand?post=24494"},{"taxonomy":"product_cat","embeddable":true,"href":"https:\/\/armenocaffe.it\/de\/wp-json\/wp\/v2\/product_cat?post=24494"},{"taxonomy":"product_tag","embeddable":true,"href":"https:\/\/armenocaffe.it\/de\/wp-json\/wp\/v2\/product_tag?post=24494"}],"curies":[{"name":"wp","href":"https:\/\/api.w.org\/{rel}","templated":true}]}}