{"id":24527,"date":"2023-08-03T08:17:17","date_gmt":"2023-08-03T08:17:17","guid":{"rendered":"https:\/\/armenocaffe.krescendo.it\/shop\/unkategorisiert\/oro-caffe-in-grani-e-macinato\/"},"modified":"2025-03-19T08:02:44","modified_gmt":"2025-03-19T08:02:44","slug":"oro-caffe-in-grani-e-macinato","status":"publish","type":"product","link":"https:\/\/armenocaffe.it\/de\/shop\/grani-e-macinato-de\/oro-caffe-in-grani-e-macinato\/","title":{"rendered":"Oro &#8211; Kaffeebohnen und gemahlener Kaffee"},"content":{"rendered":"\t\t<div data-elementor-type=\"wp-post\" data-elementor-id=\"24527\" class=\"elementor elementor-24527 elementor-22711\" data-elementor-post-type=\"product\">\n\t\t\t\t\t\t<section class=\"elementor-section elementor-top-section elementor-element elementor-element-01a54ad elementor-section-full_width elementor-section-gap-beside-no elementor-section-height-default elementor-section-height-default elementor-section-column-vertical-align-stretch\" data-id=\"01a54ad\" data-element_type=\"section\">\n\t\t\t\t\t\t<div class=\"elementor-container elementor-column-gap-extended\">\n\t\t\t\t\t<div class=\"elementor-column elementor-col-100 elementor-top-column elementor-element elementor-element-2e7e1d2\" data-id=\"2e7e1d2\" data-element_type=\"column\">\n\t\t\t<div class=\"elementor-widget-wrap elementor-element-populated\">\n\t\t\t\t\t\t<div class=\"elementor-element elementor-element-288ef37 elementor-widget elementor-widget-text-editor\" data-id=\"288ef37\" data-element_type=\"widget\" data-widget_type=\"text-editor.default\">\n\t\t\t\t<div class=\"elementor-widget-container\">\n\t\t\t\t\t\t\t\t\tINHALTSSTOFFE<br>\nIn Italien hergestellter R\u00f6stkaffee.<br>\n\nAUFBEWAHRUNG<br>\nK\u00fchl, trocken und vor W\u00e4rme gesch\u00fctzt lagern.\n\t\t\t\t\t\t\t\t<\/div>\n\t\t\t\t<\/div>\n\t\t\t\t\t<\/div>\n\t\t<\/div>\n\t\t\t\t\t<\/div>\n\t\t<\/section>\n\t\t\t\t<\/div>\n\t\t","protected":false},"excerpt":{"rendered":"<p class=\"p1\">Kaffeemischung bestehend aus 90% Arabica und 10% Robusta, unseren beiden Grundkaffeesorten aus Kaffeebohnen bester Herkunft.<\/p>\n<p class=\"p1\">Dies ist unsere s\u00fc\u00dfeste und zarteste Komposition. Der Kaffee zeichnet sich durch eine deutlich s\u00e4uerliche Note aus und ist ein aromatischer, guter Kaffee, der den ganzen Tag \u00fcber getrunken werden kann und sich auch f\u00fcr Rezepte eignet, bei denen Kaffee verwendet wird.<\/p>\n<p class=\"p1\">Erh\u00e4ltlich in Bohnen, gemahlen f\u00fcr Espressokaffee oder f\u00fcr italienischen Mokka. Dies ist unsere meistverkaufte Kaffeemischung.<\/p>\n","protected":false},"featured_media":25069,"template":"","meta":{"om_disable_all_campaigns":false,"_monsterinsights_skip_tracking":false,"_monsterinsights_sitenote_active":false,"_monsterinsights_sitenote_note":"","_monsterinsights_sitenote_category":0},"product_brand":[],"product_cat":[175],"product_tag":[],"class_list":{"0":"post-24527","1":"product","2":"type-product","3":"status-publish","4":"has-post-thumbnail","6":"product_cat-grani-e-macinato-de","8":"first","9":"instock","10":"featured","11":"taxable","12":"shipping-taxable","13":"purchasable","14":"product-type-variable"},"aioseo_notices":[],"_links":{"self":[{"href":"https:\/\/armenocaffe.it\/de\/wp-json\/wp\/v2\/product\/24527","targetHints":{"allow":["GET"]}}],"collection":[{"href":"https:\/\/armenocaffe.it\/de\/wp-json\/wp\/v2\/product"}],"about":[{"href":"https:\/\/armenocaffe.it\/de\/wp-json\/wp\/v2\/types\/product"}],"version-history":[{"count":7,"href":"https:\/\/armenocaffe.it\/de\/wp-json\/wp\/v2\/product\/24527\/revisions"}],"predecessor-version":[{"id":32239,"href":"https:\/\/armenocaffe.it\/de\/wp-json\/wp\/v2\/product\/24527\/revisions\/32239"}],"wp:featuredmedia":[{"embeddable":true,"href":"https:\/\/armenocaffe.it\/de\/wp-json\/wp\/v2\/media\/25069"}],"wp:attachment":[{"href":"https:\/\/armenocaffe.it\/de\/wp-json\/wp\/v2\/media?parent=24527"}],"wp:term":[{"taxonomy":"product_brand","embeddable":true,"href":"https:\/\/armenocaffe.it\/de\/wp-json\/wp\/v2\/product_brand?post=24527"},{"taxonomy":"product_cat","embeddable":true,"href":"https:\/\/armenocaffe.it\/de\/wp-json\/wp\/v2\/product_cat?post=24527"},{"taxonomy":"product_tag","embeddable":true,"href":"https:\/\/armenocaffe.it\/de\/wp-json\/wp\/v2\/product_tag?post=24527"}],"curies":[{"name":"wp","href":"https:\/\/api.w.org\/{rel}","templated":true}]}}