{"id":24572,"date":"2023-08-03T08:35:52","date_gmt":"2023-08-03T08:35:52","guid":{"rendered":"https:\/\/armenocaffe.krescendo.it\/shop\/unkategorisiert\/armeno-decaffeinato-capsule-caffe-nespresso\/"},"modified":"2025-07-03T06:27:20","modified_gmt":"2025-07-03T06:27:20","slug":"armeno-decaffeinato-capsule-caffe-nespresso","status":"publish","type":"product","link":"https:\/\/armenocaffe.it\/de\/shop\/capsule-compatibili-de\/nespresso-de\/armeno-decaffeinato-capsule-caffe-nespresso\/","title":{"rendered":"Nespresso Kapseln &#8211; Deca"},"content":{"rendered":"\t\t<div data-elementor-type=\"wp-post\" data-elementor-id=\"24572\" class=\"elementor elementor-24572\" data-elementor-post-type=\"product\">\n\t\t\t\t\t\t<section class=\"elementor-section elementor-top-section elementor-element elementor-element-01a54ad elementor-section-full_width elementor-section-gap-beside-no elementor-section-height-default elementor-section-height-default elementor-section-column-vertical-align-stretch\" data-id=\"01a54ad\" data-element_type=\"section\">\n\t\t\t\t\t\t<div class=\"elementor-container elementor-column-gap-extended\">\n\t\t\t\t\t<div class=\"elementor-column elementor-col-100 elementor-top-column elementor-element elementor-element-2e7e1d2\" data-id=\"2e7e1d2\" data-element_type=\"column\">\n\t\t\t<div class=\"elementor-widget-wrap elementor-element-populated\">\n\t\t\t\t\t\t<div class=\"elementor-element elementor-element-288ef37 elementor-widget elementor-widget-text-editor\" data-id=\"288ef37\" data-element_type=\"widget\" data-widget_type=\"text-editor.default\">\n\t\t\t\t<div class=\"elementor-widget-container\">\n\t\t\t\t\t\t\t\t\tINHALTSSTOFFE<br>\nIn Italien hergestellter R\u00f6stkaffee.<br>\nKoffeingehalt weniger als 0,10%.<br>\n\nAUFBEWAHRUNG<br>\nK\u00fchl, trocken und vor W\u00e4rme gesch\u00fctzt lagern.\n\t\t\t\t\t\t\t\t<\/div>\n\t\t\t\t<\/div>\n\t\t\t\t\t<\/div>\n\t\t<\/div>\n\t\t\t\t\t<\/div>\n\t\t<\/section>\n\t\t\t\t<\/div>\n\t\t","protected":false},"excerpt":{"rendered":"<p class=\"p1\">Der ganze Geschmack des Armeno-Kaffees, aber entkoffeiniert. Dank unserer Produktionsverfahren und der verwendeten Mischungen werden Sie nicht einmal bemerken, dass es sich um einen entkoffeinierten Kaffee handelt. Gut, cremig und perfekt f\u00fcr den ganzen Tag. ANGEBOTSPREIS AUFGRUND DER KURZEN FRIST<\/p>\n<p class=\"p1\">Wie kann man diese Kapseln mit entkoffeiniertem Kaffee recyceln?<\/p>\n<p class=\"p1\">Unsere Aluminiumkapseln k\u00f6nnen in der M\u00fclltrennung entsorgt werden oder Sie k\u00f6nnen sie dank des Capsopener-Werkzeugs vollst\u00e4ndig recyceln.<\/p>\n<p class=\"p1\">Packung mit 50 Nespresso-kompatiblen Aluminiumkapseln.<\/p>\n","protected":false},"featured_media":24309,"template":"","meta":{"om_disable_all_campaigns":false,"_monsterinsights_skip_tracking":false,"_monsterinsights_sitenote_active":false,"_monsterinsights_sitenote_note":"","_monsterinsights_sitenote_category":0},"product_brand":[204],"product_cat":[176,240],"product_tag":[],"class_list":{"0":"post-24572","1":"product","2":"type-product","3":"status-publish","4":"has-post-thumbnail","6":"product_brand-caffe-armeno-de","7":"product_cat-capsule-compatibili-de","8":"product_cat-nespresso-de","10":"first","11":"outofstock","12":"sale","13":"featured","14":"taxable","15":"shipping-taxable","16":"purchasable","17":"product-type-simple"},"aioseo_notices":[],"_links":{"self":[{"href":"https:\/\/armenocaffe.it\/de\/wp-json\/wp\/v2\/product\/24572","targetHints":{"allow":["GET"]}}],"collection":[{"href":"https:\/\/armenocaffe.it\/de\/wp-json\/wp\/v2\/product"}],"about":[{"href":"https:\/\/armenocaffe.it\/de\/wp-json\/wp\/v2\/types\/product"}],"version-history":[{"count":8,"href":"https:\/\/armenocaffe.it\/de\/wp-json\/wp\/v2\/product\/24572\/revisions"}],"predecessor-version":[{"id":32766,"href":"https:\/\/armenocaffe.it\/de\/wp-json\/wp\/v2\/product\/24572\/revisions\/32766"}],"wp:featuredmedia":[{"embeddable":true,"href":"https:\/\/armenocaffe.it\/de\/wp-json\/wp\/v2\/media\/24309"}],"wp:attachment":[{"href":"https:\/\/armenocaffe.it\/de\/wp-json\/wp\/v2\/media?parent=24572"}],"wp:term":[{"taxonomy":"product_brand","embeddable":true,"href":"https:\/\/armenocaffe.it\/de\/wp-json\/wp\/v2\/product_brand?post=24572"},{"taxonomy":"product_cat","embeddable":true,"href":"https:\/\/armenocaffe.it\/de\/wp-json\/wp\/v2\/product_cat?post=24572"},{"taxonomy":"product_tag","embeddable":true,"href":"https:\/\/armenocaffe.it\/de\/wp-json\/wp\/v2\/product_tag?post=24572"}],"curies":[{"name":"wp","href":"https:\/\/api.w.org\/{rel}","templated":true}]}}