{"id":24661,"date":"2023-08-03T09:28:49","date_gmt":"2023-08-03T09:28:49","guid":{"rendered":"https:\/\/armenocaffe.krescendo.it\/shop\/unkategorisiert\/caffe-al-ginseng-amaro-capsule-lavazza-espresso-point\/"},"modified":"2025-02-18T11:50:27","modified_gmt":"2025-02-18T11:50:27","slug":"caffe-al-ginseng-amaro-capsule-lavazza-espresso-point","status":"publish","type":"product","link":"https:\/\/armenocaffe.it\/de\/shop\/capsule-compatibili-de\/lavazza-point-de\/caffe-al-ginseng-amaro-capsule-lavazza-espresso-point\/","title":{"rendered":"Bitterer Ginseng &#8211; Lavazza Espresso Point Kapseln"},"content":{"rendered":"\t\t<div data-elementor-type=\"wp-post\" data-elementor-id=\"24661\" class=\"elementor elementor-24661 elementor-22787\" data-elementor-post-type=\"product\">\n\t\t\t\t\t\t<section class=\"elementor-section elementor-top-section elementor-element elementor-element-01a54ad elementor-section-full_width elementor-section-gap-beside-no elementor-section-height-default elementor-section-height-default elementor-section-column-vertical-align-stretch\" data-id=\"01a54ad\" data-element_type=\"section\">\n\t\t\t\t\t\t<div class=\"elementor-container elementor-column-gap-extended\">\n\t\t\t\t\t<div class=\"elementor-column elementor-col-100 elementor-top-column elementor-element elementor-element-2e7e1d2\" data-id=\"2e7e1d2\" data-element_type=\"column\">\n\t\t\t<div class=\"elementor-widget-wrap elementor-element-populated\">\n\t\t\t\t\t\t<div class=\"elementor-element elementor-element-288ef37 elementor-widget elementor-widget-text-editor\" data-id=\"288ef37\" data-element_type=\"widget\" data-widget_type=\"text-editor.default\">\n\t\t\t\t<div class=\"elementor-widget-container\">\n\t\t\t\t\t\t\t\t\tAUFBEWAHRUNG<br>\nK\u00fchl, trocken und vor W\u00e4rme gesch\u00fctzt lagern.<br>\n\nINHALTSSTOFFE<br>\nDehydrierter Glucose-Sirup, l\u00f6slicher Kaffee (10%), ungeh\u00e4rtetes Kokosfett, MAGERMILCHPULVER, Ginseng-Extrakt (1,5%), Stabilisator: E340(ii); MILCHPROTEINE, Trennmittel: E551; Emulgator E471, Arma, Salz.\nEnth\u00e4lt Milchderivate. Kann Spuren von Schalenfr\u00fcchten, Eiern und Soja enthalten.\n\t\t\t\t\t\t\t\t<\/div>\n\t\t\t\t<\/div>\n\t\t\t\t\t<\/div>\n\t\t<\/div>\n\t\t\t\t\t<\/div>\n\t\t<\/section>\n\t\t\t\t<\/div>\n\t\t","protected":false},"excerpt":{"rendered":"<p class=\"p1\">Hier sind die neuen Ginseng-Kapseln, kompatibel mit Lavazza Espresso Point.<\/p>\n<p class=\"p1\">Genie\u00dfen Sie dieses wunderbare koffeinfreie Getr\u00e4nk bequem zu Hause oder im B\u00fcro.<\/p>\n<p class=\"p1\">Die Wirkung von Ginseng ist sensationell, denn Ginseng bringt unserem K\u00f6rper zahlreiche Vorteile, darunter: Reduzierung von Stress und M\u00fcdigkeit, h\u00f6here Konzentration, St\u00e4rkung des Immunsystems sowie Steigerung von Energie und Stimmung.<\/p>\n<p class=\"p1\">Packung mit 50 Kapseln kompatibel mit Lavazza Espresso Point.<\/p>\n","protected":false},"featured_media":25384,"template":"","meta":{"om_disable_all_campaigns":false,"_monsterinsights_skip_tracking":false,"_monsterinsights_sitenote_active":false,"_monsterinsights_sitenote_note":"","_monsterinsights_sitenote_category":0},"product_brand":[208],"product_cat":[176,238],"product_tag":[],"class_list":{"0":"post-24661","1":"product","2":"type-product","3":"status-publish","4":"has-post-thumbnail","6":"product_brand-torrcaffe-de","7":"product_cat-capsule-compatibili-de","8":"product_cat-lavazza-point-de","10":"first","11":"instock","12":"featured","13":"taxable","14":"shipping-taxable","15":"purchasable","16":"product-type-simple"},"aioseo_notices":[],"_links":{"self":[{"href":"https:\/\/armenocaffe.it\/de\/wp-json\/wp\/v2\/product\/24661","targetHints":{"allow":["GET"]}}],"collection":[{"href":"https:\/\/armenocaffe.it\/de\/wp-json\/wp\/v2\/product"}],"about":[{"href":"https:\/\/armenocaffe.it\/de\/wp-json\/wp\/v2\/types\/product"}],"version-history":[{"count":6,"href":"https:\/\/armenocaffe.it\/de\/wp-json\/wp\/v2\/product\/24661\/revisions"}],"predecessor-version":[{"id":31792,"href":"https:\/\/armenocaffe.it\/de\/wp-json\/wp\/v2\/product\/24661\/revisions\/31792"}],"wp:featuredmedia":[{"embeddable":true,"href":"https:\/\/armenocaffe.it\/de\/wp-json\/wp\/v2\/media\/25384"}],"wp:attachment":[{"href":"https:\/\/armenocaffe.it\/de\/wp-json\/wp\/v2\/media?parent=24661"}],"wp:term":[{"taxonomy":"product_brand","embeddable":true,"href":"https:\/\/armenocaffe.it\/de\/wp-json\/wp\/v2\/product_brand?post=24661"},{"taxonomy":"product_cat","embeddable":true,"href":"https:\/\/armenocaffe.it\/de\/wp-json\/wp\/v2\/product_cat?post=24661"},{"taxonomy":"product_tag","embeddable":true,"href":"https:\/\/armenocaffe.it\/de\/wp-json\/wp\/v2\/product_tag?post=24661"}],"curies":[{"name":"wp","href":"https:\/\/api.w.org\/{rel}","templated":true}]}}