{"id":24679,"date":"2023-08-03T09:40:48","date_gmt":"2023-08-03T09:40:48","guid":{"rendered":"https:\/\/armenocaffe.krescendo.it\/shop\/unkategorisiert\/caffe-dorzo-capsule-lavazza-espresso-point\/"},"modified":"2025-02-17T11:14:54","modified_gmt":"2025-02-17T11:14:54","slug":"caffe-dorzo-capsule-lavazza-espresso-point","status":"publish","type":"product","link":"https:\/\/armenocaffe.it\/de\/shop\/capsule-compatibili-de\/lavazza-point-de\/caffe-dorzo-capsule-lavazza-espresso-point\/","title":{"rendered":"Gerstenkaffee &#8211; Lavazza Espresso Point Kapseln"},"content":{"rendered":"\t\t<div data-elementor-type=\"wp-post\" data-elementor-id=\"24679\" class=\"elementor elementor-24679 elementor-22802\" data-elementor-post-type=\"product\">\n\t\t\t\t\t\t<section class=\"elementor-section elementor-top-section elementor-element elementor-element-01a54ad elementor-section-full_width elementor-section-gap-beside-no elementor-section-height-default elementor-section-height-default elementor-section-column-vertical-align-stretch\" data-id=\"01a54ad\" data-element_type=\"section\">\n\t\t\t\t\t\t<div class=\"elementor-container elementor-column-gap-extended\">\n\t\t\t\t\t<div class=\"elementor-column elementor-col-100 elementor-top-column elementor-element elementor-element-2e7e1d2\" data-id=\"2e7e1d2\" data-element_type=\"column\">\n\t\t\t<div class=\"elementor-widget-wrap elementor-element-populated\">\n\t\t\t\t\t\t<div class=\"elementor-element elementor-element-288ef37 elementor-widget elementor-widget-text-editor\" data-id=\"288ef37\" data-element_type=\"widget\" data-widget_type=\"text-editor.default\">\n\t\t\t\t<div class=\"elementor-widget-container\">\n\t\t\t\t\t\t\t\t\tAUFBEWAHRUNG<br>\nK\u00fchl, trocken und vor W\u00e4rme gesch\u00fctzt lagern.<br>\n\nINHALTSSTOFFE<br>\nL\u00f6slicher MALZKAFFEE<br>\nEs kann Spuren von glutenhaltigem Getreide (Weizen, Roggen, Gerste, Hafer, Hackweizen, Kamut oder deren Hybridsprossen) und Folgeprodukten (Mehl, St\u00e4rke, Maltodextrin, Glucose-Sirup) enthalten.\n\t\t\t\t\t\t\t\t<\/div>\n\t\t\t\t<\/div>\n\t\t\t\t\t<\/div>\n\t\t<\/div>\n\t\t\t\t\t<\/div>\n\t\t<\/section>\n\t\t\t\t<\/div>\n\t\t","protected":false},"excerpt":{"rendered":"<p class=\"p1\">Hier sind die neuen, mit Lavazza Espresso Point kompatiblen Malzkaffee-Kapseln.<\/p>\n<p class=\"p1\">Genie\u00dfen Sie dieses wunderbare Getr\u00e4nk bequem zu Hause oder im B\u00fcro.<\/p>\n<p class=\"p1\">Unser Malzkaffee wird aus den besten Getreidesorten gewonnen, hat au\u00dfergew\u00f6hnliche Eigenschaften und kann als koffeinfreies Getr\u00e4nk zu jeder Tageszeit genossen werden.<\/p>\n<p class=\"p1\">Packung mit 50 Malzkaffee-Kapseln f\u00fcr Lavazza Espresso Point.<\/p>\n","protected":false},"featured_media":25807,"template":"","meta":{"om_disable_all_campaigns":false,"_monsterinsights_skip_tracking":false,"_monsterinsights_sitenote_active":false,"_monsterinsights_sitenote_note":"","_monsterinsights_sitenote_category":0},"product_brand":[208],"product_cat":[176,238],"product_tag":[],"class_list":{"0":"post-24679","1":"product","2":"type-product","3":"status-publish","4":"has-post-thumbnail","6":"product_brand-torrcaffe-de","7":"product_cat-capsule-compatibili-de","8":"product_cat-lavazza-point-de","10":"first","11":"instock","12":"featured","13":"taxable","14":"shipping-taxable","15":"purchasable","16":"product-type-simple"},"aioseo_notices":[],"_links":{"self":[{"href":"https:\/\/armenocaffe.it\/de\/wp-json\/wp\/v2\/product\/24679","targetHints":{"allow":["GET"]}}],"collection":[{"href":"https:\/\/armenocaffe.it\/de\/wp-json\/wp\/v2\/product"}],"about":[{"href":"https:\/\/armenocaffe.it\/de\/wp-json\/wp\/v2\/types\/product"}],"version-history":[{"count":6,"href":"https:\/\/armenocaffe.it\/de\/wp-json\/wp\/v2\/product\/24679\/revisions"}],"predecessor-version":[{"id":31778,"href":"https:\/\/armenocaffe.it\/de\/wp-json\/wp\/v2\/product\/24679\/revisions\/31778"}],"wp:featuredmedia":[{"embeddable":true,"href":"https:\/\/armenocaffe.it\/de\/wp-json\/wp\/v2\/media\/25807"}],"wp:attachment":[{"href":"https:\/\/armenocaffe.it\/de\/wp-json\/wp\/v2\/media?parent=24679"}],"wp:term":[{"taxonomy":"product_brand","embeddable":true,"href":"https:\/\/armenocaffe.it\/de\/wp-json\/wp\/v2\/product_brand?post=24679"},{"taxonomy":"product_cat","embeddable":true,"href":"https:\/\/armenocaffe.it\/de\/wp-json\/wp\/v2\/product_cat?post=24679"},{"taxonomy":"product_tag","embeddable":true,"href":"https:\/\/armenocaffe.it\/de\/wp-json\/wp\/v2\/product_tag?post=24679"}],"curies":[{"name":"wp","href":"https:\/\/api.w.org\/{rel}","templated":true}]}}