{"id":24718,"date":"2023-08-03T09:52:57","date_gmt":"2023-08-03T09:52:57","guid":{"rendered":"https:\/\/armenocaffe.krescendo.it\/shop\/unkategorisiert\/torrcaffe-caffe-tostato-a-legna-capsule-lavazza-a-modo-mio\/"},"modified":"2025-02-18T12:39:53","modified_gmt":"2025-02-18T12:39:53","slug":"torrcaffe-caffe-tostato-a-legna-capsule-lavazza-a-modo-mio","status":"publish","type":"product","link":"https:\/\/armenocaffe.it\/de\/shop\/capsule-compatibili-de\/lavazza-a-modo-mio-de\/torrcaffe-caffe-tostato-a-legna-capsule-lavazza-a-modo-mio\/","title":{"rendered":"Torrcaff\u00e8 &#8211; Lavazza A modo mio kompatible Kapseln"},"content":{"rendered":"\t\t<div data-elementor-type=\"wp-post\" data-elementor-id=\"24718\" class=\"elementor elementor-24718 elementor-22826\" data-elementor-post-type=\"product\">\n\t\t\t\t\t\t<section class=\"elementor-section elementor-top-section elementor-element elementor-element-01a54ad elementor-section-full_width elementor-section-gap-beside-no elementor-section-height-default elementor-section-height-default elementor-section-column-vertical-align-stretch\" data-id=\"01a54ad\" data-element_type=\"section\">\n\t\t\t\t\t\t<div class=\"elementor-container elementor-column-gap-extended\">\n\t\t\t\t\t<div class=\"elementor-column elementor-col-100 elementor-top-column elementor-element elementor-element-2e7e1d2\" data-id=\"2e7e1d2\" data-element_type=\"column\">\n\t\t\t<div class=\"elementor-widget-wrap elementor-element-populated\">\n\t\t\t\t\t\t<div class=\"elementor-element elementor-element-288ef37 elementor-widget elementor-widget-text-editor\" data-id=\"288ef37\" data-element_type=\"widget\" data-widget_type=\"text-editor.default\">\n\t\t\t\t<div class=\"elementor-widget-container\">\n\t\t\t\t\t\t\t\t\tINHALTSSTOFFE <br>\nIn Italien hergestellter R\u00f6stkaffee.<br>\n\nAUFBEWAHRUNG<br>\nK\u00fchl, trocken und vor W\u00e4rme gesch\u00fctzt lagern.\n\t\t\t\t\t\t\t\t<\/div>\n\t\t\t\t<\/div>\n\t\t\t\t\t<\/div>\n\t\t<\/div>\n\t\t\t\t\t<\/div>\n\t\t<\/section>\n\t\t\t\t<\/div>\n\t\t","protected":false},"excerpt":{"rendered":"<p class=\"p1\">Hier sind die neuen, mit Lavazza A Modo Mio kompatiblen Kaffee-Kapseln.<\/p>\n<p class=\"p1\">Eine Mischung aus Arabica und Robusta macht diesen Kaffee von Torrcaff\u00e8 einzigartig.<\/p>\n<p class=\"p1\">M\u00f6glich wird dies durch die Erfahrung unserer R\u00f6stmeister, die es dank der R\u00f6sttechnik \u00fcber Holz schaffen, dem Kaffee ein unverwechselbares Aroma, einen unverwechselbaren Geschmack und einen unverwechselbaren K\u00f6rper zu verleihen.<\/p>\n<p class=\"p1\">Wie kann man diese Kaffeekapseln recyceln?<\/p>\n<p class=\"p1\">Unsere Kapseln k\u00f6nnen in der M\u00fclltrennung entsorgt werden oder Sie k\u00f6nnen sie dank des Capsopener-Werkzeugs vollst\u00e4ndig recyceln.<\/p>\n<p class=\"p1\">Packung mit 100 Kapseln kompatibel mit Lavazza A Modo Mio.<\/p>\n","protected":false},"featured_media":24291,"template":"","meta":{"om_disable_all_campaigns":false,"_monsterinsights_skip_tracking":false,"_monsterinsights_sitenote_active":false,"_monsterinsights_sitenote_note":"","_monsterinsights_sitenote_category":0},"product_brand":[208],"product_cat":[176,236],"product_tag":[],"class_list":{"0":"post-24718","1":"product","2":"type-product","3":"status-publish","4":"has-post-thumbnail","6":"product_brand-torrcaffe-de","7":"product_cat-capsule-compatibili-de","8":"product_cat-lavazza-a-modo-mio-de","10":"first","11":"instock","12":"featured","13":"taxable","14":"shipping-taxable","15":"purchasable","16":"product-type-simple"},"aioseo_notices":[],"_links":{"self":[{"href":"https:\/\/armenocaffe.it\/de\/wp-json\/wp\/v2\/product\/24718","targetHints":{"allow":["GET"]}}],"collection":[{"href":"https:\/\/armenocaffe.it\/de\/wp-json\/wp\/v2\/product"}],"about":[{"href":"https:\/\/armenocaffe.it\/de\/wp-json\/wp\/v2\/types\/product"}],"version-history":[{"count":7,"href":"https:\/\/armenocaffe.it\/de\/wp-json\/wp\/v2\/product\/24718\/revisions"}],"predecessor-version":[{"id":31925,"href":"https:\/\/armenocaffe.it\/de\/wp-json\/wp\/v2\/product\/24718\/revisions\/31925"}],"wp:featuredmedia":[{"embeddable":true,"href":"https:\/\/armenocaffe.it\/de\/wp-json\/wp\/v2\/media\/24291"}],"wp:attachment":[{"href":"https:\/\/armenocaffe.it\/de\/wp-json\/wp\/v2\/media?parent=24718"}],"wp:term":[{"taxonomy":"product_brand","embeddable":true,"href":"https:\/\/armenocaffe.it\/de\/wp-json\/wp\/v2\/product_brand?post=24718"},{"taxonomy":"product_cat","embeddable":true,"href":"https:\/\/armenocaffe.it\/de\/wp-json\/wp\/v2\/product_cat?post=24718"},{"taxonomy":"product_tag","embeddable":true,"href":"https:\/\/armenocaffe.it\/de\/wp-json\/wp\/v2\/product_tag?post=24718"}],"curies":[{"name":"wp","href":"https:\/\/api.w.org\/{rel}","templated":true}]}}