{"id":24742,"date":"2023-08-03T09:58:48","date_gmt":"2023-08-03T09:58:48","guid":{"rendered":"https:\/\/armenocaffe.krescendo.it\/shop\/unkategorisiert\/caffe-armeno-cialde-44mm-100-pezzi\/"},"modified":"2025-08-08T08:44:32","modified_gmt":"2025-08-08T08:44:32","slug":"caffe-armeno-cialde-44mm-100-pezzi","status":"publish","type":"product","link":"https:\/\/armenocaffe.it\/de\/shop\/cialde-de\/caffe-armeno-cialde-44mm-100-pezzi\/","title":{"rendered":"Caff\u00e8 Armeno &#8211; H\u00fclsen 44mm &#8211; 100 St\u00fcck"},"content":{"rendered":"\t\t<div data-elementor-type=\"wp-post\" data-elementor-id=\"24742\" class=\"elementor elementor-24742 elementor-22838\" data-elementor-post-type=\"product\">\n\t\t\t\t\t\t<section class=\"elementor-section elementor-top-section elementor-element elementor-element-01a54ad elementor-section-full_width elementor-section-gap-beside-no elementor-section-height-default elementor-section-height-default elementor-section-column-vertical-align-stretch\" data-id=\"01a54ad\" data-element_type=\"section\">\n\t\t\t\t\t\t<div class=\"elementor-container elementor-column-gap-extended\">\n\t\t\t\t\t<div class=\"elementor-column elementor-col-100 elementor-top-column elementor-element elementor-element-2e7e1d2\" data-id=\"2e7e1d2\" data-element_type=\"column\">\n\t\t\t<div class=\"elementor-widget-wrap elementor-element-populated\">\n\t\t\t\t\t\t<div class=\"elementor-element elementor-element-288ef37 elementor-widget elementor-widget-text-editor\" data-id=\"288ef37\" data-element_type=\"widget\" data-widget_type=\"text-editor.default\">\n\t\t\t\t<div class=\"elementor-widget-container\">\n\t\t\t\t\t\t\t\t\tINHALTSSTOFFE <br>\nIn Italien hergestellter R\u00f6stkaffee.<br>\n\nAUFBEWAHRUNG<br>\nK\u00fchl, trocken und vor W\u00e4rme gesch\u00fctzt lagern.\n\t\t\t\t\t\t\t\t<\/div>\n\t\t\t\t<\/div>\n\t\t\t\t\t<\/div>\n\t\t<\/div>\n\t\t\t\t\t<\/div>\n\t\t<\/section>\n\t\t\t\t<\/div>\n\t\t","protected":false},"excerpt":{"rendered":"<p class=\"p1\">Kompostierbare Einzeldosis-Pads mit 44 mm Durchmesser mit Armeno-Kaffee. Dies ist der universelle Standard f\u00fcr POD-Maschinen.<\/p>\n<p class=\"p1\">Caff\u00e8 Armeno hat diese Mischung aus erlesenen und ausgew\u00e4hlten Kaffeesorten zusammengestellt, die, verarbeitet nach der in der Branche einzigartigen Methode der \u201eParma-R\u00f6stung\u201c, in der Tasse einen Kaffee mit anhaltenden Noten und einem herausragenden K\u00f6rper sowie einer einzigartigen S\u00fc\u00dfe ergeben.<\/p>\n<p class=\"p1\">Packung mit 100 kompostierbaren Pads mit 44 mm Durchmesser.<\/p>\n","protected":false},"featured_media":24280,"template":"","meta":{"om_disable_all_campaigns":false,"_monsterinsights_skip_tracking":false,"_monsterinsights_sitenote_active":false,"_monsterinsights_sitenote_note":"","_monsterinsights_sitenote_category":0},"product_brand":[204],"product_cat":[178],"product_tag":[],"class_list":{"0":"post-24742","1":"product","2":"type-product","3":"status-publish","4":"has-post-thumbnail","6":"product_brand-caffe-armeno-de","7":"product_cat-cialde-de","9":"first","10":"instock","11":"featured","12":"taxable","13":"shipping-taxable","14":"purchasable","15":"product-type-simple"},"aioseo_notices":[],"_links":{"self":[{"href":"https:\/\/armenocaffe.it\/de\/wp-json\/wp\/v2\/product\/24742","targetHints":{"allow":["GET"]}}],"collection":[{"href":"https:\/\/armenocaffe.it\/de\/wp-json\/wp\/v2\/product"}],"about":[{"href":"https:\/\/armenocaffe.it\/de\/wp-json\/wp\/v2\/types\/product"}],"version-history":[{"count":7,"href":"https:\/\/armenocaffe.it\/de\/wp-json\/wp\/v2\/product\/24742\/revisions"}],"predecessor-version":[{"id":32991,"href":"https:\/\/armenocaffe.it\/de\/wp-json\/wp\/v2\/product\/24742\/revisions\/32991"}],"wp:featuredmedia":[{"embeddable":true,"href":"https:\/\/armenocaffe.it\/de\/wp-json\/wp\/v2\/media\/24280"}],"wp:attachment":[{"href":"https:\/\/armenocaffe.it\/de\/wp-json\/wp\/v2\/media?parent=24742"}],"wp:term":[{"taxonomy":"product_brand","embeddable":true,"href":"https:\/\/armenocaffe.it\/de\/wp-json\/wp\/v2\/product_brand?post=24742"},{"taxonomy":"product_cat","embeddable":true,"href":"https:\/\/armenocaffe.it\/de\/wp-json\/wp\/v2\/product_cat?post=24742"},{"taxonomy":"product_tag","embeddable":true,"href":"https:\/\/armenocaffe.it\/de\/wp-json\/wp\/v2\/product_tag?post=24742"}],"curies":[{"name":"wp","href":"https:\/\/api.w.org\/{rel}","templated":true}]}}