{"id":24845,"date":"2023-08-03T10:29:35","date_gmt":"2023-08-03T10:29:35","guid":{"rendered":"https:\/\/armenocaffe.krescendo.it\/shop\/unkategorisiert\/espresso-ghiacciato-250ml-caffe-freddo-frizzante\/"},"modified":"2025-02-17T09:53:32","modified_gmt":"2025-02-17T09:53:32","slug":"espresso-ghiacciato-250ml-caffe-freddo-frizzante","status":"publish","type":"product","link":"https:\/\/armenocaffe.it\/de\/shop\/prodotti-vari-de\/espresso-ghiacciato-250ml-caffe-freddo-frizzante\/","title":{"rendered":"Espresso Ghiacciato \u2013 250 ml"},"content":{"rendered":"\t\t<div data-elementor-type=\"wp-post\" data-elementor-id=\"24845\" class=\"elementor elementor-24845 elementor-22898\" data-elementor-post-type=\"product\">\n\t\t\t\t\t\t<section class=\"elementor-section elementor-top-section elementor-element elementor-element-01a54ad elementor-section-full_width elementor-section-gap-beside-no elementor-section-height-default elementor-section-height-default elementor-section-column-vertical-align-stretch\" data-id=\"01a54ad\" data-element_type=\"section\">\n\t\t\t\t\t\t<div class=\"elementor-container elementor-column-gap-extended\">\n\t\t\t\t\t<div class=\"elementor-column elementor-col-100 elementor-top-column elementor-element elementor-element-2e7e1d2\" data-id=\"2e7e1d2\" data-element_type=\"column\">\n\t\t\t<div class=\"elementor-widget-wrap elementor-element-populated\">\n\t\t\t\t\t\t<div class=\"elementor-element elementor-element-288ef37 elementor-widget elementor-widget-text-editor\" data-id=\"288ef37\" data-element_type=\"widget\" data-widget_type=\"text-editor.default\">\n\t\t\t\t<div class=\"elementor-widget-container\">\n\t\t\t\t\t\t\t\t\tINHALTSSTOFFE<br>\nWasser, Rohrzucker*, Kaffee-Aufguss* (8,5%, Karamellzucker*, Kohlendioxid.\n*BIO-ZUTAT<br>\n\nAUFBEWAHRUNG<br>\nK\u00fchl, trocken und vor W\u00e4rme gesch\u00fctzt lagern.\n\t\t\t\t\t\t\t\t<\/div>\n\t\t\t\t<\/div>\n\t\t\t\t\t<\/div>\n\t\t<\/div>\n\t\t\t\t\t<\/div>\n\t\t<\/section>\n\t\t\t\t<\/div>\n\t\t","protected":false},"excerpt":{"rendered":"<p class=\"p1\">F\u00fcr Espresso-Liebhaber auch im Sommer: Leicht prickelnder Bio-Eiskaffee: durstl\u00f6schend, nat\u00fcrlich und alles, was man PROBIEREN muss!<\/p>\n<ul class=\"ul1\">\n<li class=\"li2\"><b>OHNE AROMEN<\/b><\/li>\n<li class=\"li2\"><b>OHNE FARBSTOFFE<\/b><\/li>\n<li class=\"li2\"><b>OHNE KONSERVIERUNGSSTOFFE<\/b><\/li>\n<li class=\"li2\"><b>100 % NAT\u00dcRLICH<\/b><\/li>\n<\/ul>\n<p class=\"p1\">Der eiskalte Espresso-Kaffee stammt aus BIOLOGISCHEM ANBAU UND IST PRICKELND, f\u00fcr jeden geeignet, auch f\u00fcr Kinder, da er eine minimale Dosis Koffein enth\u00e4lt. Auch zu den Mahlzeiten geeignet, ist es das Getr\u00e4nk, das diesen Sommer Ihren Durst l\u00f6schen wird!<\/p>\n<p class=\"p1\">Dose mit 250 ml<\/p>\n","protected":false},"featured_media":24259,"template":"","meta":{"om_disable_all_campaigns":false,"_monsterinsights_skip_tracking":false,"_monsterinsights_sitenote_active":false,"_monsterinsights_sitenote_note":"","_monsterinsights_sitenote_category":0},"product_brand":[206],"product_cat":[231],"product_tag":[],"class_list":{"0":"post-24845","1":"product","2":"type-product","3":"status-publish","4":"has-post-thumbnail","6":"product_brand-nirons-coffee-de","7":"product_cat-prodotti-vari-de","9":"first","10":"instock","11":"featured","12":"taxable","13":"shipping-taxable","14":"purchasable","15":"product-type-variable"},"aioseo_notices":[],"_links":{"self":[{"href":"https:\/\/armenocaffe.it\/de\/wp-json\/wp\/v2\/product\/24845","targetHints":{"allow":["GET"]}}],"collection":[{"href":"https:\/\/armenocaffe.it\/de\/wp-json\/wp\/v2\/product"}],"about":[{"href":"https:\/\/armenocaffe.it\/de\/wp-json\/wp\/v2\/types\/product"}],"version-history":[{"count":6,"href":"https:\/\/armenocaffe.it\/de\/wp-json\/wp\/v2\/product\/24845\/revisions"}],"predecessor-version":[{"id":31721,"href":"https:\/\/armenocaffe.it\/de\/wp-json\/wp\/v2\/product\/24845\/revisions\/31721"}],"wp:featuredmedia":[{"embeddable":true,"href":"https:\/\/armenocaffe.it\/de\/wp-json\/wp\/v2\/media\/24259"}],"wp:attachment":[{"href":"https:\/\/armenocaffe.it\/de\/wp-json\/wp\/v2\/media?parent=24845"}],"wp:term":[{"taxonomy":"product_brand","embeddable":true,"href":"https:\/\/armenocaffe.it\/de\/wp-json\/wp\/v2\/product_brand?post=24845"},{"taxonomy":"product_cat","embeddable":true,"href":"https:\/\/armenocaffe.it\/de\/wp-json\/wp\/v2\/product_cat?post=24845"},{"taxonomy":"product_tag","embeddable":true,"href":"https:\/\/armenocaffe.it\/de\/wp-json\/wp\/v2\/product_tag?post=24845"}],"curies":[{"name":"wp","href":"https:\/\/api.w.org\/{rel}","templated":true}]}}