{"id":25958,"date":"2023-11-14T16:40:36","date_gmt":"2023-11-14T16:40:36","guid":{"rendered":"https:\/\/armenocaffe.krescendo.it\/shop\/unkategorisiert\/packung-mit-100-kapseln-kompatibel-lavazza-a-modo-mio\/"},"modified":"2025-02-18T12:39:58","modified_gmt":"2025-02-18T12:39:58","slug":"packung-mit-100-kapseln-kompatibel-lavazza-a-modo-mio","status":"publish","type":"product","link":"https:\/\/armenocaffe.it\/de\/shop\/capsule-compatibili-de\/lavazza-a-modo-mio-de\/packung-mit-100-kapseln-kompatibel-lavazza-a-modo-mio\/","title":{"rendered":"Torrcaff\u00e8 &#8211; Bio Lavazza A modo mio kompatible Kapseln"},"content":{"rendered":"\t\t<div data-elementor-type=\"wp-post\" data-elementor-id=\"25958\" class=\"elementor elementor-25958\" data-elementor-post-type=\"product\">\n\t\t\t\t\t\t<section class=\"elementor-section elementor-top-section elementor-element elementor-element-01a54ad elementor-section-full_width elementor-section-gap-beside-no elementor-section-height-default elementor-section-height-default elementor-section-column-vertical-align-stretch\" data-id=\"01a54ad\" data-element_type=\"section\">\n\t\t\t\t\t\t<div class=\"elementor-container elementor-column-gap-extended\">\n\t\t\t\t\t<div class=\"elementor-column elementor-col-100 elementor-top-column elementor-element elementor-element-2e7e1d2\" data-id=\"2e7e1d2\" data-element_type=\"column\">\n\t\t\t<div class=\"elementor-widget-wrap elementor-element-populated\">\n\t\t\t\t\t\t<div class=\"elementor-element elementor-element-288ef37 elementor-widget elementor-widget-text-editor\" data-id=\"288ef37\" data-element_type=\"widget\" data-widget_type=\"text-editor.default\">\n\t\t\t\t<div class=\"elementor-widget-container\">\n\t\t\t\t\t\t\t\t\tIn Italien hergestellter R\u00f6stkaffee.\nK\u00fchl, trocken und vor W\u00e4rme gesch\u00fctzt lagern.\t\t\t\t\t\t\t\t<\/div>\n\t\t\t\t<\/div>\n\t\t\t\t\t<\/div>\n\t\t<\/div>\n\t\t\t\t\t<\/div>\n\t\t<\/section>\n\t\t\t\t<\/div>\n\t\t","protected":false},"excerpt":{"rendered":"<p>Eine Mischung aus Robusta- und Arabica-Kaffee aus den besten biologisch angebauten Plantagen und Holzr\u00f6stung, f\u00fcr einen einzigartigen Geschmack. Torrcaff\u00e8 ist ein Spitzenprodukt mit einem reinen Geschmack und einem schokoladigen Nachgeschmack. Probieren Sie den Geschmack eines Kaffees, der gut f\u00fcr Sie und die Umwelt ist, das einzige Holz ger\u00f6stet in Lavazza A Modo Mio kompatible Kapseln!<\/p>\n<p>Packung mit 100 Kapseln kompatibel Lavazza A Modo Mio<\/p>\n","protected":false},"featured_media":25495,"template":"","meta":{"om_disable_all_campaigns":false,"_monsterinsights_skip_tracking":false,"_monsterinsights_sitenote_active":false,"_monsterinsights_sitenote_note":"","_monsterinsights_sitenote_category":0},"product_brand":[208],"product_cat":[176,236],"product_tag":[],"class_list":{"0":"post-25958","1":"product","2":"type-product","3":"status-publish","4":"has-post-thumbnail","6":"product_brand-torrcaffe-de","7":"product_cat-capsule-compatibili-de","8":"product_cat-lavazza-a-modo-mio-de","10":"first","11":"instock","12":"sale","13":"featured","14":"taxable","15":"shipping-taxable","16":"purchasable","17":"product-type-simple"},"aioseo_notices":[],"_links":{"self":[{"href":"https:\/\/armenocaffe.it\/de\/wp-json\/wp\/v2\/product\/25958","targetHints":{"allow":["GET"]}}],"collection":[{"href":"https:\/\/armenocaffe.it\/de\/wp-json\/wp\/v2\/product"}],"about":[{"href":"https:\/\/armenocaffe.it\/de\/wp-json\/wp\/v2\/types\/product"}],"version-history":[{"count":3,"href":"https:\/\/armenocaffe.it\/de\/wp-json\/wp\/v2\/product\/25958\/revisions"}],"predecessor-version":[{"id":31924,"href":"https:\/\/armenocaffe.it\/de\/wp-json\/wp\/v2\/product\/25958\/revisions\/31924"}],"wp:featuredmedia":[{"embeddable":true,"href":"https:\/\/armenocaffe.it\/de\/wp-json\/wp\/v2\/media\/25495"}],"wp:attachment":[{"href":"https:\/\/armenocaffe.it\/de\/wp-json\/wp\/v2\/media?parent=25958"}],"wp:term":[{"taxonomy":"product_brand","embeddable":true,"href":"https:\/\/armenocaffe.it\/de\/wp-json\/wp\/v2\/product_brand?post=25958"},{"taxonomy":"product_cat","embeddable":true,"href":"https:\/\/armenocaffe.it\/de\/wp-json\/wp\/v2\/product_cat?post=25958"},{"taxonomy":"product_tag","embeddable":true,"href":"https:\/\/armenocaffe.it\/de\/wp-json\/wp\/v2\/product_tag?post=25958"}],"curies":[{"name":"wp","href":"https:\/\/api.w.org\/{rel}","templated":true}]}}