{"id":25980,"date":"2023-11-10T17:05:11","date_gmt":"2023-11-10T17:05:11","guid":{"rendered":"https:\/\/armenocaffe.krescendo.it\/shop\/unkategorisiert\/caffe-in-grani-e-macinato-kusko\/"},"modified":"2025-02-17T09:35:50","modified_gmt":"2025-02-17T09:35:50","slug":"caffe-in-grani-e-macinato-kusko","status":"publish","type":"product","link":"https:\/\/armenocaffe.it\/de\/shop\/grani-e-macinato-de\/caffe-in-grani-e-macinato-kusko\/","title":{"rendered":"Kaffeebohnen und gemahlener Kaffee &#8211; Kusko"},"content":{"rendered":"\t\t<div data-elementor-type=\"wp-post\" data-elementor-id=\"25980\" class=\"elementor elementor-25980 elementor-25453\" data-elementor-post-type=\"product\">\n\t\t\t\t\t\t<section class=\"elementor-section elementor-top-section elementor-element elementor-element-01a54ad elementor-section-full_width elementor-section-gap-beside-no elementor-section-height-default elementor-section-height-default elementor-section-column-vertical-align-stretch\" data-id=\"01a54ad\" data-element_type=\"section\">\n\t\t\t\t\t\t<div class=\"elementor-container elementor-column-gap-extended\">\n\t\t\t\t\t<div class=\"elementor-column elementor-col-100 elementor-top-column elementor-element elementor-element-2e7e1d2\" data-id=\"2e7e1d2\" data-element_type=\"column\">\n\t\t\t<div class=\"elementor-widget-wrap elementor-element-populated\">\n\t\t\t\t\t\t<div class=\"elementor-element elementor-element-288ef37 elementor-widget elementor-widget-text-editor\" data-id=\"288ef37\" data-element_type=\"widget\" data-widget_type=\"text-editor.default\">\n\t\t\t\t<div class=\"elementor-widget-container\">\n\t\t\t\t\t\t\t\t\tCaff\u00e8 torrefatto e prodotto in Italia. <br>\nConservare in un luogo fresco e asciutto lontano da fonti di calore.\t\t\t\t\t\t\t\t<\/div>\n\t\t\t\t<\/div>\n\t\t\t\t\t<\/div>\n\t\t<\/div>\n\t\t\t\t\t<\/div>\n\t\t<\/section>\n\t\t\t\t<\/div>\n\t\t","protected":false},"excerpt":{"rendered":"<p>Kaffeebohnen oder gemahlener Kusko: feiner 100%iger Arabica-Kaffee aus Guatemala.<\/p>\n<p>Das perfekte Klima und der n\u00e4hrstoffreiche vulkanische Boden machen diesen Kaffee, der urspr\u00fcnglich aus San Pedro stammt, zu einem der besten der Welt. Unsere Kusko-Mischung besteht zu 100 % aus Arabica-Bohnen, die in hohen Lagen und in einem sehr g\u00fcnstigen tropischen Klima angebaut werden. Die Tasse Kaffee hat einen vollen und \u00e4u\u00dferst lebendigen K\u00f6rper, ein perfektes Gleichgewicht zwischen Aroma und S\u00e4ure. Noten von Gew\u00fcrzen, Karamell, Schokolade und ein Hauch von Pfirsich runden den Geschmack dieses au\u00dfergew\u00f6hnlichen Produkts ab.<\/p>\n<p>Erh\u00e4ltlich als Bohnenkaffee oder gemahlener Single-Origin-Kaffee f\u00fcr Espresso und italienischen Mokka.<\/p>\n<p>Von W\u00e4rmequellen fernhalten<br \/>\nK\u00fchl und trocken lagern<\/p>\n","protected":false},"featured_media":30553,"template":"","meta":{"om_disable_all_campaigns":false,"_monsterinsights_skip_tracking":false,"_monsterinsights_sitenote_active":false,"_monsterinsights_sitenote_note":"","_monsterinsights_sitenote_category":0},"product_brand":[],"product_cat":[175,279],"product_tag":[],"class_list":{"0":"post-25980","1":"product","2":"type-product","3":"status-publish","4":"has-post-thumbnail","6":"product_cat-grani-e-macinato-de","7":"product_cat-specialty","9":"first","10":"instock","11":"featured","12":"taxable","13":"shipping-taxable","14":"purchasable","15":"product-type-variable"},"aioseo_notices":[],"_links":{"self":[{"href":"https:\/\/armenocaffe.it\/de\/wp-json\/wp\/v2\/product\/25980","targetHints":{"allow":["GET"]}}],"collection":[{"href":"https:\/\/armenocaffe.it\/de\/wp-json\/wp\/v2\/product"}],"about":[{"href":"https:\/\/armenocaffe.it\/de\/wp-json\/wp\/v2\/types\/product"}],"version-history":[{"count":4,"href":"https:\/\/armenocaffe.it\/de\/wp-json\/wp\/v2\/product\/25980\/revisions"}],"predecessor-version":[{"id":31718,"href":"https:\/\/armenocaffe.it\/de\/wp-json\/wp\/v2\/product\/25980\/revisions\/31718"}],"wp:featuredmedia":[{"embeddable":true,"href":"https:\/\/armenocaffe.it\/de\/wp-json\/wp\/v2\/media\/30553"}],"wp:attachment":[{"href":"https:\/\/armenocaffe.it\/de\/wp-json\/wp\/v2\/media?parent=25980"}],"wp:term":[{"taxonomy":"product_brand","embeddable":true,"href":"https:\/\/armenocaffe.it\/de\/wp-json\/wp\/v2\/product_brand?post=25980"},{"taxonomy":"product_cat","embeddable":true,"href":"https:\/\/armenocaffe.it\/de\/wp-json\/wp\/v2\/product_cat?post=25980"},{"taxonomy":"product_tag","embeddable":true,"href":"https:\/\/armenocaffe.it\/de\/wp-json\/wp\/v2\/product_tag?post=25980"}],"curies":[{"name":"wp","href":"https:\/\/api.w.org\/{rel}","templated":true}]}}