{"id":26010,"date":"2023-11-10T16:49:05","date_gmt":"2023-11-10T16:49:05","guid":{"rendered":"https:\/\/armenocaffe.krescendo.it\/shop\/unkategorisiert\/caffe-in-grani-e-macinato-kopi\/"},"modified":"2025-02-17T09:49:15","modified_gmt":"2025-02-17T09:49:15","slug":"caffe-in-grani-e-macinato-kopi","status":"publish","type":"product","link":"https:\/\/armenocaffe.it\/de\/shop\/grani-e-macinato-de\/caffe-in-grani-e-macinato-kopi\/","title":{"rendered":"Kaffeebohnen und gemahlener Kaffee &#8211; Kopi"},"content":{"rendered":"\t\t<div data-elementor-type=\"wp-post\" data-elementor-id=\"26010\" class=\"elementor elementor-26010 elementor-25400\" data-elementor-post-type=\"product\">\n\t\t\t\t\t\t<section class=\"elementor-section elementor-top-section elementor-element elementor-element-01a54ad elementor-section-full_width elementor-section-gap-beside-no elementor-section-height-default elementor-section-height-default elementor-section-column-vertical-align-stretch\" data-id=\"01a54ad\" data-element_type=\"section\">\n\t\t\t\t\t\t<div class=\"elementor-container elementor-column-gap-extended\">\n\t\t\t\t\t<div class=\"elementor-column elementor-col-100 elementor-top-column elementor-element elementor-element-2e7e1d2\" data-id=\"2e7e1d2\" data-element_type=\"column\">\n\t\t\t<div class=\"elementor-widget-wrap elementor-element-populated\">\n\t\t\t\t\t\t<div class=\"elementor-element elementor-element-288ef37 elementor-widget elementor-widget-text-editor\" data-id=\"288ef37\" data-element_type=\"widget\" data-widget_type=\"text-editor.default\">\n\t\t\t\t<div class=\"elementor-widget-container\">\n\t\t\t\t\t\t\t\t\tCaff\u00e8 torrefatto e prodotto in Italia. <br>\nConservare in un luogo fresco e asciutto lontano da fonti di calore.\t\t\t\t\t\t\t\t<\/div>\n\t\t\t\t<\/div>\n\t\t\t\t\t<\/div>\n\t\t<\/div>\n\t\t\t\t\t<\/div>\n\t\t<\/section>\n\t\t\t\t<\/div>\n\t\t","protected":false},"excerpt":{"rendered":"<p>Kaffeebohnen oder gemahlener Kopi: seltener indonesischer Kaffee.<\/p>\n<p>Auf einer Insel wie Indonesien, einem wichtigen Erzeuger und Exporteur von Bohnen in die ganze Welt, gibt es eine gro\u00dfe Anzahl von Kaffeesorten, die \u00fcber das gesamte Gebiet verstreut sind. Die kleinen Plantagen und die staatliche Kontrolle dar\u00fcber machen den indonesischen Kaffee jedoch \u00e4u\u00dferst wertvoll und selten. Durch Studien und zahlreiche Versuche ist es uns gelungen, die besten Bohnen auszuw\u00e4hlen, um eine Mischung zu kreieren, die eine Tasse mit reichhaltiger und cremiger Textur, geringem S\u00e4uregehalt und tiefem Geschmack ergibt.<\/p>\n<p>Erh\u00e4ltlich als Bohnenkaffee oder gemahlener Kaffee aus einer einzigen Herkunft f\u00fcr Espresso und italienischen Mokka.<\/p>\n<p>Von W\u00e4rmequellen fernhalten<br \/>\nK\u00fchl und trocken lagern<\/p>\n","protected":false},"featured_media":25412,"template":"","meta":{"om_disable_all_campaigns":false,"_monsterinsights_skip_tracking":false,"_monsterinsights_sitenote_active":false,"_monsterinsights_sitenote_note":"","_monsterinsights_sitenote_category":0},"product_brand":[],"product_cat":[175,279],"product_tag":[],"class_list":{"0":"post-26010","1":"product","2":"type-product","3":"status-publish","4":"has-post-thumbnail","6":"product_cat-grani-e-macinato-de","7":"product_cat-specialty","9":"first","10":"instock","11":"featured","12":"taxable","13":"shipping-taxable","14":"purchasable","15":"product-type-variable"},"aioseo_notices":[],"_links":{"self":[{"href":"https:\/\/armenocaffe.it\/de\/wp-json\/wp\/v2\/product\/26010","targetHints":{"allow":["GET"]}}],"collection":[{"href":"https:\/\/armenocaffe.it\/de\/wp-json\/wp\/v2\/product"}],"about":[{"href":"https:\/\/armenocaffe.it\/de\/wp-json\/wp\/v2\/types\/product"}],"version-history":[{"count":1,"href":"https:\/\/armenocaffe.it\/de\/wp-json\/wp\/v2\/product\/26010\/revisions"}],"predecessor-version":[{"id":26013,"href":"https:\/\/armenocaffe.it\/de\/wp-json\/wp\/v2\/product\/26010\/revisions\/26013"}],"wp:featuredmedia":[{"embeddable":true,"href":"https:\/\/armenocaffe.it\/de\/wp-json\/wp\/v2\/media\/25412"}],"wp:attachment":[{"href":"https:\/\/armenocaffe.it\/de\/wp-json\/wp\/v2\/media?parent=26010"}],"wp:term":[{"taxonomy":"product_brand","embeddable":true,"href":"https:\/\/armenocaffe.it\/de\/wp-json\/wp\/v2\/product_brand?post=26010"},{"taxonomy":"product_cat","embeddable":true,"href":"https:\/\/armenocaffe.it\/de\/wp-json\/wp\/v2\/product_cat?post=26010"},{"taxonomy":"product_tag","embeddable":true,"href":"https:\/\/armenocaffe.it\/de\/wp-json\/wp\/v2\/product_tag?post=26010"}],"curies":[{"name":"wp","href":"https:\/\/api.w.org\/{rel}","templated":true}]}}