{"id":26020,"date":"2023-11-10T16:49:05","date_gmt":"2023-11-10T16:49:05","guid":{"rendered":"https:\/\/armenocaffe.krescendo.it\/shop\/unkategorisiert\/caffe-in-grani-e-macinato-kipling\/"},"modified":"2025-02-17T09:51:29","modified_gmt":"2025-02-17T09:51:29","slug":"caffe-in-grani-e-macinato-kipling","status":"publish","type":"product","link":"https:\/\/armenocaffe.it\/de\/shop\/grani-e-macinato-de\/caffe-in-grani-e-macinato-kipling\/","title":{"rendered":"Kaffeebohnen und gemahlener Kaffee &#8211; Kipling"},"content":{"rendered":"\t\t<div data-elementor-type=\"wp-post\" data-elementor-id=\"26020\" class=\"elementor elementor-26020 elementor-25415\" data-elementor-post-type=\"product\">\n\t\t\t\t\t\t<section class=\"elementor-section elementor-top-section elementor-element elementor-element-01a54ad elementor-section-full_width elementor-section-gap-beside-no elementor-section-height-default elementor-section-height-default elementor-section-column-vertical-align-stretch\" data-id=\"01a54ad\" data-element_type=\"section\">\n\t\t\t\t\t\t<div class=\"elementor-container elementor-column-gap-extended\">\n\t\t\t\t\t<div class=\"elementor-column elementor-col-100 elementor-top-column elementor-element elementor-element-2e7e1d2\" data-id=\"2e7e1d2\" data-element_type=\"column\">\n\t\t\t<div class=\"elementor-widget-wrap elementor-element-populated\">\n\t\t\t\t\t\t<div class=\"elementor-element elementor-element-288ef37 elementor-widget elementor-widget-text-editor\" data-id=\"288ef37\" data-element_type=\"widget\" data-widget_type=\"text-editor.default\">\n\t\t\t\t<div class=\"elementor-widget-container\">\n\t\t\t\t\t\t\t\t\tCaff\u00e8 torrefatto e prodotto in Italia. <br>\nConservare in un luogo fresco e asciutto lontano da fonti di calore.\t\t\t\t\t\t\t\t<\/div>\n\t\t\t\t<\/div>\n\t\t\t\t\t<\/div>\n\t\t<\/div>\n\t\t\t\t\t<\/div>\n\t\t<\/section>\n\t\t\t\t<\/div>\n\t\t","protected":false},"excerpt":{"rendered":"<p>Kaffeebohnen oder gemahlener Kipling: der Monsun-Kaffee.<\/p>\n<p>Jahrhundert, als in London Kaffee aus Indien verwendet wurde, der sich nach wochenlanger Reise mit Feuchtigkeit vollgesogen hatte. Dadurch bildete sich eine seltsame gelbliche Patina, die sich im Laufe der Jahre als das Geheimnis dieses au\u00dfergew\u00f6hnlichen Kaffees herausstellte. Die einzige M\u00f6glichkeit, diese Besonderheit wiederherzustellen, besteht darin, die Bohnen in Indien w\u00e4hrend der Monsunzeit anzubauen. Aus diesen Anbauten entstand unsere Kipling-Mischung, ein vollmundiger, intensiver und w\u00fcrziger Kaffee.<\/p>\n<p>Erh\u00e4ltlich als Bohnenkaffee oder gemahlener Kaffee aus einer einzigen Herkunft f\u00fcr Espresso und italienischen Mokka.<\/p>\n<p>Von W\u00e4rmequellen fernhalten<br \/>\nAn einem k\u00fchlen, trockenen Ort aufbewahren<\/p>\n","protected":false},"featured_media":25441,"template":"","meta":{"om_disable_all_campaigns":false,"_monsterinsights_skip_tracking":false,"_monsterinsights_sitenote_active":false,"_monsterinsights_sitenote_note":"","_monsterinsights_sitenote_category":0},"product_brand":[],"product_cat":[175,279],"product_tag":[],"class_list":{"0":"post-26020","1":"product","2":"type-product","3":"status-publish","4":"has-post-thumbnail","6":"product_cat-grani-e-macinato-de","7":"product_cat-specialty","9":"first","10":"instock","11":"featured","12":"taxable","13":"shipping-taxable","14":"purchasable","15":"product-type-variable"},"aioseo_notices":[],"_links":{"self":[{"href":"https:\/\/armenocaffe.it\/de\/wp-json\/wp\/v2\/product\/26020","targetHints":{"allow":["GET"]}}],"collection":[{"href":"https:\/\/armenocaffe.it\/de\/wp-json\/wp\/v2\/product"}],"about":[{"href":"https:\/\/armenocaffe.it\/de\/wp-json\/wp\/v2\/types\/product"}],"version-history":[{"count":1,"href":"https:\/\/armenocaffe.it\/de\/wp-json\/wp\/v2\/product\/26020\/revisions"}],"predecessor-version":[{"id":26023,"href":"https:\/\/armenocaffe.it\/de\/wp-json\/wp\/v2\/product\/26020\/revisions\/26023"}],"wp:featuredmedia":[{"embeddable":true,"href":"https:\/\/armenocaffe.it\/de\/wp-json\/wp\/v2\/media\/25441"}],"wp:attachment":[{"href":"https:\/\/armenocaffe.it\/de\/wp-json\/wp\/v2\/media?parent=26020"}],"wp:term":[{"taxonomy":"product_brand","embeddable":true,"href":"https:\/\/armenocaffe.it\/de\/wp-json\/wp\/v2\/product_brand?post=26020"},{"taxonomy":"product_cat","embeddable":true,"href":"https:\/\/armenocaffe.it\/de\/wp-json\/wp\/v2\/product_cat?post=26020"},{"taxonomy":"product_tag","embeddable":true,"href":"https:\/\/armenocaffe.it\/de\/wp-json\/wp\/v2\/product_tag?post=26020"}],"curies":[{"name":"wp","href":"https:\/\/api.w.org\/{rel}","templated":true}]}}