{"id":29963,"date":"2024-04-12T09:32:17","date_gmt":"2024-04-12T09:32:17","guid":{"rendered":"https:\/\/armenocaffe.it\/?post_type=product&#038;p=29963"},"modified":"2025-02-17T08:54:15","modified_gmt":"2025-02-17T08:54:15","slug":"lakritze-gemahlene-gerste","status":"publish","type":"product","link":"https:\/\/armenocaffe.it\/de\/shop\/prodotti-vari-de\/lakritze-gemahlene-gerste\/","title":{"rendered":"Lakritze Gemahlene Gerste 250 Gramm"},"content":{"rendered":"\t\t<div data-elementor-type=\"wp-post\" data-elementor-id=\"29963\" class=\"elementor elementor-29963 elementor-29962\" data-elementor-post-type=\"product\">\n\t\t\t\t\t\t<section class=\"elementor-section elementor-top-section elementor-element elementor-element-01a54ad elementor-section-full_width elementor-section-gap-beside-no elementor-section-height-default elementor-section-height-default elementor-section-column-vertical-align-stretch\" data-id=\"01a54ad\" data-element_type=\"section\">\n\t\t\t\t\t\t<div class=\"elementor-container elementor-column-gap-extended\">\n\t\t\t\t\t<div class=\"elementor-column elementor-col-100 elementor-top-column elementor-element elementor-element-2e7e1d2\" data-id=\"2e7e1d2\" data-element_type=\"column\">\n\t\t\t<div class=\"elementor-widget-wrap elementor-element-populated\">\n\t\t\t\t\t\t<div class=\"elementor-element elementor-element-288ef37 elementor-widget elementor-widget-text-editor\" data-id=\"288ef37\" data-element_type=\"widget\" data-widget_type=\"text-editor.default\">\n\t\t\t\t<div class=\"elementor-widget-container\">\n\t\t\t\t\t\t\t\t\t<p>Caff\u00e8 torrefatto e prodotto in Italia. <br \/>Conservare in un luogo fresco e asciutto lontano da fonti di calore.<\/p><p>Confezione da 500 gr<\/p>\t\t\t\t\t\t\t\t<\/div>\n\t\t\t\t<\/div>\n\t\t\t\t\t<\/div>\n\t\t<\/div>\n\t\t\t\t\t<\/div>\n\t\t<\/section>\n\t\t\t\t<section class=\"elementor-section elementor-top-section elementor-element elementor-element-f0f0f58 elementor-section-boxed elementor-section-gap-beside-yes elementor-section-height-default elementor-section-height-default elementor-section-column-vertical-align-stretch\" data-id=\"f0f0f58\" data-element_type=\"section\">\n\t\t\t\t\t\t<div class=\"elementor-container elementor-column-gap-extended\">\n\t\t\t\t\t<div class=\"elementor-column elementor-col-100 elementor-top-column elementor-element elementor-element-14cc921\" data-id=\"14cc921\" data-element_type=\"column\">\n\t\t\t<div class=\"elementor-widget-wrap elementor-element-populated\">\n\t\t\t\t\t\t\t<\/div>\n\t\t<\/div>\n\t\t\t\t\t<\/div>\n\t\t<\/section>\n\t\t\t\t<\/div>\n\t\t","protected":false},"excerpt":{"rendered":"<p>Liquorice Barley ist das Ergebnis der Kombination von Mondo-Gerste mit ihrem hohen Gehalt an Mineralsalzen und l\u00f6slichen Ballaststoffen (einschlie\u00dflich Beta-Glucanen und Tocols) mit reiner S\u00fc\u00dfholzwurzel, die Flavonoide mit antioxidativer und entz\u00fcndungshemmender Wirkung enth\u00e4lt. So entsteht ein Getr\u00e4nk, das sowohl f\u00fcr den Gaumen als auch f\u00fcr den K\u00f6rper angenehm ist. Ideal f\u00fcr Moka, Espresso, Presskaffee und amerikanische Tropfkaffeemaschinen.<\/p>\n<p>Liquorice Barley 250 Gr. Probieren Sie es und teilen Sie Ihre Geschmackserfahrung.<\/p>\n","protected":false},"featured_media":29973,"template":"","meta":{"om_disable_all_campaigns":false,"_monsterinsights_skip_tracking":false,"_monsterinsights_sitenote_active":false,"_monsterinsights_sitenote_note":"","_monsterinsights_sitenote_category":0},"product_brand":[],"product_cat":[231],"product_tag":[],"class_list":{"0":"post-29963","1":"product","2":"type-product","3":"status-publish","4":"has-post-thumbnail","6":"product_cat-prodotti-vari-de","8":"first","9":"instock","10":"featured","11":"taxable","12":"shipping-taxable","13":"purchasable","14":"product-type-simple"},"aioseo_notices":[],"_links":{"self":[{"href":"https:\/\/armenocaffe.it\/de\/wp-json\/wp\/v2\/product\/29963","targetHints":{"allow":["GET"]}}],"collection":[{"href":"https:\/\/armenocaffe.it\/de\/wp-json\/wp\/v2\/product"}],"about":[{"href":"https:\/\/armenocaffe.it\/de\/wp-json\/wp\/v2\/types\/product"}],"version-history":[{"count":2,"href":"https:\/\/armenocaffe.it\/de\/wp-json\/wp\/v2\/product\/29963\/revisions"}],"predecessor-version":[{"id":30312,"href":"https:\/\/armenocaffe.it\/de\/wp-json\/wp\/v2\/product\/29963\/revisions\/30312"}],"wp:featuredmedia":[{"embeddable":true,"href":"https:\/\/armenocaffe.it\/de\/wp-json\/wp\/v2\/media\/29973"}],"wp:attachment":[{"href":"https:\/\/armenocaffe.it\/de\/wp-json\/wp\/v2\/media?parent=29963"}],"wp:term":[{"taxonomy":"product_brand","embeddable":true,"href":"https:\/\/armenocaffe.it\/de\/wp-json\/wp\/v2\/product_brand?post=29963"},{"taxonomy":"product_cat","embeddable":true,"href":"https:\/\/armenocaffe.it\/de\/wp-json\/wp\/v2\/product_cat?post=29963"},{"taxonomy":"product_tag","embeddable":true,"href":"https:\/\/armenocaffe.it\/de\/wp-json\/wp\/v2\/product_tag?post=29963"}],"curies":[{"name":"wp","href":"https:\/\/api.w.org\/{rel}","templated":true}]}}