{"id":30027,"date":"2024-04-15T09:50:46","date_gmt":"2024-04-15T09:50:46","guid":{"rendered":"https:\/\/armenocaffe.it\/?post_type=product&#038;p=30027"},"modified":"2025-02-17T10:28:58","modified_gmt":"2025-02-17T10:28:58","slug":"armenocaffe-kaffee-und-cappuccinotasse","status":"publish","type":"product","link":"https:\/\/armenocaffe.it\/de\/shop\/accessori-e-moke-de\/armenocaffe-kaffee-und-cappuccinotasse\/","title":{"rendered":"Caff\u00e8 Armeno &#8211; Kaffeetasse und Deckel"},"content":{"rendered":"\t\t<div data-elementor-type=\"wp-post\" data-elementor-id=\"30027\" class=\"elementor elementor-30027 elementor-30026\" data-elementor-post-type=\"product\">\n\t\t\t\t\t\t<section class=\"elementor-section elementor-top-section elementor-element elementor-element-01a54ad elementor-section-full_width elementor-section-gap-beside-no elementor-section-height-default elementor-section-height-default elementor-section-column-vertical-align-stretch\" data-id=\"01a54ad\" data-element_type=\"section\">\n\t\t\t\t\t\t<div class=\"elementor-container elementor-column-gap-extended\">\n\t\t\t\t\t<div class=\"elementor-column elementor-col-100 elementor-top-column elementor-element elementor-element-2e7e1d2\" data-id=\"2e7e1d2\" data-element_type=\"column\">\n\t\t\t<div class=\"elementor-widget-wrap elementor-element-populated\">\n\t\t\t\t\t\t<div class=\"elementor-element elementor-element-288ef37 elementor-widget elementor-widget-text-editor\" data-id=\"288ef37\" data-element_type=\"widget\" data-widget_type=\"text-editor.default\">\n\t\t\t\t<div class=\"elementor-widget-container\">\n\t\t\t\t\t\t\t\t\t<p><strong>Idee e Suggerimenti:<\/strong><br \/>\u2013 non conservare in casa le capsule umide, odoranti e ammuffite<br \/>\u2013 riutilizza il caff\u00e8 come concime naturale<br \/>\u2013 riutilizza le capsule per realizzare piccoli oggetti<br \/>\u2013 risparmia sullo svuotamento del bidone del secco<\/p>\t\t\t\t\t\t\t\t<\/div>\n\t\t\t\t<\/div>\n\t\t\t\t\t<\/div>\n\t\t<\/div>\n\t\t\t\t\t<\/div>\n\t\t<\/section>\n\t\t\t\t<\/div>\n\t\t","protected":false},"excerpt":{"rendered":"<p>6er-Pack, erh\u00e4ltlich in zwei Varianten:<br \/>\n&#8211; Kaffeetasse mit passender Untertasse<br \/>\n&#8211; Cappuccinotasse mit passender Untertasse<br \/>\nBeide Sets geh\u00f6ren zu unserer Bar-Linie, die aus Keramik h\u00f6chster Qualit\u00e4t und ausschlie\u00dflich in Italien hergestellt wird.<\/p>\n<p>Die Kaffeetasse mit ihrem ausgestellten Design und den dicken R\u00e4ndern h\u00e4lt die ideale Temperatur l\u00e4nger aufrecht, wodurch das Aroma des Kaffees besser zur Geltung kommt.<\/p>\n<p>Die Cappuccinotasse hingegen wurde entwickelt, um ein perfektes Geschmackserlebnis zu garantieren: Ihre dicke Keramikstruktur h\u00e4lt den Cappuccino l\u00e4nger hei\u00df, unabh\u00e4ngig von Farbe und Dekor. Jede Tasse hat ein Fassungsverm\u00f6gen von etwa 150 ml, perfekt f\u00fcr die richtige Menge an Getr\u00e4nken.<\/p>\n<p>Logo von Armenian Coffee.<\/p>\n","protected":false},"featured_media":30529,"template":"","meta":{"om_disable_all_campaigns":false,"_monsterinsights_skip_tracking":false,"_monsterinsights_sitenote_active":false,"_monsterinsights_sitenote_note":"","_monsterinsights_sitenote_category":0},"product_brand":[204],"product_cat":[180],"product_tag":[250,251],"class_list":{"0":"post-30027","1":"product","2":"type-product","3":"status-publish","4":"has-post-thumbnail","6":"product_brand-caffe-armeno-de","7":"product_cat-accessori-e-moke-de","8":"product_tag-tazza-de","9":"product_tag-tazzina-de","11":"first","12":"instock","13":"featured","14":"taxable","15":"shipping-taxable","16":"purchasable","17":"product-type-variable"},"aioseo_notices":[],"_links":{"self":[{"href":"https:\/\/armenocaffe.it\/de\/wp-json\/wp\/v2\/product\/30027","targetHints":{"allow":["GET"]}}],"collection":[{"href":"https:\/\/armenocaffe.it\/de\/wp-json\/wp\/v2\/product"}],"about":[{"href":"https:\/\/armenocaffe.it\/de\/wp-json\/wp\/v2\/types\/product"}],"version-history":[{"count":6,"href":"https:\/\/armenocaffe.it\/de\/wp-json\/wp\/v2\/product\/30027\/revisions"}],"predecessor-version":[{"id":31743,"href":"https:\/\/armenocaffe.it\/de\/wp-json\/wp\/v2\/product\/30027\/revisions\/31743"}],"wp:featuredmedia":[{"embeddable":true,"href":"https:\/\/armenocaffe.it\/de\/wp-json\/wp\/v2\/media\/30529"}],"wp:attachment":[{"href":"https:\/\/armenocaffe.it\/de\/wp-json\/wp\/v2\/media?parent=30027"}],"wp:term":[{"taxonomy":"product_brand","embeddable":true,"href":"https:\/\/armenocaffe.it\/de\/wp-json\/wp\/v2\/product_brand?post=30027"},{"taxonomy":"product_cat","embeddable":true,"href":"https:\/\/armenocaffe.it\/de\/wp-json\/wp\/v2\/product_cat?post=30027"},{"taxonomy":"product_tag","embeddable":true,"href":"https:\/\/armenocaffe.it\/de\/wp-json\/wp\/v2\/product_tag?post=30027"}],"curies":[{"name":"wp","href":"https:\/\/api.w.org\/{rel}","templated":true}]}}