{"id":30964,"date":"2024-10-02T10:29:47","date_gmt":"2024-10-02T10:29:47","guid":{"rendered":"https:\/\/armenocaffe.it\/?post_type=product&#038;p=30964"},"modified":"2025-02-19T09:36:40","modified_gmt":"2025-02-19T09:36:40","slug":"kaffee-set-fur-buro-und-zuhause-armeno-caffe-copy","status":"publish","type":"product","link":"https:\/\/armenocaffe.it\/de\/shop\/accessori-e-moke-de\/kaffee-set-fur-buro-und-zuhause-armeno-caffe-copy\/","title":{"rendered":"Universal-Wasserenth\u00e4rter &#8211; Oscar 60"},"content":{"rendered":"\t\t<div data-elementor-type=\"wp-post\" data-elementor-id=\"30964\" class=\"elementor elementor-30964 elementor-30963\" data-elementor-post-type=\"product\">\n\t\t\t\t\t\t<section class=\"elementor-section elementor-top-section elementor-element elementor-element-01a54ad elementor-section-full_width elementor-section-gap-beside-no elementor-section-height-default elementor-section-height-default elementor-section-column-vertical-align-stretch\" data-id=\"01a54ad\" data-element_type=\"section\">\n\t\t\t\t\t\t<div class=\"elementor-container elementor-column-gap-extended\">\n\t\t\t\t\t<div class=\"elementor-column elementor-col-100 elementor-top-column elementor-element elementor-element-2e7e1d2\" data-id=\"2e7e1d2\" data-element_type=\"column\">\n\t\t\t<div class=\"elementor-widget-wrap elementor-element-populated\">\n\t\t\t\t\t\t<div class=\"elementor-element elementor-element-288ef37 elementor-widget elementor-widget-text-editor\" data-id=\"288ef37\" data-element_type=\"widget\" data-widget_type=\"text-editor.default\">\n\t\t\t\t<div class=\"elementor-widget-container\">\n\t\t\t\t\t\t\t\t\t<p><strong>Idee e Suggerimenti:<\/strong><br \/>\u2013 non conservare in casa le capsule umide, odoranti e ammuffite<br \/>\u2013 riutilizza il caff\u00e8 come concime naturale<br \/>\u2013 riutilizza le capsule per realizzare piccoli oggetti<br \/>\u2013 risparmia sullo svuotamento del bidone del secco<\/p>\t\t\t\t\t\t\t\t<\/div>\n\t\t\t\t<\/div>\n\t\t\t\t\t<\/div>\n\t\t<\/div>\n\t\t\t\t\t<\/div>\n\t\t<\/section>\n\t\t\t\t<\/div>\n\t\t","protected":false},"excerpt":{"rendered":"<p>OSCAR ist ein innovatives Anti-Kalk-System f\u00fcr kleine Hei\u00dfgetr\u00e4nkeautomaten (Kapsel- und Kapselkaffeemaschinen) f\u00fcr Haushalt und B\u00fcro.<br \/>\nUnter Ausnutzung des osmotischen Prinzips von Salzl\u00f6sungen entfernt es Kalzium- und Magnesiumionen aus dem Wasser, die f\u00fcr Verkrustungen in Boilern und W\u00e4rmetauschern verantwortlich sind.<br \/>\nGeeignet f\u00fcr Maschinen f\u00fcr den Hausgebrauch mit kleinem Wassertank (typisch f\u00fcr Kapsel- oder Kapselmaschinen).<\/p>\n<p>ANWENDUNG:<br \/>\n1) Oscar aus dem Au\u00dfenbeutel nehmen<br \/>\n2) Unter kaltem Wasser anfeuchten<br \/>\n3) Auf den Boden des Tanks legen und den Tank f\u00fcllen<br \/>\n4) Nach 12 Monaten oder nach 100 Litern behandeltem Wasser auswechseln<\/p>\n<p>Arbeitstemperatur von 5C\u00b0 bis 40C\u00b0.<br \/>\nBakteriostatisches Harz.<br \/>\nBehandelte Liter (bei 20\u00b0f) 100. FDA-zertifiziert.<\/p>\n","protected":false},"featured_media":30960,"template":"","meta":{"om_disable_all_campaigns":false,"_monsterinsights_skip_tracking":false,"_monsterinsights_sitenote_active":false,"_monsterinsights_sitenote_note":"","_monsterinsights_sitenote_category":0},"product_brand":[],"product_cat":[180],"product_tag":[251],"class_list":{"0":"post-30964","1":"product","2":"type-product","3":"status-publish","4":"has-post-thumbnail","6":"product_cat-accessori-e-moke-de","7":"product_tag-tazzina-de","9":"first","10":"instock","11":"featured","12":"taxable","13":"shipping-taxable","14":"purchasable","15":"product-type-simple"},"aioseo_notices":[],"_links":{"self":[{"href":"https:\/\/armenocaffe.it\/de\/wp-json\/wp\/v2\/product\/30964","targetHints":{"allow":["GET"]}}],"collection":[{"href":"https:\/\/armenocaffe.it\/de\/wp-json\/wp\/v2\/product"}],"about":[{"href":"https:\/\/armenocaffe.it\/de\/wp-json\/wp\/v2\/types\/product"}],"version-history":[{"count":3,"href":"https:\/\/armenocaffe.it\/de\/wp-json\/wp\/v2\/product\/30964\/revisions"}],"predecessor-version":[{"id":31936,"href":"https:\/\/armenocaffe.it\/de\/wp-json\/wp\/v2\/product\/30964\/revisions\/31936"}],"wp:featuredmedia":[{"embeddable":true,"href":"https:\/\/armenocaffe.it\/de\/wp-json\/wp\/v2\/media\/30960"}],"wp:attachment":[{"href":"https:\/\/armenocaffe.it\/de\/wp-json\/wp\/v2\/media?parent=30964"}],"wp:term":[{"taxonomy":"product_brand","embeddable":true,"href":"https:\/\/armenocaffe.it\/de\/wp-json\/wp\/v2\/product_brand?post=30964"},{"taxonomy":"product_cat","embeddable":true,"href":"https:\/\/armenocaffe.it\/de\/wp-json\/wp\/v2\/product_cat?post=30964"},{"taxonomy":"product_tag","embeddable":true,"href":"https:\/\/armenocaffe.it\/de\/wp-json\/wp\/v2\/product_tag?post=30964"}],"curies":[{"name":"wp","href":"https:\/\/api.w.org\/{rel}","templated":true}]}}