{"id":32562,"date":"2025-05-20T12:06:32","date_gmt":"2025-05-20T12:06:32","guid":{"rendered":"https:\/\/armenocaffe.it\/?post_type=product&#038;p=32562"},"modified":"2025-05-20T12:51:59","modified_gmt":"2025-05-20T12:51:59","slug":"super-kaffeebohnen-und-gemahlener-kaffee-copia","status":"publish","type":"product","link":"https:\/\/armenocaffe.it\/de\/shop\/grani-e-macinato-de\/super-kaffeebohnen-und-gemahlener-kaffee-copia\/","title":{"rendered":"SUMATRA QUEEN KETIARA &#8211; Kaffeebohnen und gemahlener Kaffee"},"content":{"rendered":"\t\t<div data-elementor-type=\"wp-post\" data-elementor-id=\"32562\" class=\"elementor elementor-32562 elementor-32557\" data-elementor-post-type=\"product\">\n\t\t\t\t\t\t<section class=\"elementor-section elementor-top-section elementor-element elementor-element-01a54ad elementor-section-full_width elementor-section-gap-beside-no elementor-section-height-default elementor-section-height-default elementor-section-column-vertical-align-stretch\" data-id=\"01a54ad\" data-element_type=\"section\">\n\t\t\t\t\t\t<div class=\"elementor-container elementor-column-gap-extended\">\n\t\t\t\t\t<div class=\"elementor-column elementor-col-100 elementor-top-column elementor-element elementor-element-2e7e1d2\" data-id=\"2e7e1d2\" data-element_type=\"column\">\n\t\t\t<div class=\"elementor-widget-wrap elementor-element-populated\">\n\t\t\t\t\t\t<div class=\"elementor-element elementor-element-288ef37 elementor-widget elementor-widget-text-editor\" data-id=\"288ef37\" data-element_type=\"widget\" data-widget_type=\"text-editor.default\">\n\t\t\t\t<div class=\"elementor-widget-container\">\n\t\t\t\t\t\t\t\t\tINHALTSSTOFFE<br>\nIn Italien hergestellter R\u00f6stkaffee.<br>\n\nAUFBEWAHRUNG<br>\nK\u00fchl, trocken und vor W\u00e4rme gesch\u00fctzt lagern.\n\t\t\t\t\t\t\t\t<\/div>\n\t\t\t\t<\/div>\n\t\t\t\t\t<\/div>\n\t\t<\/div>\n\t\t\t\t\t<\/div>\n\t\t<\/section>\n\t\t\t\t<\/div>\n\t\t","protected":false},"excerpt":{"rendered":"<h3>Ursprungsloser Kaffee \u201eSUMATRA QUEEN KETIARA\u201c<\/h3>\n<p><strong>Beschreibung<\/strong><\/p>\n<p>Single-Origin-Kaffee von h\u00f6chster Qualit\u00e4t, angebaut im Schatten der tropischen W\u00e4lder der Region Gayo am Rande des Leuser-Nationalparks. Er wird ausschlie\u00dflich aus Bohnen hergestellt, die von den Mitgliedern der Kopepi Ketiara Kooperative geerntet werden, die ausschlie\u00dflich von Frauen gef\u00fchrt wird und sich ethischen und nachhaltigen Praktiken verschrieben hat. Die Erl\u00f6se aus dem Verkauf werden in Programme zur Unterst\u00fctzung der Frauen der Kooperative reinvestiert.<\/p>\n<p>Herkunft: Aceh Tengah, Sumatra &#8211; Indonesien<br \/>\nH\u00f6henlage: 1.240 &#8211; 1.560 m \u00fc.d.M.<br \/>\nBotanische Art: Arabica<br \/>\nSorte: Gayo<br \/>\nProduzent: Kopepi Ketiara Women&#8217;s Cooperative<br \/>\nZertifizierungen: Bio, Fairtrade<\/p>\n<p><strong>Sensorisches Profil<\/strong><\/p>\n<p>Aroma: Pflaume und Kirsche<\/p>\n<p>Geschmack: Kandierte Zitrusfr\u00fcchte und Ahornsirup<\/p>\n<p>K\u00f6rper: Reichhaltig und samtig<\/p>\n<p>Abgang: Ausgewogen und komplex<\/p>\n<p><strong>Starke Punkte<\/strong><\/p>\n<p>\u2714 100% handwerklich hergestellter Kaffee<br \/>\n\u2714 Anbau unter Ber\u00fccksichtigung des \u00d6kosystems<br \/>\n\u2714 Herstellung durch eine Frauenkooperative<br \/>\n\u2714 Bei internationalen Wettbewerben ausgezeichnete Qualit\u00e4t<br \/>\n\u2714 Transparente und nachhaltige Lieferkette<a href=\"https:\/\/armenocaffe.it\/wp-admin\/admin.php?page=aioseo-link-assistant\">Link Assistant<\/a><\/p>\n","protected":false},"featured_media":32590,"template":"","meta":{"om_disable_all_campaigns":false,"_monsterinsights_skip_tracking":false,"_monsterinsights_sitenote_active":false,"_monsterinsights_sitenote_note":"","_monsterinsights_sitenote_category":0},"product_brand":[204],"product_cat":[175],"product_tag":[],"class_list":{"0":"post-32562","1":"product","2":"type-product","3":"status-publish","4":"has-post-thumbnail","6":"product_brand-caffe-armeno-de","7":"product_cat-grani-e-macinato-de","9":"first","10":"instock","11":"featured","12":"taxable","13":"shipping-taxable","14":"purchasable","15":"product-type-variable"},"aioseo_notices":[],"_links":{"self":[{"href":"https:\/\/armenocaffe.it\/de\/wp-json\/wp\/v2\/product\/32562","targetHints":{"allow":["GET"]}}],"collection":[{"href":"https:\/\/armenocaffe.it\/de\/wp-json\/wp\/v2\/product"}],"about":[{"href":"https:\/\/armenocaffe.it\/de\/wp-json\/wp\/v2\/types\/product"}],"version-history":[{"count":1,"href":"https:\/\/armenocaffe.it\/de\/wp-json\/wp\/v2\/product\/32562\/revisions"}],"predecessor-version":[{"id":32582,"href":"https:\/\/armenocaffe.it\/de\/wp-json\/wp\/v2\/product\/32562\/revisions\/32582"}],"wp:featuredmedia":[{"embeddable":true,"href":"https:\/\/armenocaffe.it\/de\/wp-json\/wp\/v2\/media\/32590"}],"wp:attachment":[{"href":"https:\/\/armenocaffe.it\/de\/wp-json\/wp\/v2\/media?parent=32562"}],"wp:term":[{"taxonomy":"product_brand","embeddable":true,"href":"https:\/\/armenocaffe.it\/de\/wp-json\/wp\/v2\/product_brand?post=32562"},{"taxonomy":"product_cat","embeddable":true,"href":"https:\/\/armenocaffe.it\/de\/wp-json\/wp\/v2\/product_cat?post=32562"},{"taxonomy":"product_tag","embeddable":true,"href":"https:\/\/armenocaffe.it\/de\/wp-json\/wp\/v2\/product_tag?post=32562"}],"curies":[{"name":"wp","href":"https:\/\/api.w.org\/{rel}","templated":true}]}}