{"id":32598,"date":"2025-05-21T08:05:16","date_gmt":"2025-05-21T08:05:16","guid":{"rendered":"https:\/\/armenocaffe.it\/?post_type=product&#038;p=32598"},"modified":"2025-05-21T08:10:23","modified_gmt":"2025-05-21T08:10:23","slug":"packangebot-nespresso-kapseln-300-kapseln-caffe-armeno-copia","status":"publish","type":"product","link":"https:\/\/armenocaffe.it\/de\/shop\/capsule-compatibili-de\/nespresso-de\/packangebot-nespresso-kapseln-300-kapseln-caffe-armeno-copia\/","title":{"rendered":"PACKANGEBOT Nespresso Kapseln 300 Kapseln &#8211; Caff\u00e8 Armeno (Copia)"},"content":{"rendered":"\t\t<div data-elementor-type=\"wp-post\" data-elementor-id=\"32598\" class=\"elementor elementor-32598 elementor-32597\" data-elementor-post-type=\"product\">\n\t\t\t\t\t\t<section class=\"elementor-section elementor-top-section elementor-element elementor-element-01a54ad elementor-section-full_width elementor-section-gap-beside-no elementor-section-height-default elementor-section-height-default elementor-section-column-vertical-align-stretch\" data-id=\"01a54ad\" data-element_type=\"section\">\n\t\t\t\t\t\t<div class=\"elementor-container elementor-column-gap-extended\">\n\t\t\t\t\t<div class=\"elementor-column elementor-col-100 elementor-top-column elementor-element elementor-element-2e7e1d2\" data-id=\"2e7e1d2\" data-element_type=\"column\">\n\t\t\t<div class=\"elementor-widget-wrap elementor-element-populated\">\n\t\t\t\t\t\t<div class=\"elementor-element elementor-element-288ef37 elementor-widget elementor-widget-text-editor\" data-id=\"288ef37\" data-element_type=\"widget\" data-widget_type=\"text-editor.default\">\n\t\t\t\t<div class=\"elementor-widget-container\">\n\t\t\t\t\t\t\t\t\tINHALTSSTOFFE<br>\nIn Italien hergestellter R\u00f6stkaffee.<br>\n\nAUFBEWAHRUNG<br>\nK\u00fchl, trocken und vor W\u00e4rme gesch\u00fctzt lagern.\n\t\t\t\t\t\t\t\t<\/div>\n\t\t\t\t<\/div>\n\t\t\t\t\t<\/div>\n\t\t<\/div>\n\t\t\t\t\t<\/div>\n\t\t<\/section>\n\t\t\t\t<\/div>\n\t\t","protected":false},"excerpt":{"rendered":"<p class=\"p1\">Packung mit 300 Nespresso-kompatiblen Kapseln, gemischt in den s\u00fc\u00dfen und starken Mischungen der Linie Armeno. Cremigkeit, kr\u00e4ftiger Geschmack, Kakaonoten und ein hoher Koffeingehalt f\u00fcr die FORTE-Mischung in der Farbe SCHWARZ. Zarterer und cremigerer Geschmack in der Mischung DOLCE mit der Kapselfarbe GOLD.<br \/>\nANGEBOT VORBEHALTLICH DER ERSCH\u00d6PFUNG DER LAGERBEST\u00c4NDE &#8211; NUR 10 ST\u00dcCK VERF\u00dcGBAR<\/p>\n<p class=\"p1\">Diese Nespresso-kompatible Kapsel, die dank unserer Kaffeemischungen und der Verwendung der \u201eParma-R\u00f6stung\u201c gewonnen wurde, ist das f\u00fchrende Produkt unserer Linie und enth\u00e4lt eine der besten verf\u00fcgbaren Kaffeesorten.<\/p>\n<p class=\"p1\">Wie kann man diese Kaffeekapseln recyceln?<\/p>\n<p class=\"p1\">Unsere Aluminiumkapseln k\u00f6nnen in der M\u00fclltrennung entsorgt werden oder Sie k\u00f6nnen sie dank des Capsopener-Werkzeugs vollst\u00e4ndig recyceln.<\/p>\n<p class=\"p1\">\n","protected":false},"featured_media":32602,"template":"","meta":{"om_disable_all_campaigns":false,"_monsterinsights_skip_tracking":false,"_monsterinsights_sitenote_active":false,"_monsterinsights_sitenote_note":"","_monsterinsights_sitenote_category":0},"product_brand":[204],"product_cat":[176,240],"product_tag":[],"class_list":{"0":"post-32598","1":"product","2":"type-product","3":"status-publish","4":"has-post-thumbnail","6":"product_brand-caffe-armeno-de","7":"product_cat-capsule-compatibili-de","8":"product_cat-nespresso-de","10":"first","11":"instock","12":"sale","13":"featured","14":"taxable","15":"shipping-taxable","16":"purchasable","17":"product-type-simple"},"aioseo_notices":[],"_links":{"self":[{"href":"https:\/\/armenocaffe.it\/de\/wp-json\/wp\/v2\/product\/32598","targetHints":{"allow":["GET"]}}],"collection":[{"href":"https:\/\/armenocaffe.it\/de\/wp-json\/wp\/v2\/product"}],"about":[{"href":"https:\/\/armenocaffe.it\/de\/wp-json\/wp\/v2\/types\/product"}],"version-history":[{"count":1,"href":"https:\/\/armenocaffe.it\/de\/wp-json\/wp\/v2\/product\/32598\/revisions"}],"predecessor-version":[{"id":32603,"href":"https:\/\/armenocaffe.it\/de\/wp-json\/wp\/v2\/product\/32598\/revisions\/32603"}],"wp:featuredmedia":[{"embeddable":true,"href":"https:\/\/armenocaffe.it\/de\/wp-json\/wp\/v2\/media\/32602"}],"wp:attachment":[{"href":"https:\/\/armenocaffe.it\/de\/wp-json\/wp\/v2\/media?parent=32598"}],"wp:term":[{"taxonomy":"product_brand","embeddable":true,"href":"https:\/\/armenocaffe.it\/de\/wp-json\/wp\/v2\/product_brand?post=32598"},{"taxonomy":"product_cat","embeddable":true,"href":"https:\/\/armenocaffe.it\/de\/wp-json\/wp\/v2\/product_cat?post=32598"},{"taxonomy":"product_tag","embeddable":true,"href":"https:\/\/armenocaffe.it\/de\/wp-json\/wp\/v2\/product_tag?post=32598"}],"curies":[{"name":"wp","href":"https:\/\/api.w.org\/{rel}","templated":true}]}}