{"id":32852,"date":"2025-07-21T10:38:57","date_gmt":"2025-07-21T10:38:57","guid":{"rendered":"https:\/\/armenocaffe.it\/?post_type=product&#038;p=32852"},"modified":"2025-07-22T06:13:24","modified_gmt":"2025-07-22T06:13:24","slug":"torrcaffe-lavazza-a-modo-mio-kompatible-kapseln-copia","status":"publish","type":"product","link":"https:\/\/armenocaffe.it\/de\/shop\/capsule-compatibili-de\/lavazza-a-modo-mio-de\/torrcaffe-lavazza-a-modo-mio-kompatible-kapseln-copia\/","title":{"rendered":"Torrcaff\u00e8 &#8211; Lavazza A modo mio kompatible Bio-Kaffeekapseln"},"content":{"rendered":"\t\t<div data-elementor-type=\"wp-post\" data-elementor-id=\"32852\" class=\"elementor elementor-32852 elementor-32851\" data-elementor-post-type=\"product\">\n\t\t\t\t\t\t<section class=\"elementor-section elementor-top-section elementor-element elementor-element-01a54ad elementor-section-full_width elementor-section-gap-beside-no elementor-section-height-default elementor-section-height-default elementor-section-column-vertical-align-stretch\" data-id=\"01a54ad\" data-element_type=\"section\">\n\t\t\t\t\t\t<div class=\"elementor-container elementor-column-gap-extended\">\n\t\t\t\t\t<div class=\"elementor-column elementor-col-100 elementor-top-column elementor-element elementor-element-2e7e1d2\" data-id=\"2e7e1d2\" data-element_type=\"column\">\n\t\t\t<div class=\"elementor-widget-wrap elementor-element-populated\">\n\t\t\t\t\t\t<div class=\"elementor-element elementor-element-288ef37 elementor-widget elementor-widget-text-editor\" data-id=\"288ef37\" data-element_type=\"widget\" data-widget_type=\"text-editor.default\">\n\t\t\t\t<div class=\"elementor-widget-container\">\n\t\t\t\t\t\t\t\t\tINHALTSSTOFFE <br>\nIn Italien hergestellter R\u00f6stkaffee.<br>\n\nAUFBEWAHRUNG<br>\nK\u00fchl, trocken und vor W\u00e4rme gesch\u00fctzt lagern.\n\t\t\t\t\t\t\t\t<\/div>\n\t\t\t\t<\/div>\n\t\t\t\t\t<\/div>\n\t\t<\/div>\n\t\t\t\t\t<\/div>\n\t\t<\/section>\n\t\t\t\t<\/div>\n\t\t","protected":false},"excerpt":{"rendered":"<p>Hier sind die neuen Lavazza A Modo Mio kompatiblen Bio-Kaffeekapseln.<\/p>\n<p>Eine Mischung aus Bio-Kaffeesorten von Arabica- und Robusta-Qualit\u00e4t macht diesen Torrcaff\u00e8-Kaffee einzigartig und nachhaltig.<\/p>\n<p>Unser Kaffee ist bio-zertifiziert und wird gem\u00e4\u00df der zertifizierten Lieferkette hergestellt, um die biologische Herkunft des Kaffees zu garantieren. Er wird immer im Holzofen ger\u00f6stet!<\/p>\n<p>All dies ist dank der Erfahrung unserer R\u00f6stmeister m\u00f6glich, die es dank der Holzr\u00f6stung schaffen, dem Kaffee ein unverwechselbares Aroma, einen unverwechselbaren Geschmack und einen unvergleichlichen K\u00f6rper zu verleihen.<\/p>\n<p>Packung mit 100 Kapseln kompatibel Lavazza A Modo Mi Organic.<\/p>\n<p>\u00dcbersetzt mit DeepL.com (kostenlose Version)<\/p>\n","protected":false},"featured_media":25495,"template":"","meta":{"om_disable_all_campaigns":false,"_monsterinsights_skip_tracking":false,"_monsterinsights_sitenote_active":false,"_monsterinsights_sitenote_note":"","_monsterinsights_sitenote_category":0},"product_brand":[208],"product_cat":[176,236],"product_tag":[],"class_list":{"0":"post-32852","1":"product","2":"type-product","3":"status-publish","4":"has-post-thumbnail","6":"product_brand-torrcaffe-de","7":"product_cat-capsule-compatibili-de","8":"product_cat-lavazza-a-modo-mio-de","10":"first","11":"instock","12":"featured","13":"taxable","14":"shipping-taxable","15":"purchasable","16":"product-type-simple"},"aioseo_notices":[],"_links":{"self":[{"href":"https:\/\/armenocaffe.it\/de\/wp-json\/wp\/v2\/product\/32852","targetHints":{"allow":["GET"]}}],"collection":[{"href":"https:\/\/armenocaffe.it\/de\/wp-json\/wp\/v2\/product"}],"about":[{"href":"https:\/\/armenocaffe.it\/de\/wp-json\/wp\/v2\/types\/product"}],"version-history":[{"count":4,"href":"https:\/\/armenocaffe.it\/de\/wp-json\/wp\/v2\/product\/32852\/revisions"}],"predecessor-version":[{"id":32868,"href":"https:\/\/armenocaffe.it\/de\/wp-json\/wp\/v2\/product\/32852\/revisions\/32868"}],"wp:featuredmedia":[{"embeddable":true,"href":"https:\/\/armenocaffe.it\/de\/wp-json\/wp\/v2\/media\/25495"}],"wp:attachment":[{"href":"https:\/\/armenocaffe.it\/de\/wp-json\/wp\/v2\/media?parent=32852"}],"wp:term":[{"taxonomy":"product_brand","embeddable":true,"href":"https:\/\/armenocaffe.it\/de\/wp-json\/wp\/v2\/product_brand?post=32852"},{"taxonomy":"product_cat","embeddable":true,"href":"https:\/\/armenocaffe.it\/de\/wp-json\/wp\/v2\/product_cat?post=32852"},{"taxonomy":"product_tag","embeddable":true,"href":"https:\/\/armenocaffe.it\/de\/wp-json\/wp\/v2\/product_tag?post=32852"}],"curies":[{"name":"wp","href":"https:\/\/api.w.org\/{rel}","templated":true}]}}