{"id":33900,"date":"2026-01-29T13:06:51","date_gmt":"2026-01-29T13:06:51","guid":{"rendered":"https:\/\/armenocaffe.it\/?post_type=product&#038;p=33900"},"modified":"2026-01-29T14:24:32","modified_gmt":"2026-01-29T14:24:32","slug":"kaffeebohnen-und-gemahlener-kaffee-kipling-copia","status":"publish","type":"product","link":"https:\/\/armenocaffe.it\/de\/shop\/grani-e-macinato-de\/kaffeebohnen-und-gemahlener-kaffee-kipling-copia\/","title":{"rendered":"Kaffeebohnen 100 % Arabica, holzger\u00f6stet"},"content":{"rendered":"\t\t<div data-elementor-type=\"wp-post\" data-elementor-id=\"33900\" class=\"elementor elementor-33900 elementor-33897\" data-elementor-post-type=\"product\">\n\t\t\t\t\t\t<section class=\"elementor-section elementor-top-section elementor-element elementor-element-01a54ad elementor-section-full_width elementor-section-gap-beside-no elementor-section-height-default elementor-section-height-default elementor-section-column-vertical-align-stretch\" data-id=\"01a54ad\" data-element_type=\"section\">\n\t\t\t\t\t\t<div class=\"elementor-container elementor-column-gap-extended\">\n\t\t\t\t\t<div class=\"elementor-column elementor-col-100 elementor-top-column elementor-element elementor-element-2e7e1d2\" data-id=\"2e7e1d2\" data-element_type=\"column\">\n\t\t\t<div class=\"elementor-widget-wrap elementor-element-populated\">\n\t\t\t\t\t\t<div class=\"elementor-element elementor-element-288ef37 elementor-widget elementor-widget-text-editor\" data-id=\"288ef37\" data-element_type=\"widget\" data-widget_type=\"text-editor.default\">\n\t\t\t\t<div class=\"elementor-widget-container\">\n\t\t\t\t\t\t\t\t\tIn Italien hergestellter R\u00f6stkaffee. <br>K\u00fchl, trocken und vor W\u00e4rme gesch\u00fctzt lagern.\t\t\t\t\t\t\t\t<\/div>\n\t\t\t\t<\/div>\n\t\t\t\t\t<\/div>\n\t\t<\/div>\n\t\t\t\t\t<\/div>\n\t\t<\/section>\n\t\t\t\t<\/div>\n\t\t","protected":false},"excerpt":{"rendered":"<p data-start=\"200\" data-end=\"505\">Entdecken Sie die Exzellenz des zu 100 % aus Arabica-Bohnen bestehenden, \u00fcber Holz ger\u00f6steten Kaffees, der aus einer sorgf\u00e4ltigen Auswahl der besten Bohnen aus hochgelegenen Plantagen gewonnen wird. Die handwerkliche R\u00f6stung \u00fcber Holz von Torrcaff\u00e8 unterstreicht das Aromaprofil des Kaffees und verleiht ihm einen ausgewogenen, intensiven und nat\u00fcrlich vollmundigen Geschmack. <\/p>\n<p data-start=\"507\" data-end=\"853\">Jede Bohne wird sorgf\u00e4ltig verarbeitet, um ihre organoleptischen Eigenschaften zu bewahren: Das Ergebnis ist ein Kaffee mit samtigem K\u00f6rper, raffinierten aromatischen Noten, geringer S\u00e4ure und einem anhaltenden, harmonischen Nachgeschmack. Ideal f\u00fcr alle, die ein authentisches Geschmackserlebnis suchen, sowohl als Espresso als auch mit alternativen Br\u00fchmethoden. <\/p>\n<h6 data-start=\"999\" data-end=\"1034\">Eigenschaften von 100 % Arabica-Kaffee<\/h6>\n<p data-start=\"1036\" data-end=\"1141\">Arabica-Kaffee ist aufgrund seiner besonderen Eigenschaften die weltweit hochwertigste und beliebteste Kaffeesorte:<\/p>\n<ul data-start=\"1143\" data-end=\"1562\">\n<li data-start=\"1143\" data-end=\"1238\">\n<p data-start=\"1145\" data-end=\"1238\">Komplexeres und duftenderes Aroma mit blumigen, fruchtigen und manchmal schokoladigen Noten.<\/p>\n<\/li>\n<li data-start=\"1239\" data-end=\"1298\">\n<p data-start=\"1241\" data-end=\"1298\">S\u00fc\u00dfer und runder Geschmack als andere Sorten<\/p>\n<\/li>\n<li data-start=\"1299\" data-end=\"1365\">\n<p data-start=\"1301\" data-end=\"1365\">Geringerer Koffeingehalt, schonender f\u00fcr den K\u00f6rper<\/p>\n<\/li>\n<li data-start=\"1366\" data-end=\"1478\">\n<p data-start=\"1368\" data-end=\"1478\">H\u00f6here Konzentration an nat\u00fcrlichen \u00d6len, die zu einer feineren Creme und einem reichhaltigeren Geschmack beitragen.<\/p>\n<\/li>\n<li data-start=\"1479\" data-end=\"1562\">\n<p data-start=\"1481\" data-end=\"1562\">Guter Gehalt an Antioxidantien, die gegen oxidativen Stress wirken<\/p>\n<\/li>\n<\/ul>\n<p data-start=\"1564\" data-end=\"1701\">Dank dieser Eigenschaften ist 100 % Arabica-Kaffee die ideale Wahl f\u00fcr alle, die Qualit\u00e4t, Eleganz und authentischen Genuss in jeder Tasse suchen.<\/p>\n","protected":false},"featured_media":33908,"template":"","meta":{"om_disable_all_campaigns":false,"_monsterinsights_skip_tracking":false,"_monsterinsights_sitenote_active":false,"_monsterinsights_sitenote_note":"","_monsterinsights_sitenote_category":0},"product_brand":[208],"product_cat":[175,279],"product_tag":[],"class_list":{"0":"post-33900","1":"product","2":"type-product","3":"status-publish","4":"has-post-thumbnail","6":"product_brand-torrcaffe-de","7":"product_cat-grani-e-macinato-de","8":"product_cat-specialty","10":"first","11":"instock","12":"featured","13":"taxable","14":"shipping-taxable","15":"purchasable","16":"product-type-simple"},"aioseo_notices":[],"_links":{"self":[{"href":"https:\/\/armenocaffe.it\/de\/wp-json\/wp\/v2\/product\/33900","targetHints":{"allow":["GET"]}}],"collection":[{"href":"https:\/\/armenocaffe.it\/de\/wp-json\/wp\/v2\/product"}],"about":[{"href":"https:\/\/armenocaffe.it\/de\/wp-json\/wp\/v2\/types\/product"}],"version-history":[{"count":3,"href":"https:\/\/armenocaffe.it\/de\/wp-json\/wp\/v2\/product\/33900\/revisions"}],"predecessor-version":[{"id":33917,"href":"https:\/\/armenocaffe.it\/de\/wp-json\/wp\/v2\/product\/33900\/revisions\/33917"}],"wp:featuredmedia":[{"embeddable":true,"href":"https:\/\/armenocaffe.it\/de\/wp-json\/wp\/v2\/media\/33908"}],"wp:attachment":[{"href":"https:\/\/armenocaffe.it\/de\/wp-json\/wp\/v2\/media?parent=33900"}],"wp:term":[{"taxonomy":"product_brand","embeddable":true,"href":"https:\/\/armenocaffe.it\/de\/wp-json\/wp\/v2\/product_brand?post=33900"},{"taxonomy":"product_cat","embeddable":true,"href":"https:\/\/armenocaffe.it\/de\/wp-json\/wp\/v2\/product_cat?post=33900"},{"taxonomy":"product_tag","embeddable":true,"href":"https:\/\/armenocaffe.it\/de\/wp-json\/wp\/v2\/product_tag?post=33900"}],"curies":[{"name":"wp","href":"https:\/\/api.w.org\/{rel}","templated":true}]}}